{"id":18210,"date":"2024-07-11T15:56:45","date_gmt":"2024-07-11T13:56:45","guid":{"rendered":"https:\/\/www.topdesk.com\/da\/?page_id=18210"},"modified":"2025-06-23T09:04:37","modified_gmt":"2025-06-23T07:04:37","slug":"itsm-software","status":"publish","type":"page","link":"https:\/\/www.topdesk.com\/da\/itsm-software\/","title":{"rendered":"ITSM software 2024"},"content":{"rendered":"","protected":false},"excerpt":{"rendered":"","protected":false},"author":1,"featured_media":14242,"parent":0,"menu_order":0,"comment_status":"closed","ping_status":"closed","template":"top-flex-full-width.php","meta":{"_acf_changed":false,"_searchwp_excluded":"","inline_featured_image":false,"editor_notices":[],"footnotes":""},"class_list":["post-18210","page","type-page","status-publish","has-post-thumbnail","hentry"],"acf":[],"yoast_head":"<!-- This site is optimized with the Yoast SEO Premium plugin v27.0 (Yoast SEO v27.0) - https:\/\/yoast.com\/product\/yoast-seo-premium-wordpress\/ -->\n<title>TOPdesk ITSM software<\/title>\n<meta name=\"description\" content=\"G\u00e5 fra bunker af foresp\u00f8rgsler og kedelige manuelle opgaver til ubesv\u00e6rede it-services med TOPdesks ITSM software. Det indeholder features som Incident Management, Asset Management og Problem Management.\" \/>\n<meta name=\"robots\" content=\"index, follow, max-snippet:-1, max-image-preview:large, max-video-preview:-1\" \/>\n<link rel=\"canonical\" href=\"https:\/\/www.topdesk.com\/da\/itsm-software\/\" \/>\n<meta property=\"og:locale\" content=\"en_US\" \/>\n<meta property=\"og:type\" content=\"article\" \/>\n<meta property=\"og:title\" content=\"TOPdesk ITSM software\" \/>\n<meta property=\"og:description\" content=\"G\u00e5 fra bunker af foresp\u00f8rgsler og kedelige manuelle opgaver til ubesv\u00e6rede it-services med TOPdesks ITSM software. Det indeholder features som Incident Management, Asset Management og Problem Management.\" \/>\n<meta property=\"og:url\" content=\"https:\/\/www.topdesk.com\/da\/itsm-software\/\" \/>\n<meta property=\"og:site_name\" content=\"T2 TOPdesk - DA\" \/>\n<meta property=\"article:publisher\" content=\"https:\/\/www.facebook.com\/TOPdesk\/\" \/>\n<meta property=\"article:modified_time\" content=\"2025-06-23T07:04:37+00:00\" \/>\n<meta property=\"og:image\" content=\"https:\/\/www.topdesk.com\/da\/wp-content\/media\/sites\/43\/featured-image-itsm.png\" \/>\n\t<meta property=\"og:image:width\" content=\"1200\" \/>\n\t<meta property=\"og:image:height\" content=\"630\" \/>\n\t<meta property=\"og:image:type\" content=\"image\/png\" \/>\n<meta name=\"twitter:card\" content=\"summary_large_image\" \/>\n<meta name=\"twitter:title\" content=\"TOPdesk ITSM software\" \/>\n<meta name=\"twitter:description\" content=\"G\u00e5 fra bunker af foresp\u00f8rgsler og kedelige manuelle opgaver til ubesv\u00e6rede it-services med TOPdesks ITSM software. Det indeholder features som Incident Management, Asset Management og Problem Management.\" \/>\n<meta name=\"twitter:site\" content=\"@topdesk\" \/>\n<meta name=\"twitter:label1\" content=\"Est. reading time\" \/>\n\t<meta name=\"twitter:data1\" content=\"5 minutes\" \/>\n<script type=\"application\/ld+json\" class=\"yoast-schema-graph\">{\"@context\":\"https:\/\/schema.org\",\"@graph\":[{\"@type\":\"WebPage\",\"@id\":\"https:\/\/www.topdesk.com\/da\/itsm-software\/\",\"url\":\"https:\/\/www.topdesk.com\/da\/itsm-software\/\",\"name\":\"TOPdesk ITSM software\",\"isPartOf\":{\"@id\":\"https:\/\/www.topdesk.com\/da\/#website\"},\"primaryImageOfPage\":{\"@id\":\"https:\/\/www.topdesk.com\/da\/itsm-software\/#primaryimage\"},\"image\":{\"@id\":\"https:\/\/www.topdesk.com\/da\/itsm-software\/#primaryimage\"},\"thumbnailUrl\":\"https:\/\/www.topdesk.com\/da\/wp-content\/media\/sites\/43\/featured-image-itsm.png\",\"datePublished\":\"2024-07-11T13:56:45+00:00\",\"dateModified\":\"2025-06-23T07:04:37+00:00\",\"description\":\"G\u00e5 fra bunker af foresp\u00f8rgsler og kedelige manuelle opgaver til ubesv\u00e6rede it-services med TOPdesks ITSM software. Det indeholder features som Incident Management, Asset Management og Problem Management.\",\"breadcrumb\":{\"@id\":\"https:\/\/www.topdesk.com\/da\/itsm-software\/#breadcrumb\"},\"inLanguage\":\"en-US\",\"potentialAction\":[{\"@type\":\"ReadAction\",\"target\":[\"https:\/\/www.topdesk.com\/da\/itsm-software\/\"]}]},{\"@type\":\"ImageObject\",\"inLanguage\":\"en-US\",\"@id\":\"https:\/\/www.topdesk.com\/da\/itsm-software\/#primaryimage\",\"url\":\"https:\/\/www.topdesk.com\/da\/wp-content\/media\/sites\/43\/featured-image-itsm.png\",\"contentUrl\":\"https:\/\/www.topdesk.com\/da\/wp-content\/media\/sites\/43\/featured-image-itsm.png\",\"width\":1200,\"height\":630},{\"@type\":\"BreadcrumbList\",\"@id\":\"https:\/\/www.topdesk.com\/da\/itsm-software\/#breadcrumb\",\"itemListElement\":[{\"@type\":\"ListItem\",\"position\":1,\"name\":\"Home\",\"item\":\"https:\/\/www.topdesk.com\/da\/\"},{\"@type\":\"ListItem\",\"position\":2,\"name\":\"ITSM software 2024\"}]},{\"@type\":\"WebSite\",\"@id\":\"https:\/\/www.topdesk.com\/da\/#website\",\"url\":\"https:\/\/www.topdesk.com\/da\/\",\"name\":\"TOPdesk\",\"description\":\"Brugervenlig service management og ticketing software. TOPdesk hj\u00e6lper 4000+ virksomheder verden over med at supportere deres kunder. SaaS eller On-premise.\",\"publisher\":{\"@id\":\"https:\/\/www.topdesk.com\/da\/#organization\"},\"potentialAction\":[{\"@type\":\"SearchAction\",\"target\":{\"@type\":\"EntryPoint\",\"urlTemplate\":\"https:\/\/www.topdesk.com\/da\/?s={search_term_string}\"},\"query-input\":{\"@type\":\"PropertyValueSpecification\",\"valueRequired\":true,\"valueName\":\"search_term_string\"}}],\"inLanguage\":\"en-US\"},{\"@type\":\"Organization\",\"@id\":\"https:\/\/www.topdesk.com\/da\/#organization\",\"name\":\"TOPdesk\",\"url\":\"https:\/\/www.topdesk.com\/da\/\",\"logo\":{\"@type\":\"ImageObject\",\"inLanguage\":\"en-US\",\"@id\":\"https:\/\/www.topdesk.com\/da\/#\/schema\/logo\/image\/\",\"url\":\"https:\/\/www.topdesk.com\/da\/wp-content\/media\/sites\/43\/TOPdesk_RGB_Logo.svg\",\"contentUrl\":\"https:\/\/www.topdesk.com\/da\/wp-content\/media\/sites\/43\/TOPdesk_RGB_Logo.svg\",\"width\":1,\"height\":1,\"caption\":\"TOPdesk\"},\"image\":{\"@id\":\"https:\/\/www.topdesk.com\/da\/#\/schema\/logo\/image\/\"},\"sameAs\":[\"https:\/\/www.facebook.com\/TOPdesk\/\",\"https:\/\/x.com\/topdesk\",\"https:\/\/www.instagram.com\/topdeskuk\/\",\"https:\/\/www.linkedin.com\/company\/topdesk\/\",\"https:\/\/www.youtube.com\/user\/topdesk\",\"https:\/\/en.wikipedia.org\/wiki\/TOPdesk\"]}]}<\/script>\n<!-- \/ Yoast SEO Premium plugin. -->","yoast_head_json":{"title":"TOPdesk ITSM software","description":"G\u00e5 fra bunker af foresp\u00f8rgsler og kedelige manuelle opgaver til ubesv\u00e6rede it-services med TOPdesks ITSM software. Det indeholder features som Incident Management, Asset Management og Problem Management.","robots":{"index":"index","follow":"follow","max-snippet":"max-snippet:-1","max-image-preview":"max-image-preview:large","max-video-preview":"max-video-preview:-1"},"canonical":"https:\/\/www.topdesk.com\/da\/itsm-software\/","og_locale":"en_US","og_type":"article","og_title":"TOPdesk ITSM software","og_description":"G\u00e5 fra bunker af foresp\u00f8rgsler og kedelige manuelle opgaver til ubesv\u00e6rede it-services med TOPdesks ITSM software. Det indeholder features som Incident Management, Asset Management og Problem Management.","og_url":"https:\/\/www.topdesk.com\/da\/itsm-software\/","og_site_name":"T2 TOPdesk - DA","article_publisher":"https:\/\/www.facebook.com\/TOPdesk\/","article_modified_time":"2025-06-23T07:04:37+00:00","og_image":[{"width":1200,"height":630,"url":"https:\/\/www.topdesk.com\/da\/wp-content\/media\/sites\/43\/featured-image-itsm.png","type":"image\/png"}],"twitter_card":"summary_large_image","twitter_title":"TOPdesk ITSM software","twitter_description":"G\u00e5 fra bunker af foresp\u00f8rgsler og kedelige manuelle opgaver til ubesv\u00e6rede it-services med TOPdesks ITSM software. Det indeholder features som Incident Management, Asset Management og Problem Management.","twitter_site":"@topdesk","twitter_misc":{"Est. reading time":"5 minutes"},"schema":{"@context":"https:\/\/schema.org","@graph":[{"@type":"WebPage","@id":"https:\/\/www.topdesk.com\/da\/itsm-software\/","url":"https:\/\/www.topdesk.com\/da\/itsm-software\/","name":"TOPdesk ITSM software","isPartOf":{"@id":"https:\/\/www.topdesk.com\/da\/#website"},"primaryImageOfPage":{"@id":"https:\/\/www.topdesk.com\/da\/itsm-software\/#primaryimage"},"image":{"@id":"https:\/\/www.topdesk.com\/da\/itsm-software\/#primaryimage"},"thumbnailUrl":"https:\/\/www.topdesk.com\/da\/wp-content\/media\/sites\/43\/featured-image-itsm.png","datePublished":"2024-07-11T13:56:45+00:00","dateModified":"2025-06-23T07:04:37+00:00","description":"G\u00e5 fra bunker af foresp\u00f8rgsler og kedelige manuelle opgaver til ubesv\u00e6rede it-services med TOPdesks ITSM software. Det indeholder features som Incident Management, Asset Management og Problem Management.","breadcrumb":{"@id":"https:\/\/www.topdesk.com\/da\/itsm-software\/#breadcrumb"},"inLanguage":"en-US","potentialAction":[{"@type":"ReadAction","target":["https:\/\/www.topdesk.com\/da\/itsm-software\/"]}]},{"@type":"ImageObject","inLanguage":"en-US","@id":"https:\/\/www.topdesk.com\/da\/itsm-software\/#primaryimage","url":"https:\/\/www.topdesk.com\/da\/wp-content\/media\/sites\/43\/featured-image-itsm.png","contentUrl":"https:\/\/www.topdesk.com\/da\/wp-content\/media\/sites\/43\/featured-image-itsm.png","width":1200,"height":630},{"@type":"BreadcrumbList","@id":"https:\/\/www.topdesk.com\/da\/itsm-software\/#breadcrumb","itemListElement":[{"@type":"ListItem","position":1,"name":"Home","item":"https:\/\/www.topdesk.com\/da\/"},{"@type":"ListItem","position":2,"name":"ITSM software 2024"}]},{"@type":"WebSite","@id":"https:\/\/www.topdesk.com\/da\/#website","url":"https:\/\/www.topdesk.com\/da\/","name":"TOPdesk","description":"Brugervenlig service management og ticketing software. TOPdesk hj\u00e6lper 4000+ virksomheder verden over med at supportere deres kunder. SaaS eller On-premise.","publisher":{"@id":"https:\/\/www.topdesk.com\/da\/#organization"},"potentialAction":[{"@type":"SearchAction","target":{"@type":"EntryPoint","urlTemplate":"https:\/\/www.topdesk.com\/da\/?s={search_term_string}"},"query-input":{"@type":"PropertyValueSpecification","valueRequired":true,"valueName":"search_term_string"}}],"inLanguage":"en-US"},{"@type":"Organization","@id":"https:\/\/www.topdesk.com\/da\/#organization","name":"TOPdesk","url":"https:\/\/www.topdesk.com\/da\/","logo":{"@type":"ImageObject","inLanguage":"en-US","@id":"https:\/\/www.topdesk.com\/da\/#\/schema\/logo\/image\/","url":"https:\/\/www.topdesk.com\/da\/wp-content\/media\/sites\/43\/TOPdesk_RGB_Logo.svg","contentUrl":"https:\/\/www.topdesk.com\/da\/wp-content\/media\/sites\/43\/TOPdesk_RGB_Logo.svg","width":1,"height":1,"caption":"TOPdesk"},"image":{"@id":"https:\/\/www.topdesk.com\/da\/#\/schema\/logo\/image\/"},"sameAs":["https:\/\/www.facebook.com\/TOPdesk\/","https:\/\/x.com\/topdesk","https:\/\/www.instagram.com\/topdeskuk\/","https:\/\/www.linkedin.com\/company\/topdesk\/","https:\/\/www.youtube.com\/user\/topdesk","https:\/\/en.wikipedia.org\/wiki\/TOPdesk"]}]}},"_links":{"self":[{"href":"https:\/\/www.topdesk.com\/da\/wp-json\/wp\/v2\/pages\/18210","targetHints":{"allow":["GET"]}}],"collection":[{"href":"https:\/\/www.topdesk.com\/da\/wp-json\/wp\/v2\/pages"}],"about":[{"href":"https:\/\/www.topdesk.com\/da\/wp-json\/wp\/v2\/types\/page"}],"author":[{"embeddable":true,"href":"https:\/\/www.topdesk.com\/da\/wp-json\/wp\/v2\/users\/1"}],"replies":[{"embeddable":true,"href":"https:\/\/www.topdesk.com\/da\/wp-json\/wp\/v2\/comments?post=18210"}],"version-history":[{"count":10,"href":"https:\/\/www.topdesk.com\/da\/wp-json\/wp\/v2\/pages\/18210\/revisions"}],"predecessor-version":[{"id":30528,"href":"https:\/\/www.topdesk.com\/da\/wp-json\/wp\/v2\/pages\/18210\/revisions\/30528"}],"wp:featuredmedia":[{"embeddable":true,"href":"https:\/\/www.topdesk.com\/da\/wp-json\/wp\/v2\/media\/14242"}],"wp:attachment":[{"href":"https:\/\/www.topdesk.com\/da\/wp-json\/wp\/v2\/media?parent=18210"}],"curies":[{"name":"wp","href":"https:\/\/api.w.org\/{rel}","templated":true}]}}