{"id":31269,"date":"2025-07-23T13:27:30","date_gmt":"2025-07-23T11:27:30","guid":{"rendered":"https:\/\/www.topdesk.com\/da\/?page_id=31269"},"modified":"2025-08-01T14:46:25","modified_gmt":"2025-08-01T12:46:25","slug":"itsm-roi-beregner","status":"publish","type":"page","link":"https:\/\/www.topdesk.com\/da\/tools\/itsm-roi-beregner\/","title":{"rendered":"ITSM ROI-Beregner"},"content":{"rendered":"","protected":false},"excerpt":{"rendered":"","protected":false},"author":379,"featured_media":29340,"parent":31263,"menu_order":0,"comment_status":"closed","ping_status":"closed","template":"roi-calculator.php","meta":{"_acf_changed":false,"_searchwp_excluded":"","inline_featured_image":false,"editor_notices":[],"footnotes":""},"class_list":["post-31269","page","type-page","status-publish","has-post-thumbnail","hentry"],"acf":[],"yoast_head":"<!-- This site is optimized with the Yoast SEO Premium plugin v27.0 (Yoast SEO v27.0) - https:\/\/yoast.com\/product\/yoast-seo-premium-wordpress\/ -->\n<title>ITSM ROI-Beregner | Se Dit Afkast P\u00e5 F\u00e5 Minutter<\/title>\n<meta name=\"description\" content=\"Sammenlign omkostninger og fordele ved ITSM-l\u00f8sninger med vores gratis ITSM ROI-beregner \u2013 tilpasset din branche og teamst\u00f8rrelse.\" \/>\n<meta name=\"robots\" content=\"index, follow, max-snippet:-1, max-image-preview:large, max-video-preview:-1\" \/>\n<link rel=\"canonical\" href=\"https:\/\/www.topdesk.com\/da\/tools\/itsm-roi-beregner\/\" \/>\n<meta property=\"og:locale\" content=\"en_US\" \/>\n<meta property=\"og:type\" content=\"article\" \/>\n<meta property=\"og:title\" content=\"ITSM ROI-Beregner | Se Dit Afkast P\u00e5 F\u00e5 Minutter\" \/>\n<meta property=\"og:description\" content=\"Sammenlign omkostninger og fordele ved ITSM-l\u00f8sninger med vores gratis ITSM ROI-beregner \u2013 tilpasset din branche og teamst\u00f8rrelse.\" \/>\n<meta property=\"og:url\" content=\"https:\/\/www.topdesk.com\/da\/tools\/itsm-roi-beregner\/\" \/>\n<meta property=\"og:site_name\" content=\"T2 TOPdesk - DA\" \/>\n<meta property=\"article:publisher\" content=\"https:\/\/www.facebook.com\/TOPdesk\/\" \/>\n<meta property=\"article:modified_time\" content=\"2025-08-01T12:46:25+00:00\" \/>\n<meta property=\"og:image\" content=\"https:\/\/www.topdesk.com\/da\/wp-content\/media\/sites\/43\/featured-image-default-topdesk-logo.png\" \/>\n\t<meta property=\"og:image:width\" content=\"1200\" \/>\n\t<meta property=\"og:image:height\" content=\"628\" \/>\n\t<meta property=\"og:image:type\" content=\"image\/png\" \/>\n<meta name=\"twitter:card\" content=\"summary_large_image\" \/>\n<meta name=\"twitter:title\" content=\"ITSM ROI-Beregner | Bedre support, glade kunder | TOPdesk\" \/>\n<meta name=\"twitter:site\" content=\"@topdesk\" \/>\n<meta name=\"twitter:label1\" content=\"Est. reading time\" \/>\n\t<meta name=\"twitter:data1\" content=\"3 minutes\" \/>\n<script type=\"application\/ld+json\" class=\"yoast-schema-graph\">{\"@context\":\"https:\/\/schema.org\",\"@graph\":[{\"@type\":\"WebPage\",\"@id\":\"https:\/\/www.topdesk.com\/da\/tools\/itsm-roi-beregner\/\",\"url\":\"https:\/\/www.topdesk.com\/da\/tools\/itsm-roi-beregner\/\",\"name\":\"ITSM ROI-Beregner | Se Dit Afkast P\u00e5 F\u00e5 Minutter\",\"isPartOf\":{\"@id\":\"https:\/\/www.topdesk.com\/da\/#website\"},\"primaryImageOfPage\":{\"@id\":\"https:\/\/www.topdesk.com\/da\/tools\/itsm-roi-beregner\/#primaryimage\"},\"image\":{\"@id\":\"https:\/\/www.topdesk.com\/da\/tools\/itsm-roi-beregner\/#primaryimage\"},\"thumbnailUrl\":\"https:\/\/www.topdesk.com\/da\/wp-content\/media\/sites\/43\/featured-image-default-topdesk-logo.png\",\"datePublished\":\"2025-07-23T11:27:30+00:00\",\"dateModified\":\"2025-08-01T12:46:25+00:00\",\"description\":\"Sammenlign omkostninger og fordele ved ITSM-l\u00f8sninger med vores gratis ITSM ROI-beregner \u2013 tilpasset din branche og teamst\u00f8rrelse.\",\"breadcrumb\":{\"@id\":\"https:\/\/www.topdesk.com\/da\/tools\/itsm-roi-beregner\/#breadcrumb\"},\"inLanguage\":\"en-US\",\"potentialAction\":[{\"@type\":\"ReadAction\",\"target\":[\"https:\/\/www.topdesk.com\/da\/tools\/itsm-roi-beregner\/\"]}]},{\"@type\":\"ImageObject\",\"inLanguage\":\"en-US\",\"@id\":\"https:\/\/www.topdesk.com\/da\/tools\/itsm-roi-beregner\/#primaryimage\",\"url\":\"https:\/\/www.topdesk.com\/da\/wp-content\/media\/sites\/43\/featured-image-default-topdesk-logo.png\",\"contentUrl\":\"https:\/\/www.topdesk.com\/da\/wp-content\/media\/sites\/43\/featured-image-default-topdesk-logo.png\",\"width\":1200,\"height\":628},{\"@type\":\"BreadcrumbList\",\"@id\":\"https:\/\/www.topdesk.com\/da\/tools\/itsm-roi-beregner\/#breadcrumb\",\"itemListElement\":[{\"@type\":\"ListItem\",\"position\":1,\"name\":\"Home\",\"item\":\"https:\/\/www.topdesk.com\/da\/\"},{\"@type\":\"ListItem\",\"position\":2,\"name\":\"Tools\",\"item\":\"https:\/\/www.topdesk.com\/da\/tools\/\"},{\"@type\":\"ListItem\",\"position\":3,\"name\":\"ITSM ROI-Beregner\"}]},{\"@type\":\"WebSite\",\"@id\":\"https:\/\/www.topdesk.com\/da\/#website\",\"url\":\"https:\/\/www.topdesk.com\/da\/\",\"name\":\"TOPdesk\",\"description\":\"Brugervenlig service management og ticketing software. TOPdesk hj\u00e6lper 4000+ virksomheder verden over med at supportere deres kunder. SaaS eller On-premise.\",\"publisher\":{\"@id\":\"https:\/\/www.topdesk.com\/da\/#organization\"},\"potentialAction\":[{\"@type\":\"SearchAction\",\"target\":{\"@type\":\"EntryPoint\",\"urlTemplate\":\"https:\/\/www.topdesk.com\/da\/?s={search_term_string}\"},\"query-input\":{\"@type\":\"PropertyValueSpecification\",\"valueRequired\":true,\"valueName\":\"search_term_string\"}}],\"inLanguage\":\"en-US\"},{\"@type\":\"Organization\",\"@id\":\"https:\/\/www.topdesk.com\/da\/#organization\",\"name\":\"TOPdesk\",\"url\":\"https:\/\/www.topdesk.com\/da\/\",\"logo\":{\"@type\":\"ImageObject\",\"inLanguage\":\"en-US\",\"@id\":\"https:\/\/www.topdesk.com\/da\/#\/schema\/logo\/image\/\",\"url\":\"https:\/\/www.topdesk.com\/da\/wp-content\/media\/sites\/43\/TOPdesk_RGB_Logo.svg\",\"contentUrl\":\"https:\/\/www.topdesk.com\/da\/wp-content\/media\/sites\/43\/TOPdesk_RGB_Logo.svg\",\"width\":1,\"height\":1,\"caption\":\"TOPdesk\"},\"image\":{\"@id\":\"https:\/\/www.topdesk.com\/da\/#\/schema\/logo\/image\/\"},\"sameAs\":[\"https:\/\/www.facebook.com\/TOPdesk\/\",\"https:\/\/x.com\/topdesk\",\"https:\/\/www.instagram.com\/topdeskuk\/\",\"https:\/\/www.linkedin.com\/company\/topdesk\/\",\"https:\/\/www.youtube.com\/user\/topdesk\",\"https:\/\/en.wikipedia.org\/wiki\/TOPdesk\"]}]}<\/script>\n<!-- \/ Yoast SEO Premium plugin. -->","yoast_head_json":{"title":"ITSM ROI-Beregner | Se Dit Afkast P\u00e5 F\u00e5 Minutter","description":"Sammenlign omkostninger og fordele ved ITSM-l\u00f8sninger med vores gratis ITSM ROI-beregner \u2013 tilpasset din branche og teamst\u00f8rrelse.","robots":{"index":"index","follow":"follow","max-snippet":"max-snippet:-1","max-image-preview":"max-image-preview:large","max-video-preview":"max-video-preview:-1"},"canonical":"https:\/\/www.topdesk.com\/da\/tools\/itsm-roi-beregner\/","og_locale":"en_US","og_type":"article","og_title":"ITSM ROI-Beregner | Se Dit Afkast P\u00e5 F\u00e5 Minutter","og_description":"Sammenlign omkostninger og fordele ved ITSM-l\u00f8sninger med vores gratis ITSM ROI-beregner \u2013 tilpasset din branche og teamst\u00f8rrelse.","og_url":"https:\/\/www.topdesk.com\/da\/tools\/itsm-roi-beregner\/","og_site_name":"T2 TOPdesk - DA","article_publisher":"https:\/\/www.facebook.com\/TOPdesk\/","article_modified_time":"2025-08-01T12:46:25+00:00","og_image":[{"width":1200,"height":628,"url":"https:\/\/www.topdesk.com\/da\/wp-content\/media\/sites\/43\/featured-image-default-topdesk-logo.png","type":"image\/png"}],"twitter_card":"summary_large_image","twitter_title":"ITSM ROI-Beregner | Bedre support, glade kunder | TOPdesk","twitter_site":"@topdesk","twitter_misc":{"Est. reading time":"3 minutes"},"schema":{"@context":"https:\/\/schema.org","@graph":[{"@type":"WebPage","@id":"https:\/\/www.topdesk.com\/da\/tools\/itsm-roi-beregner\/","url":"https:\/\/www.topdesk.com\/da\/tools\/itsm-roi-beregner\/","name":"ITSM ROI-Beregner | Se Dit Afkast P\u00e5 F\u00e5 Minutter","isPartOf":{"@id":"https:\/\/www.topdesk.com\/da\/#website"},"primaryImageOfPage":{"@id":"https:\/\/www.topdesk.com\/da\/tools\/itsm-roi-beregner\/#primaryimage"},"image":{"@id":"https:\/\/www.topdesk.com\/da\/tools\/itsm-roi-beregner\/#primaryimage"},"thumbnailUrl":"https:\/\/www.topdesk.com\/da\/wp-content\/media\/sites\/43\/featured-image-default-topdesk-logo.png","datePublished":"2025-07-23T11:27:30+00:00","dateModified":"2025-08-01T12:46:25+00:00","description":"Sammenlign omkostninger og fordele ved ITSM-l\u00f8sninger med vores gratis ITSM ROI-beregner \u2013 tilpasset din branche og teamst\u00f8rrelse.","breadcrumb":{"@id":"https:\/\/www.topdesk.com\/da\/tools\/itsm-roi-beregner\/#breadcrumb"},"inLanguage":"en-US","potentialAction":[{"@type":"ReadAction","target":["https:\/\/www.topdesk.com\/da\/tools\/itsm-roi-beregner\/"]}]},{"@type":"ImageObject","inLanguage":"en-US","@id":"https:\/\/www.topdesk.com\/da\/tools\/itsm-roi-beregner\/#primaryimage","url":"https:\/\/www.topdesk.com\/da\/wp-content\/media\/sites\/43\/featured-image-default-topdesk-logo.png","contentUrl":"https:\/\/www.topdesk.com\/da\/wp-content\/media\/sites\/43\/featured-image-default-topdesk-logo.png","width":1200,"height":628},{"@type":"BreadcrumbList","@id":"https:\/\/www.topdesk.com\/da\/tools\/itsm-roi-beregner\/#breadcrumb","itemListElement":[{"@type":"ListItem","position":1,"name":"Home","item":"https:\/\/www.topdesk.com\/da\/"},{"@type":"ListItem","position":2,"name":"Tools","item":"https:\/\/www.topdesk.com\/da\/tools\/"},{"@type":"ListItem","position":3,"name":"ITSM ROI-Beregner"}]},{"@type":"WebSite","@id":"https:\/\/www.topdesk.com\/da\/#website","url":"https:\/\/www.topdesk.com\/da\/","name":"TOPdesk","description":"Brugervenlig service management og ticketing software. TOPdesk hj\u00e6lper 4000+ virksomheder verden over med at supportere deres kunder. SaaS eller On-premise.","publisher":{"@id":"https:\/\/www.topdesk.com\/da\/#organization"},"potentialAction":[{"@type":"SearchAction","target":{"@type":"EntryPoint","urlTemplate":"https:\/\/www.topdesk.com\/da\/?s={search_term_string}"},"query-input":{"@type":"PropertyValueSpecification","valueRequired":true,"valueName":"search_term_string"}}],"inLanguage":"en-US"},{"@type":"Organization","@id":"https:\/\/www.topdesk.com\/da\/#organization","name":"TOPdesk","url":"https:\/\/www.topdesk.com\/da\/","logo":{"@type":"ImageObject","inLanguage":"en-US","@id":"https:\/\/www.topdesk.com\/da\/#\/schema\/logo\/image\/","url":"https:\/\/www.topdesk.com\/da\/wp-content\/media\/sites\/43\/TOPdesk_RGB_Logo.svg","contentUrl":"https:\/\/www.topdesk.com\/da\/wp-content\/media\/sites\/43\/TOPdesk_RGB_Logo.svg","width":1,"height":1,"caption":"TOPdesk"},"image":{"@id":"https:\/\/www.topdesk.com\/da\/#\/schema\/logo\/image\/"},"sameAs":["https:\/\/www.facebook.com\/TOPdesk\/","https:\/\/x.com\/topdesk","https:\/\/www.instagram.com\/topdeskuk\/","https:\/\/www.linkedin.com\/company\/topdesk\/","https:\/\/www.youtube.com\/user\/topdesk","https:\/\/en.wikipedia.org\/wiki\/TOPdesk"]}]}},"_links":{"self":[{"href":"https:\/\/www.topdesk.com\/da\/wp-json\/wp\/v2\/pages\/31269","targetHints":{"allow":["GET"]}}],"collection":[{"href":"https:\/\/www.topdesk.com\/da\/wp-json\/wp\/v2\/pages"}],"about":[{"href":"https:\/\/www.topdesk.com\/da\/wp-json\/wp\/v2\/types\/page"}],"author":[{"embeddable":true,"href":"https:\/\/www.topdesk.com\/da\/wp-json\/wp\/v2\/users\/379"}],"replies":[{"embeddable":true,"href":"https:\/\/www.topdesk.com\/da\/wp-json\/wp\/v2\/comments?post=31269"}],"version-history":[{"count":6,"href":"https:\/\/www.topdesk.com\/da\/wp-json\/wp\/v2\/pages\/31269\/revisions"}],"predecessor-version":[{"id":31410,"href":"https:\/\/www.topdesk.com\/da\/wp-json\/wp\/v2\/pages\/31269\/revisions\/31410"}],"up":[{"embeddable":true,"href":"https:\/\/www.topdesk.com\/da\/wp-json\/wp\/v2\/pages\/31263"}],"wp:featuredmedia":[{"embeddable":true,"href":"https:\/\/www.topdesk.com\/da\/wp-json\/wp\/v2\/media\/29340"}],"wp:attachment":[{"href":"https:\/\/www.topdesk.com\/da\/wp-json\/wp\/v2\/media?parent=31269"}],"curies":[{"name":"wp","href":"https:\/\/api.w.org\/{rel}","templated":true}]}}