{"id":31665,"date":"2025-08-29T10:33:03","date_gmt":"2025-08-29T08:33:03","guid":{"rendered":"https:\/\/www.topdesk.com\/da\/?page_id=31665"},"modified":"2026-03-13T11:09:22","modified_gmt":"2026-03-13T10:09:22","slug":"book-en-demo","status":"publish","type":"page","link":"https:\/\/www.topdesk.com\/da\/book-en-demo\/","title":{"rendered":"Book en demo"},"content":{"rendered":"","protected":false},"excerpt":{"rendered":"","protected":false},"author":1,"featured_media":31569,"parent":0,"menu_order":0,"comment_status":"closed","ping_status":"closed","template":"top-flex-full-width.php","meta":{"_acf_changed":false,"_searchwp_excluded":"","inline_featured_image":false,"editor_notices":[],"footnotes":""},"class_list":["post-31665","page","type-page","status-publish","has-post-thumbnail","hentry"],"acf":[],"yoast_head":"<!-- This site is optimized with the Yoast SEO Premium plugin v27.0 (Yoast SEO v27.0) - https:\/\/yoast.com\/product\/yoast-seo-premium-wordpress\/ -->\n<title>Book \u00e9n personlig demo - helt gratis!<\/title>\n<meta name=\"description\" content=\"Opdag, hvordan TOPdesks software kan hj\u00e6lpe din organisation. Book et m\u00f8de og f\u00e5 indblik i, hvordan vores l\u00f8sning kan matche dine behov.\" \/>\n<meta name=\"robots\" content=\"index, follow, max-snippet:-1, max-image-preview:large, max-video-preview:-1\" \/>\n<link rel=\"canonical\" href=\"https:\/\/www.topdesk.com\/da\/book-en-demo\/\" \/>\n<meta property=\"og:locale\" content=\"en_US\" \/>\n<meta property=\"og:type\" content=\"article\" \/>\n<meta property=\"og:title\" content=\"Book en demo | Bedre support, glade kunder | TOPdesk\" \/>\n<meta property=\"og:description\" content=\"Opdag, hvordan TOPdesks software kan hj\u00e6lpe din organisation. Book et m\u00f8de og f\u00e5 indblik i, hvordan vores l\u00f8sning kan matche dine behov.\" \/>\n<meta property=\"og:url\" content=\"https:\/\/www.topdesk.com\/da\/book-en-demo\/\" \/>\n<meta property=\"og:site_name\" content=\"T2 TOPdesk - DA\" \/>\n<meta property=\"article:publisher\" content=\"https:\/\/www.facebook.com\/TOPdesk\/\" \/>\n<meta property=\"article:modified_time\" content=\"2026-03-13T10:09:22+00:00\" \/>\n<meta property=\"og:image\" content=\"https:\/\/www.topdesk.com\/da\/wp-content\/media\/sites\/43\/featured-image-book-a-demo.jpg\" \/>\n\t<meta property=\"og:image:width\" content=\"1200\" \/>\n\t<meta property=\"og:image:height\" content=\"629\" \/>\n\t<meta property=\"og:image:type\" content=\"image\/jpeg\" \/>\n<meta name=\"twitter:card\" content=\"summary_large_image\" \/>\n<meta name=\"twitter:site\" content=\"@topdesk\" \/>\n<meta name=\"twitter:label1\" content=\"Est. reading time\" \/>\n\t<meta name=\"twitter:data1\" content=\"2 minutes\" \/>\n<script type=\"application\/ld+json\" class=\"yoast-schema-graph\">{\"@context\":\"https:\/\/schema.org\",\"@graph\":[{\"@type\":\"WebPage\",\"@id\":\"https:\/\/www.topdesk.com\/da\/book-en-demo\/\",\"url\":\"https:\/\/www.topdesk.com\/da\/book-en-demo\/\",\"name\":\"Book \u00e9n personlig demo - helt gratis!\",\"isPartOf\":{\"@id\":\"https:\/\/www.topdesk.com\/da\/#website\"},\"primaryImageOfPage\":{\"@id\":\"https:\/\/www.topdesk.com\/da\/book-en-demo\/#primaryimage\"},\"image\":{\"@id\":\"https:\/\/www.topdesk.com\/da\/book-en-demo\/#primaryimage\"},\"thumbnailUrl\":\"https:\/\/www.topdesk.com\/da\/wp-content\/media\/sites\/43\/featured-image-book-a-demo.jpg\",\"datePublished\":\"2025-08-29T08:33:03+00:00\",\"dateModified\":\"2026-03-13T10:09:22+00:00\",\"description\":\"Opdag, hvordan TOPdesks software kan hj\u00e6lpe din organisation. Book et m\u00f8de og f\u00e5 indblik i, hvordan vores l\u00f8sning kan matche dine behov.\",\"breadcrumb\":{\"@id\":\"https:\/\/www.topdesk.com\/da\/book-en-demo\/#breadcrumb\"},\"inLanguage\":\"en-US\",\"potentialAction\":[{\"@type\":\"ReadAction\",\"target\":[\"https:\/\/www.topdesk.com\/da\/book-en-demo\/\"]}]},{\"@type\":\"ImageObject\",\"inLanguage\":\"en-US\",\"@id\":\"https:\/\/www.topdesk.com\/da\/book-en-demo\/#primaryimage\",\"url\":\"https:\/\/www.topdesk.com\/da\/wp-content\/media\/sites\/43\/featured-image-book-a-demo.jpg\",\"contentUrl\":\"https:\/\/www.topdesk.com\/da\/wp-content\/media\/sites\/43\/featured-image-book-a-demo.jpg\",\"width\":1200,\"height\":629},{\"@type\":\"BreadcrumbList\",\"@id\":\"https:\/\/www.topdesk.com\/da\/book-en-demo\/#breadcrumb\",\"itemListElement\":[{\"@type\":\"ListItem\",\"position\":1,\"name\":\"Home\",\"item\":\"https:\/\/www.topdesk.com\/da\/\"},{\"@type\":\"ListItem\",\"position\":2,\"name\":\"Book en demo\"}]},{\"@type\":\"WebSite\",\"@id\":\"https:\/\/www.topdesk.com\/da\/#website\",\"url\":\"https:\/\/www.topdesk.com\/da\/\",\"name\":\"TOPdesk\",\"description\":\"Brugervenlig service management og ticketing software. TOPdesk hj\u00e6lper 4000+ virksomheder verden over med at supportere deres kunder. SaaS eller On-premise.\",\"publisher\":{\"@id\":\"https:\/\/www.topdesk.com\/da\/#organization\"},\"potentialAction\":[{\"@type\":\"SearchAction\",\"target\":{\"@type\":\"EntryPoint\",\"urlTemplate\":\"https:\/\/www.topdesk.com\/da\/?s={search_term_string}\"},\"query-input\":{\"@type\":\"PropertyValueSpecification\",\"valueRequired\":true,\"valueName\":\"search_term_string\"}}],\"inLanguage\":\"en-US\"},{\"@type\":\"Organization\",\"@id\":\"https:\/\/www.topdesk.com\/da\/#organization\",\"name\":\"TOPdesk\",\"url\":\"https:\/\/www.topdesk.com\/da\/\",\"logo\":{\"@type\":\"ImageObject\",\"inLanguage\":\"en-US\",\"@id\":\"https:\/\/www.topdesk.com\/da\/#\/schema\/logo\/image\/\",\"url\":\"https:\/\/www.topdesk.com\/da\/wp-content\/media\/sites\/43\/TOPdesk_RGB_Logo.svg\",\"contentUrl\":\"https:\/\/www.topdesk.com\/da\/wp-content\/media\/sites\/43\/TOPdesk_RGB_Logo.svg\",\"width\":1,\"height\":1,\"caption\":\"TOPdesk\"},\"image\":{\"@id\":\"https:\/\/www.topdesk.com\/da\/#\/schema\/logo\/image\/\"},\"sameAs\":[\"https:\/\/www.facebook.com\/TOPdesk\/\",\"https:\/\/x.com\/topdesk\",\"https:\/\/www.instagram.com\/topdeskuk\/\",\"https:\/\/www.linkedin.com\/company\/topdesk\/\",\"https:\/\/www.youtube.com\/user\/topdesk\",\"https:\/\/en.wikipedia.org\/wiki\/TOPdesk\"]}]}<\/script>\n<!-- \/ Yoast SEO Premium plugin. -->","yoast_head_json":{"title":"Book \u00e9n personlig demo - helt gratis!","description":"Opdag, hvordan TOPdesks software kan hj\u00e6lpe din organisation. Book et m\u00f8de og f\u00e5 indblik i, hvordan vores l\u00f8sning kan matche dine behov.","robots":{"index":"index","follow":"follow","max-snippet":"max-snippet:-1","max-image-preview":"max-image-preview:large","max-video-preview":"max-video-preview:-1"},"canonical":"https:\/\/www.topdesk.com\/da\/book-en-demo\/","og_locale":"en_US","og_type":"article","og_title":"Book en demo | Bedre support, glade kunder | TOPdesk","og_description":"Opdag, hvordan TOPdesks software kan hj\u00e6lpe din organisation. Book et m\u00f8de og f\u00e5 indblik i, hvordan vores l\u00f8sning kan matche dine behov.","og_url":"https:\/\/www.topdesk.com\/da\/book-en-demo\/","og_site_name":"T2 TOPdesk - DA","article_publisher":"https:\/\/www.facebook.com\/TOPdesk\/","article_modified_time":"2026-03-13T10:09:22+00:00","og_image":[{"width":1200,"height":629,"url":"https:\/\/www.topdesk.com\/da\/wp-content\/media\/sites\/43\/featured-image-book-a-demo.jpg","type":"image\/jpeg"}],"twitter_card":"summary_large_image","twitter_site":"@topdesk","twitter_misc":{"Est. reading time":"2 minutes"},"schema":{"@context":"https:\/\/schema.org","@graph":[{"@type":"WebPage","@id":"https:\/\/www.topdesk.com\/da\/book-en-demo\/","url":"https:\/\/www.topdesk.com\/da\/book-en-demo\/","name":"Book \u00e9n personlig demo - helt gratis!","isPartOf":{"@id":"https:\/\/www.topdesk.com\/da\/#website"},"primaryImageOfPage":{"@id":"https:\/\/www.topdesk.com\/da\/book-en-demo\/#primaryimage"},"image":{"@id":"https:\/\/www.topdesk.com\/da\/book-en-demo\/#primaryimage"},"thumbnailUrl":"https:\/\/www.topdesk.com\/da\/wp-content\/media\/sites\/43\/featured-image-book-a-demo.jpg","datePublished":"2025-08-29T08:33:03+00:00","dateModified":"2026-03-13T10:09:22+00:00","description":"Opdag, hvordan TOPdesks software kan hj\u00e6lpe din organisation. Book et m\u00f8de og f\u00e5 indblik i, hvordan vores l\u00f8sning kan matche dine behov.","breadcrumb":{"@id":"https:\/\/www.topdesk.com\/da\/book-en-demo\/#breadcrumb"},"inLanguage":"en-US","potentialAction":[{"@type":"ReadAction","target":["https:\/\/www.topdesk.com\/da\/book-en-demo\/"]}]},{"@type":"ImageObject","inLanguage":"en-US","@id":"https:\/\/www.topdesk.com\/da\/book-en-demo\/#primaryimage","url":"https:\/\/www.topdesk.com\/da\/wp-content\/media\/sites\/43\/featured-image-book-a-demo.jpg","contentUrl":"https:\/\/www.topdesk.com\/da\/wp-content\/media\/sites\/43\/featured-image-book-a-demo.jpg","width":1200,"height":629},{"@type":"BreadcrumbList","@id":"https:\/\/www.topdesk.com\/da\/book-en-demo\/#breadcrumb","itemListElement":[{"@type":"ListItem","position":1,"name":"Home","item":"https:\/\/www.topdesk.com\/da\/"},{"@type":"ListItem","position":2,"name":"Book en demo"}]},{"@type":"WebSite","@id":"https:\/\/www.topdesk.com\/da\/#website","url":"https:\/\/www.topdesk.com\/da\/","name":"TOPdesk","description":"Brugervenlig service management og ticketing software. TOPdesk hj\u00e6lper 4000+ virksomheder verden over med at supportere deres kunder. SaaS eller On-premise.","publisher":{"@id":"https:\/\/www.topdesk.com\/da\/#organization"},"potentialAction":[{"@type":"SearchAction","target":{"@type":"EntryPoint","urlTemplate":"https:\/\/www.topdesk.com\/da\/?s={search_term_string}"},"query-input":{"@type":"PropertyValueSpecification","valueRequired":true,"valueName":"search_term_string"}}],"inLanguage":"en-US"},{"@type":"Organization","@id":"https:\/\/www.topdesk.com\/da\/#organization","name":"TOPdesk","url":"https:\/\/www.topdesk.com\/da\/","logo":{"@type":"ImageObject","inLanguage":"en-US","@id":"https:\/\/www.topdesk.com\/da\/#\/schema\/logo\/image\/","url":"https:\/\/www.topdesk.com\/da\/wp-content\/media\/sites\/43\/TOPdesk_RGB_Logo.svg","contentUrl":"https:\/\/www.topdesk.com\/da\/wp-content\/media\/sites\/43\/TOPdesk_RGB_Logo.svg","width":1,"height":1,"caption":"TOPdesk"},"image":{"@id":"https:\/\/www.topdesk.com\/da\/#\/schema\/logo\/image\/"},"sameAs":["https:\/\/www.facebook.com\/TOPdesk\/","https:\/\/x.com\/topdesk","https:\/\/www.instagram.com\/topdeskuk\/","https:\/\/www.linkedin.com\/company\/topdesk\/","https:\/\/www.youtube.com\/user\/topdesk","https:\/\/en.wikipedia.org\/wiki\/TOPdesk"]}]}},"_links":{"self":[{"href":"https:\/\/www.topdesk.com\/da\/wp-json\/wp\/v2\/pages\/31665","targetHints":{"allow":["GET"]}}],"collection":[{"href":"https:\/\/www.topdesk.com\/da\/wp-json\/wp\/v2\/pages"}],"about":[{"href":"https:\/\/www.topdesk.com\/da\/wp-json\/wp\/v2\/types\/page"}],"author":[{"embeddable":true,"href":"https:\/\/www.topdesk.com\/da\/wp-json\/wp\/v2\/users\/1"}],"replies":[{"embeddable":true,"href":"https:\/\/www.topdesk.com\/da\/wp-json\/wp\/v2\/comments?post=31665"}],"version-history":[{"count":10,"href":"https:\/\/www.topdesk.com\/da\/wp-json\/wp\/v2\/pages\/31665\/revisions"}],"predecessor-version":[{"id":33329,"href":"https:\/\/www.topdesk.com\/da\/wp-json\/wp\/v2\/pages\/31665\/revisions\/33329"}],"wp:featuredmedia":[{"embeddable":true,"href":"https:\/\/www.topdesk.com\/da\/wp-json\/wp\/v2\/media\/31569"}],"wp:attachment":[{"href":"https:\/\/www.topdesk.com\/da\/wp-json\/wp\/v2\/media?parent=31665"}],"curies":[{"name":"wp","href":"https:\/\/api.w.org\/{rel}","templated":true}]}}