{"id":4400,"date":"2020-03-04T15:02:43","date_gmt":"2020-03-04T14:02:43","guid":{"rendered":"https:\/\/www.topdesk.com\/en\/?page_id=4400"},"modified":"2026-02-03T14:54:07","modified_gmt":"2026-02-03T13:54:07","slug":"konsulentbistand","status":"publish","type":"page","link":"https:\/\/www.topdesk.com\/da\/services\/konsulentbistand\/","title":{"rendered":"Konsulentbistand"},"content":{"rendered":"","protected":false},"excerpt":{"rendered":"","protected":false},"author":1,"featured_media":33251,"parent":6071,"menu_order":0,"comment_status":"closed","ping_status":"closed","template":"top-flex-full-width.php","meta":{"_acf_changed":false,"_searchwp_excluded":"","inline_featured_image":false,"editor_notices":[],"footnotes":""},"class_list":["post-4400","page","type-page","status-publish","has-post-thumbnail","hentry"],"acf":[],"yoast_head":"<!-- This site is optimized with the Yoast SEO Premium plugin v27.0 (Yoast SEO v27.0) - https:\/\/yoast.com\/product\/yoast-seo-premium-wordpress\/ -->\n<title>TOPdesks konsulentbistand - Danmarks bedste konsulenter<\/title>\n<meta name=\"description\" content=\"I TOPdesk tilbyder vi implementering, tr\u00e6ning og workshops baseret p\u00e5 best practices. Tag din support og servicelevering til det n\u00e6ste niveau!\" \/>\n<meta name=\"robots\" content=\"index, follow, max-snippet:-1, max-image-preview:large, max-video-preview:-1\" \/>\n<link rel=\"canonical\" href=\"https:\/\/www.topdesk.com\/da\/services\/konsulentbistand\/\" \/>\n<meta property=\"og:locale\" content=\"en_US\" \/>\n<meta property=\"og:type\" content=\"article\" \/>\n<meta property=\"og:title\" content=\"TOPdesks konsulentbistand - Danmarks bedste konsulenter\" \/>\n<meta property=\"og:description\" content=\"I TOPdesk tilbyder vi implementering, tr\u00e6ning og workshops baseret p\u00e5 best practices. Tag din support og servicelevering til det n\u00e6ste niveau!\" \/>\n<meta property=\"og:url\" content=\"https:\/\/www.topdesk.com\/da\/services\/konsulentbistand\/\" \/>\n<meta property=\"og:site_name\" content=\"T2 TOPdesk - DA\" \/>\n<meta property=\"article:publisher\" content=\"https:\/\/www.facebook.com\/TOPdesk\/\" \/>\n<meta property=\"article:modified_time\" content=\"2026-02-03T13:54:07+00:00\" \/>\n<meta property=\"og:image\" content=\"https:\/\/www.topdesk.com\/da\/wp-content\/media\/sites\/43\/featured-image-consultancy.png\" \/>\n\t<meta property=\"og:image:width\" content=\"1200\" \/>\n\t<meta property=\"og:image:height\" content=\"630\" \/>\n\t<meta property=\"og:image:type\" content=\"image\/png\" \/>\n<meta name=\"twitter:card\" content=\"summary_large_image\" \/>\n<meta name=\"twitter:title\" content=\"TOPdesks konsulentbistand - Danmarks bedste konsulenter\" \/>\n<meta name=\"twitter:description\" content=\"I TOPdesk tilbyder vi implementering, tr\u00e6ning og workshops baseret p\u00e5 best practices. Tag din support og servicelevering til det n\u00e6ste niveau!\" \/>\n<meta name=\"twitter:image\" content=\"https:\/\/www.topdesk.com\/da\/wp-content\/media\/sites\/43\/featured-image-consultancy.png\" \/>\n<meta name=\"twitter:site\" content=\"@topdesk\" \/>\n<meta name=\"twitter:label1\" content=\"Est. reading time\" \/>\n\t<meta name=\"twitter:data1\" content=\"3 minutes\" \/>\n<script type=\"application\/ld+json\" class=\"yoast-schema-graph\">{\"@context\":\"https:\/\/schema.org\",\"@graph\":[{\"@type\":\"WebPage\",\"@id\":\"https:\/\/www.topdesk.com\/da\/services\/konsulentbistand\/\",\"url\":\"https:\/\/www.topdesk.com\/da\/services\/konsulentbistand\/\",\"name\":\"TOPdesks konsulentbistand - Danmarks bedste konsulenter\",\"isPartOf\":{\"@id\":\"https:\/\/www.topdesk.com\/da\/#website\"},\"primaryImageOfPage\":{\"@id\":\"https:\/\/www.topdesk.com\/da\/services\/konsulentbistand\/#primaryimage\"},\"image\":{\"@id\":\"https:\/\/www.topdesk.com\/da\/services\/konsulentbistand\/#primaryimage\"},\"thumbnailUrl\":\"https:\/\/www.topdesk.com\/da\/wp-content\/media\/sites\/43\/topdesk-services-consultancy.jpg\",\"datePublished\":\"2020-03-04T14:02:43+00:00\",\"dateModified\":\"2026-02-03T13:54:07+00:00\",\"description\":\"I TOPdesk tilbyder vi implementering, tr\u00e6ning og workshops baseret p\u00e5 best practices. Tag din support og servicelevering til det n\u00e6ste niveau!\",\"breadcrumb\":{\"@id\":\"https:\/\/www.topdesk.com\/da\/services\/konsulentbistand\/#breadcrumb\"},\"inLanguage\":\"en-US\",\"potentialAction\":[{\"@type\":\"ReadAction\",\"target\":[\"https:\/\/www.topdesk.com\/da\/services\/konsulentbistand\/\"]}]},{\"@type\":\"ImageObject\",\"inLanguage\":\"en-US\",\"@id\":\"https:\/\/www.topdesk.com\/da\/services\/konsulentbistand\/#primaryimage\",\"url\":\"https:\/\/www.topdesk.com\/da\/wp-content\/media\/sites\/43\/topdesk-services-consultancy.jpg\",\"contentUrl\":\"https:\/\/www.topdesk.com\/da\/wp-content\/media\/sites\/43\/topdesk-services-consultancy.jpg\",\"width\":1080,\"height\":702},{\"@type\":\"BreadcrumbList\",\"@id\":\"https:\/\/www.topdesk.com\/da\/services\/konsulentbistand\/#breadcrumb\",\"itemListElement\":[{\"@type\":\"ListItem\",\"position\":1,\"name\":\"Home\",\"item\":\"https:\/\/www.topdesk.com\/da\/\"},{\"@type\":\"ListItem\",\"position\":2,\"name\":\"Serviceoversigt\",\"item\":\"https:\/\/www.topdesk.com\/da\/services\/\"},{\"@type\":\"ListItem\",\"position\":3,\"name\":\"Konsulentbistand\"}]},{\"@type\":\"WebSite\",\"@id\":\"https:\/\/www.topdesk.com\/da\/#website\",\"url\":\"https:\/\/www.topdesk.com\/da\/\",\"name\":\"TOPdesk\",\"description\":\"Brugervenlig service management og ticketing software. TOPdesk hj\u00e6lper 4000+ virksomheder verden over med at supportere deres kunder. SaaS eller On-premise.\",\"publisher\":{\"@id\":\"https:\/\/www.topdesk.com\/da\/#organization\"},\"potentialAction\":[{\"@type\":\"SearchAction\",\"target\":{\"@type\":\"EntryPoint\",\"urlTemplate\":\"https:\/\/www.topdesk.com\/da\/?s={search_term_string}\"},\"query-input\":{\"@type\":\"PropertyValueSpecification\",\"valueRequired\":true,\"valueName\":\"search_term_string\"}}],\"inLanguage\":\"en-US\"},{\"@type\":\"Organization\",\"@id\":\"https:\/\/www.topdesk.com\/da\/#organization\",\"name\":\"TOPdesk\",\"url\":\"https:\/\/www.topdesk.com\/da\/\",\"logo\":{\"@type\":\"ImageObject\",\"inLanguage\":\"en-US\",\"@id\":\"https:\/\/www.topdesk.com\/da\/#\/schema\/logo\/image\/\",\"url\":\"https:\/\/www.topdesk.com\/da\/wp-content\/media\/sites\/43\/TOPdesk_RGB_Logo.svg\",\"contentUrl\":\"https:\/\/www.topdesk.com\/da\/wp-content\/media\/sites\/43\/TOPdesk_RGB_Logo.svg\",\"width\":1,\"height\":1,\"caption\":\"TOPdesk\"},\"image\":{\"@id\":\"https:\/\/www.topdesk.com\/da\/#\/schema\/logo\/image\/\"},\"sameAs\":[\"https:\/\/www.facebook.com\/TOPdesk\/\",\"https:\/\/x.com\/topdesk\",\"https:\/\/www.instagram.com\/topdeskuk\/\",\"https:\/\/www.linkedin.com\/company\/topdesk\/\",\"https:\/\/www.youtube.com\/user\/topdesk\",\"https:\/\/en.wikipedia.org\/wiki\/TOPdesk\"]}]}<\/script>\n<!-- \/ Yoast SEO Premium plugin. -->","yoast_head_json":{"title":"TOPdesks konsulentbistand - Danmarks bedste konsulenter","description":"I TOPdesk tilbyder vi implementering, tr\u00e6ning og workshops baseret p\u00e5 best practices. Tag din support og servicelevering til det n\u00e6ste niveau!","robots":{"index":"index","follow":"follow","max-snippet":"max-snippet:-1","max-image-preview":"max-image-preview:large","max-video-preview":"max-video-preview:-1"},"canonical":"https:\/\/www.topdesk.com\/da\/services\/konsulentbistand\/","og_locale":"en_US","og_type":"article","og_title":"TOPdesks konsulentbistand - Danmarks bedste konsulenter","og_description":"I TOPdesk tilbyder vi implementering, tr\u00e6ning og workshops baseret p\u00e5 best practices. Tag din support og servicelevering til det n\u00e6ste niveau!","og_url":"https:\/\/www.topdesk.com\/da\/services\/konsulentbistand\/","og_site_name":"T2 TOPdesk - DA","article_publisher":"https:\/\/www.facebook.com\/TOPdesk\/","article_modified_time":"2026-02-03T13:54:07+00:00","og_image":[{"width":1200,"height":630,"url":"https:\/\/www.topdesk.com\/da\/wp-content\/media\/sites\/43\/featured-image-consultancy.png","type":"image\/png"}],"twitter_card":"summary_large_image","twitter_title":"TOPdesks konsulentbistand - Danmarks bedste konsulenter","twitter_description":"I TOPdesk tilbyder vi implementering, tr\u00e6ning og workshops baseret p\u00e5 best practices. Tag din support og servicelevering til det n\u00e6ste niveau!","twitter_image":"https:\/\/www.topdesk.com\/da\/wp-content\/media\/sites\/43\/featured-image-consultancy.png","twitter_site":"@topdesk","twitter_misc":{"Est. reading time":"3 minutes"},"schema":{"@context":"https:\/\/schema.org","@graph":[{"@type":"WebPage","@id":"https:\/\/www.topdesk.com\/da\/services\/konsulentbistand\/","url":"https:\/\/www.topdesk.com\/da\/services\/konsulentbistand\/","name":"TOPdesks konsulentbistand - Danmarks bedste konsulenter","isPartOf":{"@id":"https:\/\/www.topdesk.com\/da\/#website"},"primaryImageOfPage":{"@id":"https:\/\/www.topdesk.com\/da\/services\/konsulentbistand\/#primaryimage"},"image":{"@id":"https:\/\/www.topdesk.com\/da\/services\/konsulentbistand\/#primaryimage"},"thumbnailUrl":"https:\/\/www.topdesk.com\/da\/wp-content\/media\/sites\/43\/topdesk-services-consultancy.jpg","datePublished":"2020-03-04T14:02:43+00:00","dateModified":"2026-02-03T13:54:07+00:00","description":"I TOPdesk tilbyder vi implementering, tr\u00e6ning og workshops baseret p\u00e5 best practices. Tag din support og servicelevering til det n\u00e6ste niveau!","breadcrumb":{"@id":"https:\/\/www.topdesk.com\/da\/services\/konsulentbistand\/#breadcrumb"},"inLanguage":"en-US","potentialAction":[{"@type":"ReadAction","target":["https:\/\/www.topdesk.com\/da\/services\/konsulentbistand\/"]}]},{"@type":"ImageObject","inLanguage":"en-US","@id":"https:\/\/www.topdesk.com\/da\/services\/konsulentbistand\/#primaryimage","url":"https:\/\/www.topdesk.com\/da\/wp-content\/media\/sites\/43\/topdesk-services-consultancy.jpg","contentUrl":"https:\/\/www.topdesk.com\/da\/wp-content\/media\/sites\/43\/topdesk-services-consultancy.jpg","width":1080,"height":702},{"@type":"BreadcrumbList","@id":"https:\/\/www.topdesk.com\/da\/services\/konsulentbistand\/#breadcrumb","itemListElement":[{"@type":"ListItem","position":1,"name":"Home","item":"https:\/\/www.topdesk.com\/da\/"},{"@type":"ListItem","position":2,"name":"Serviceoversigt","item":"https:\/\/www.topdesk.com\/da\/services\/"},{"@type":"ListItem","position":3,"name":"Konsulentbistand"}]},{"@type":"WebSite","@id":"https:\/\/www.topdesk.com\/da\/#website","url":"https:\/\/www.topdesk.com\/da\/","name":"TOPdesk","description":"Brugervenlig service management og ticketing software. TOPdesk hj\u00e6lper 4000+ virksomheder verden over med at supportere deres kunder. SaaS eller On-premise.","publisher":{"@id":"https:\/\/www.topdesk.com\/da\/#organization"},"potentialAction":[{"@type":"SearchAction","target":{"@type":"EntryPoint","urlTemplate":"https:\/\/www.topdesk.com\/da\/?s={search_term_string}"},"query-input":{"@type":"PropertyValueSpecification","valueRequired":true,"valueName":"search_term_string"}}],"inLanguage":"en-US"},{"@type":"Organization","@id":"https:\/\/www.topdesk.com\/da\/#organization","name":"TOPdesk","url":"https:\/\/www.topdesk.com\/da\/","logo":{"@type":"ImageObject","inLanguage":"en-US","@id":"https:\/\/www.topdesk.com\/da\/#\/schema\/logo\/image\/","url":"https:\/\/www.topdesk.com\/da\/wp-content\/media\/sites\/43\/TOPdesk_RGB_Logo.svg","contentUrl":"https:\/\/www.topdesk.com\/da\/wp-content\/media\/sites\/43\/TOPdesk_RGB_Logo.svg","width":1,"height":1,"caption":"TOPdesk"},"image":{"@id":"https:\/\/www.topdesk.com\/da\/#\/schema\/logo\/image\/"},"sameAs":["https:\/\/www.facebook.com\/TOPdesk\/","https:\/\/x.com\/topdesk","https:\/\/www.instagram.com\/topdeskuk\/","https:\/\/www.linkedin.com\/company\/topdesk\/","https:\/\/www.youtube.com\/user\/topdesk","https:\/\/en.wikipedia.org\/wiki\/TOPdesk"]}]}},"_links":{"self":[{"href":"https:\/\/www.topdesk.com\/da\/wp-json\/wp\/v2\/pages\/4400","targetHints":{"allow":["GET"]}}],"collection":[{"href":"https:\/\/www.topdesk.com\/da\/wp-json\/wp\/v2\/pages"}],"about":[{"href":"https:\/\/www.topdesk.com\/da\/wp-json\/wp\/v2\/types\/page"}],"author":[{"embeddable":true,"href":"https:\/\/www.topdesk.com\/da\/wp-json\/wp\/v2\/users\/1"}],"replies":[{"embeddable":true,"href":"https:\/\/www.topdesk.com\/da\/wp-json\/wp\/v2\/comments?post=4400"}],"version-history":[{"count":11,"href":"https:\/\/www.topdesk.com\/da\/wp-json\/wp\/v2\/pages\/4400\/revisions"}],"predecessor-version":[{"id":33258,"href":"https:\/\/www.topdesk.com\/da\/wp-json\/wp\/v2\/pages\/4400\/revisions\/33258"}],"up":[{"embeddable":true,"href":"https:\/\/www.topdesk.com\/da\/wp-json\/wp\/v2\/pages\/6071"}],"wp:featuredmedia":[{"embeddable":true,"href":"https:\/\/www.topdesk.com\/da\/wp-json\/wp\/v2\/media\/33251"}],"wp:attachment":[{"href":"https:\/\/www.topdesk.com\/da\/wp-json\/wp\/v2\/media?parent=4400"}],"curies":[{"name":"wp","href":"https:\/\/api.w.org\/{rel}","templated":true}]}}