{"id":13847,"date":"2023-04-12T14:36:47","date_gmt":"2023-04-12T12:36:47","guid":{"rendered":"https:\/\/www.topdesk.com\/de\/?page_id=13847"},"modified":"2026-02-19T12:46:13","modified_gmt":"2026-02-19T11:46:13","slug":"home-page-2023-under-construction","status":"publish","type":"page","link":"https:\/\/www.topdesk.com\/de\/","title":{"rendered":"Startseite"},"content":{"rendered":"","protected":false},"excerpt":{"rendered":"","protected":false},"author":1,"featured_media":33996,"parent":0,"menu_order":-1001,"comment_status":"closed","ping_status":"closed","template":"top-flex-full-width.php","meta":{"_acf_changed":false,"_searchwp_excluded":"","inline_featured_image":false,"editor_notices":[],"footnotes":""},"class_list":["post-13847","page","type-page","status-publish","has-post-thumbnail","hentry"],"acf":[],"yoast_head":"<!-- This site is optimized with the Yoast SEO Premium plugin v27.0 (Yoast SEO v27.0) - https:\/\/yoast.com\/product\/yoast-seo-premium-wordpress\/ -->\n<title>TOPdesk: IT-Servicemanagement-Software | ITSM- &amp; ESM-L\u00f6sung<\/title>\n<meta name=\"description\" content=\"Mit unserer ITSM-L\u00f6sung TOPdesk optimieren Sie Ihren Servicedesk und sorgen f\u00fcr zufriedene IT-Mitarbeiter und Melder. Jetzt mehr erfahren.\" \/>\n<meta name=\"robots\" content=\"index, follow, max-snippet:-1, max-image-preview:large, max-video-preview:-1\" \/>\n<link rel=\"canonical\" href=\"https:\/\/www.topdesk.com\/de\/\" \/>\n<meta property=\"og:locale\" content=\"en_US\" \/>\n<meta property=\"og:type\" content=\"article\" \/>\n<meta property=\"og:title\" content=\"IT-Servicemanagement-Software f\u00fcr konstant gute Services | TOPdesk\" \/>\n<meta property=\"og:description\" content=\"Mit unserer ITSM-L\u00f6sung TOPdesk optimieren Sie Ihren Servicedesk und sorgen f\u00fcr zufriedene IT-Mitarbeiter und Melder. Jetzt mehr erfahren.\" \/>\n<meta property=\"og:url\" content=\"https:\/\/www.topdesk.com\/de\/\" \/>\n<meta property=\"og:site_name\" content=\"T1 TOPdesk - DE\" \/>\n<meta property=\"article:publisher\" content=\"https:\/\/www.facebook.com\/TOPdesk\/\" \/>\n<meta property=\"article:modified_time\" content=\"2026-02-19T11:46:13+00:00\" \/>\n<meta property=\"og:image\" content=\"https:\/\/www.topdesk.com\/de\/wp-content\/media\/sites\/37\/get-the-recognition-your-it-service-team-deserves.png\" \/>\n\t<meta property=\"og:image:width\" content=\"1036\" \/>\n\t<meta property=\"og:image:height\" content=\"817\" \/>\n\t<meta property=\"og:image:type\" content=\"image\/png\" \/>\n<meta name=\"twitter:card\" content=\"summary_large_image\" \/>\n<meta name=\"twitter:title\" content=\"IT-Servicemanagement-Software f\u00fcr konstant gute Services | TOPdesk\" \/>\n<meta name=\"twitter:site\" content=\"@topdesk\" \/>\n<meta name=\"twitter:label1\" content=\"Est. reading time\" \/>\n\t<meta name=\"twitter:data1\" content=\"6 minutes\" \/>\n<script type=\"application\/ld+json\" class=\"yoast-schema-graph\">{\"@context\":\"https:\/\/schema.org\",\"@graph\":[{\"@type\":\"WebPage\",\"@id\":\"https:\/\/www.topdesk.com\/de\/\",\"url\":\"https:\/\/www.topdesk.com\/de\/\",\"name\":\"TOPdesk: IT-Servicemanagement-Software | ITSM- & ESM-L\u00f6sung\",\"isPartOf\":{\"@id\":\"https:\/\/www.topdesk.com\/de\/#website\"},\"primaryImageOfPage\":{\"@id\":\"https:\/\/www.topdesk.com\/de\/#primaryimage\"},\"image\":{\"@id\":\"https:\/\/www.topdesk.com\/de\/#primaryimage\"},\"thumbnailUrl\":\"https:\/\/www.topdesk.com\/de\/wp-content\/media\/sites\/37\/get-the-recognition-your-it-service-team-deserves.png\",\"datePublished\":\"2023-04-12T12:36:47+00:00\",\"dateModified\":\"2026-02-19T11:46:13+00:00\",\"description\":\"Mit unserer ITSM-L\u00f6sung TOPdesk optimieren Sie Ihren Servicedesk und sorgen f\u00fcr zufriedene IT-Mitarbeiter und Melder. Jetzt mehr erfahren.\",\"breadcrumb\":{\"@id\":\"https:\/\/www.topdesk.com\/de\/#breadcrumb\"},\"inLanguage\":\"en-US\",\"potentialAction\":[{\"@type\":\"ReadAction\",\"target\":[\"https:\/\/www.topdesk.com\/de\/\"]}]},{\"@type\":\"ImageObject\",\"inLanguage\":\"en-US\",\"@id\":\"https:\/\/www.topdesk.com\/de\/#primaryimage\",\"url\":\"https:\/\/www.topdesk.com\/de\/wp-content\/media\/sites\/37\/get-the-recognition-your-it-service-team-deserves.png\",\"contentUrl\":\"https:\/\/www.topdesk.com\/de\/wp-content\/media\/sites\/37\/get-the-recognition-your-it-service-team-deserves.png\",\"width\":1036,\"height\":817},{\"@type\":\"BreadcrumbList\",\"@id\":\"https:\/\/www.topdesk.com\/de\/#breadcrumb\",\"itemListElement\":[{\"@type\":\"ListItem\",\"position\":1,\"name\":\"Home\",\"item\":\"https:\/\/www.topdesk.com\/de\/\"},{\"@type\":\"ListItem\",\"position\":2,\"name\":\"Startseite\"}]},{\"@type\":\"WebSite\",\"@id\":\"https:\/\/www.topdesk.com\/de\/#website\",\"url\":\"https:\/\/www.topdesk.com\/de\/\",\"name\":\"TOPdesk\",\"description\":\"\",\"publisher\":{\"@id\":\"https:\/\/www.topdesk.com\/de\/#organization\"},\"potentialAction\":[{\"@type\":\"SearchAction\",\"target\":{\"@type\":\"EntryPoint\",\"urlTemplate\":\"https:\/\/www.topdesk.com\/de\/?s={search_term_string}\"},\"query-input\":{\"@type\":\"PropertyValueSpecification\",\"valueRequired\":true,\"valueName\":\"search_term_string\"}}],\"inLanguage\":\"en-US\"},{\"@type\":\"Organization\",\"@id\":\"https:\/\/www.topdesk.com\/de\/#organization\",\"name\":\"TOPdesk\",\"url\":\"https:\/\/www.topdesk.com\/de\/\",\"logo\":{\"@type\":\"ImageObject\",\"inLanguage\":\"en-US\",\"@id\":\"https:\/\/www.topdesk.com\/de\/#\/schema\/logo\/image\/\",\"url\":\"https:\/\/www.topdesk.com\/de\/wp-content\/media\/sites\/37\/TOPdesk_RGB_Logo.svg\",\"contentUrl\":\"https:\/\/www.topdesk.com\/de\/wp-content\/media\/sites\/37\/TOPdesk_RGB_Logo.svg\",\"width\":1,\"height\":1,\"caption\":\"TOPdesk\"},\"image\":{\"@id\":\"https:\/\/www.topdesk.com\/de\/#\/schema\/logo\/image\/\"},\"sameAs\":[\"https:\/\/www.facebook.com\/TOPdesk\/\",\"https:\/\/x.com\/topdesk\",\"https:\/\/www.instagram.com\/topdeskuk\/\",\"https:\/\/www.linkedin.com\/company\/topdesk\/\",\"https:\/\/www.youtube.com\/user\/topdesk\",\"https:\/\/en.wikipedia.org\/wiki\/TOPdesk\"]}]}<\/script>\n<!-- \/ Yoast SEO Premium plugin. -->","yoast_head_json":{"title":"TOPdesk: IT-Servicemanagement-Software | ITSM- & ESM-L\u00f6sung","description":"Mit unserer ITSM-L\u00f6sung TOPdesk optimieren Sie Ihren Servicedesk und sorgen f\u00fcr zufriedene IT-Mitarbeiter und Melder. Jetzt mehr erfahren.","robots":{"index":"index","follow":"follow","max-snippet":"max-snippet:-1","max-image-preview":"max-image-preview:large","max-video-preview":"max-video-preview:-1"},"canonical":"https:\/\/www.topdesk.com\/de\/","og_locale":"en_US","og_type":"article","og_title":"IT-Servicemanagement-Software f\u00fcr konstant gute Services | TOPdesk","og_description":"Mit unserer ITSM-L\u00f6sung TOPdesk optimieren Sie Ihren Servicedesk und sorgen f\u00fcr zufriedene IT-Mitarbeiter und Melder. Jetzt mehr erfahren.","og_url":"https:\/\/www.topdesk.com\/de\/","og_site_name":"T1 TOPdesk - DE","article_publisher":"https:\/\/www.facebook.com\/TOPdesk\/","article_modified_time":"2026-02-19T11:46:13+00:00","og_image":[{"width":1036,"height":817,"url":"https:\/\/www.topdesk.com\/de\/wp-content\/media\/sites\/37\/get-the-recognition-your-it-service-team-deserves.png","type":"image\/png"}],"twitter_card":"summary_large_image","twitter_title":"IT-Servicemanagement-Software f\u00fcr konstant gute Services | TOPdesk","twitter_site":"@topdesk","twitter_misc":{"Est. reading time":"6 minutes"},"schema":{"@context":"https:\/\/schema.org","@graph":[{"@type":"WebPage","@id":"https:\/\/www.topdesk.com\/de\/","url":"https:\/\/www.topdesk.com\/de\/","name":"TOPdesk: IT-Servicemanagement-Software | ITSM- & ESM-L\u00f6sung","isPartOf":{"@id":"https:\/\/www.topdesk.com\/de\/#website"},"primaryImageOfPage":{"@id":"https:\/\/www.topdesk.com\/de\/#primaryimage"},"image":{"@id":"https:\/\/www.topdesk.com\/de\/#primaryimage"},"thumbnailUrl":"https:\/\/www.topdesk.com\/de\/wp-content\/media\/sites\/37\/get-the-recognition-your-it-service-team-deserves.png","datePublished":"2023-04-12T12:36:47+00:00","dateModified":"2026-02-19T11:46:13+00:00","description":"Mit unserer ITSM-L\u00f6sung TOPdesk optimieren Sie Ihren Servicedesk und sorgen f\u00fcr zufriedene IT-Mitarbeiter und Melder. Jetzt mehr erfahren.","breadcrumb":{"@id":"https:\/\/www.topdesk.com\/de\/#breadcrumb"},"inLanguage":"en-US","potentialAction":[{"@type":"ReadAction","target":["https:\/\/www.topdesk.com\/de\/"]}]},{"@type":"ImageObject","inLanguage":"en-US","@id":"https:\/\/www.topdesk.com\/de\/#primaryimage","url":"https:\/\/www.topdesk.com\/de\/wp-content\/media\/sites\/37\/get-the-recognition-your-it-service-team-deserves.png","contentUrl":"https:\/\/www.topdesk.com\/de\/wp-content\/media\/sites\/37\/get-the-recognition-your-it-service-team-deserves.png","width":1036,"height":817},{"@type":"BreadcrumbList","@id":"https:\/\/www.topdesk.com\/de\/#breadcrumb","itemListElement":[{"@type":"ListItem","position":1,"name":"Home","item":"https:\/\/www.topdesk.com\/de\/"},{"@type":"ListItem","position":2,"name":"Startseite"}]},{"@type":"WebSite","@id":"https:\/\/www.topdesk.com\/de\/#website","url":"https:\/\/www.topdesk.com\/de\/","name":"TOPdesk","description":"","publisher":{"@id":"https:\/\/www.topdesk.com\/de\/#organization"},"potentialAction":[{"@type":"SearchAction","target":{"@type":"EntryPoint","urlTemplate":"https:\/\/www.topdesk.com\/de\/?s={search_term_string}"},"query-input":{"@type":"PropertyValueSpecification","valueRequired":true,"valueName":"search_term_string"}}],"inLanguage":"en-US"},{"@type":"Organization","@id":"https:\/\/www.topdesk.com\/de\/#organization","name":"TOPdesk","url":"https:\/\/www.topdesk.com\/de\/","logo":{"@type":"ImageObject","inLanguage":"en-US","@id":"https:\/\/www.topdesk.com\/de\/#\/schema\/logo\/image\/","url":"https:\/\/www.topdesk.com\/de\/wp-content\/media\/sites\/37\/TOPdesk_RGB_Logo.svg","contentUrl":"https:\/\/www.topdesk.com\/de\/wp-content\/media\/sites\/37\/TOPdesk_RGB_Logo.svg","width":1,"height":1,"caption":"TOPdesk"},"image":{"@id":"https:\/\/www.topdesk.com\/de\/#\/schema\/logo\/image\/"},"sameAs":["https:\/\/www.facebook.com\/TOPdesk\/","https:\/\/x.com\/topdesk","https:\/\/www.instagram.com\/topdeskuk\/","https:\/\/www.linkedin.com\/company\/topdesk\/","https:\/\/www.youtube.com\/user\/topdesk","https:\/\/en.wikipedia.org\/wiki\/TOPdesk"]}]}},"_links":{"self":[{"href":"https:\/\/www.topdesk.com\/de\/wp-json\/wp\/v2\/pages\/13847","targetHints":{"allow":["GET"]}}],"collection":[{"href":"https:\/\/www.topdesk.com\/de\/wp-json\/wp\/v2\/pages"}],"about":[{"href":"https:\/\/www.topdesk.com\/de\/wp-json\/wp\/v2\/types\/page"}],"author":[{"embeddable":true,"href":"https:\/\/www.topdesk.com\/de\/wp-json\/wp\/v2\/users\/1"}],"replies":[{"embeddable":true,"href":"https:\/\/www.topdesk.com\/de\/wp-json\/wp\/v2\/comments?post=13847"}],"version-history":[{"count":11,"href":"https:\/\/www.topdesk.com\/de\/wp-json\/wp\/v2\/pages\/13847\/revisions"}],"predecessor-version":[{"id":42680,"href":"https:\/\/www.topdesk.com\/de\/wp-json\/wp\/v2\/pages\/13847\/revisions\/42680"}],"wp:featuredmedia":[{"embeddable":true,"href":"https:\/\/www.topdesk.com\/de\/wp-json\/wp\/v2\/media\/33996"}],"wp:attachment":[{"href":"https:\/\/www.topdesk.com\/de\/wp-json\/wp\/v2\/media?parent=13847"}],"curies":[{"name":"wp","href":"https:\/\/api.w.org\/{rel}","templated":true}]}}