{"id":4400,"date":"2020-03-04T15:02:43","date_gmt":"2020-03-04T14:02:43","guid":{"rendered":"https:\/\/www.topdesk.com\/en\/?page_id=4400"},"modified":"2026-02-03T14:00:50","modified_gmt":"2026-02-03T13:00:50","slug":"beratung","status":"publish","type":"page","link":"https:\/\/www.topdesk.com\/de\/services\/beratung\/","title":{"rendered":"Beratung"},"content":{"rendered":"","protected":false},"excerpt":{"rendered":"","protected":false},"author":1,"featured_media":42501,"parent":6071,"menu_order":0,"comment_status":"closed","ping_status":"closed","template":"top-flex-full-width.php","meta":{"_acf_changed":false,"_searchwp_excluded":"","inline_featured_image":false,"editor_notices":[],"footnotes":""},"class_list":["post-4400","page","type-page","status-publish","has-post-thumbnail","hentry"],"acf":[],"yoast_head":"<!-- This site is optimized with the Yoast SEO Premium plugin v27.0 (Yoast SEO v27.0) - https:\/\/yoast.com\/product\/yoast-seo-premium-wordpress\/ -->\n<title>ITSM Beratung f\u00fcr Prozesse, Abl\u00e4ufe &amp; Implementierung<\/title>\n<meta name=\"description\" content=\"Sind Sie auf der Suche nach einer ma\u00dfgeschneiderten IT-Servicemanagement L\u00f6sung oder einer effektiven ITSM Strategie? Kontaktieren Sie uns noch heute!\" \/>\n<meta name=\"robots\" content=\"index, follow, max-snippet:-1, max-image-preview:large, max-video-preview:-1\" \/>\n<link rel=\"canonical\" href=\"https:\/\/www.topdesk.com\/de\/services\/beratung\/\" \/>\n<meta property=\"og:locale\" content=\"en_US\" \/>\n<meta property=\"og:type\" content=\"article\" \/>\n<meta property=\"og:title\" content=\"Beratung | Toller Service, gl\u00fcckliche Melder | TOPdesk\" \/>\n<meta property=\"og:description\" content=\"Sind Sie auf der Suche nach einer ma\u00dfgeschneiderten IT-Servicemanagement L\u00f6sung oder einer effektiven ITSM Strategie? Kontaktieren Sie uns noch heute!\" \/>\n<meta property=\"og:url\" content=\"https:\/\/www.topdesk.com\/de\/services\/beratung\/\" \/>\n<meta property=\"og:site_name\" content=\"T1 TOPdesk - DE\" \/>\n<meta property=\"article:publisher\" content=\"https:\/\/www.facebook.com\/TOPdesk\/\" \/>\n<meta property=\"article:modified_time\" content=\"2026-02-03T13:00:50+00:00\" \/>\n<meta property=\"og:image\" content=\"https:\/\/www.topdesk.com\/de\/wp-content\/media\/sites\/37\/featured-image-consultancy.png\" \/>\n\t<meta property=\"og:image:width\" content=\"1200\" \/>\n\t<meta property=\"og:image:height\" content=\"630\" \/>\n\t<meta property=\"og:image:type\" content=\"image\/png\" \/>\n<meta name=\"twitter:card\" content=\"summary_large_image\" \/>\n<meta name=\"twitter:image\" content=\"https:\/\/www.topdesk.com\/de\/wp-content\/media\/sites\/37\/featured-image-consultancy.png\" \/>\n<meta name=\"twitter:site\" content=\"@topdesk\" \/>\n<meta name=\"twitter:label1\" content=\"Est. reading time\" \/>\n\t<meta name=\"twitter:data1\" content=\"3 minutes\" \/>\n<script type=\"application\/ld+json\" class=\"yoast-schema-graph\">{\"@context\":\"https:\/\/schema.org\",\"@graph\":[{\"@type\":\"WebPage\",\"@id\":\"https:\/\/www.topdesk.com\/de\/services\/beratung\/\",\"url\":\"https:\/\/www.topdesk.com\/de\/services\/beratung\/\",\"name\":\"ITSM Beratung f\u00fcr Prozesse, Abl\u00e4ufe & Implementierung\",\"isPartOf\":{\"@id\":\"https:\/\/www.topdesk.com\/de\/#website\"},\"primaryImageOfPage\":{\"@id\":\"https:\/\/www.topdesk.com\/de\/services\/beratung\/#primaryimage\"},\"image\":{\"@id\":\"https:\/\/www.topdesk.com\/de\/services\/beratung\/#primaryimage\"},\"thumbnailUrl\":\"https:\/\/www.topdesk.com\/de\/wp-content\/media\/sites\/37\/topdesk-services-consultancy.jpg\",\"datePublished\":\"2020-03-04T14:02:43+00:00\",\"dateModified\":\"2026-02-03T13:00:50+00:00\",\"description\":\"Sind Sie auf der Suche nach einer ma\u00dfgeschneiderten IT-Servicemanagement L\u00f6sung oder einer effektiven ITSM Strategie? Kontaktieren Sie uns noch heute!\",\"breadcrumb\":{\"@id\":\"https:\/\/www.topdesk.com\/de\/services\/beratung\/#breadcrumb\"},\"inLanguage\":\"en-US\",\"potentialAction\":[{\"@type\":\"ReadAction\",\"target\":[\"https:\/\/www.topdesk.com\/de\/services\/beratung\/\"]}]},{\"@type\":\"ImageObject\",\"inLanguage\":\"en-US\",\"@id\":\"https:\/\/www.topdesk.com\/de\/services\/beratung\/#primaryimage\",\"url\":\"https:\/\/www.topdesk.com\/de\/wp-content\/media\/sites\/37\/topdesk-services-consultancy.jpg\",\"contentUrl\":\"https:\/\/www.topdesk.com\/de\/wp-content\/media\/sites\/37\/topdesk-services-consultancy.jpg\",\"width\":1080,\"height\":702},{\"@type\":\"BreadcrumbList\",\"@id\":\"https:\/\/www.topdesk.com\/de\/services\/beratung\/#breadcrumb\",\"itemListElement\":[{\"@type\":\"ListItem\",\"position\":1,\"name\":\"Home\",\"item\":\"https:\/\/www.topdesk.com\/de\/\"},{\"@type\":\"ListItem\",\"position\":2,\"name\":\"Services\",\"item\":\"https:\/\/www.topdesk.com\/de\/services\/\"},{\"@type\":\"ListItem\",\"position\":3,\"name\":\"Beratung\"}]},{\"@type\":\"WebSite\",\"@id\":\"https:\/\/www.topdesk.com\/de\/#website\",\"url\":\"https:\/\/www.topdesk.com\/de\/\",\"name\":\"TOPdesk\",\"description\":\"\",\"publisher\":{\"@id\":\"https:\/\/www.topdesk.com\/de\/#organization\"},\"potentialAction\":[{\"@type\":\"SearchAction\",\"target\":{\"@type\":\"EntryPoint\",\"urlTemplate\":\"https:\/\/www.topdesk.com\/de\/?s={search_term_string}\"},\"query-input\":{\"@type\":\"PropertyValueSpecification\",\"valueRequired\":true,\"valueName\":\"search_term_string\"}}],\"inLanguage\":\"en-US\"},{\"@type\":\"Organization\",\"@id\":\"https:\/\/www.topdesk.com\/de\/#organization\",\"name\":\"TOPdesk\",\"url\":\"https:\/\/www.topdesk.com\/de\/\",\"logo\":{\"@type\":\"ImageObject\",\"inLanguage\":\"en-US\",\"@id\":\"https:\/\/www.topdesk.com\/de\/#\/schema\/logo\/image\/\",\"url\":\"https:\/\/www.topdesk.com\/de\/wp-content\/media\/sites\/37\/TOPdesk_RGB_Logo.svg\",\"contentUrl\":\"https:\/\/www.topdesk.com\/de\/wp-content\/media\/sites\/37\/TOPdesk_RGB_Logo.svg\",\"width\":1,\"height\":1,\"caption\":\"TOPdesk\"},\"image\":{\"@id\":\"https:\/\/www.topdesk.com\/de\/#\/schema\/logo\/image\/\"},\"sameAs\":[\"https:\/\/www.facebook.com\/TOPdesk\/\",\"https:\/\/x.com\/topdesk\",\"https:\/\/www.instagram.com\/topdeskuk\/\",\"https:\/\/www.linkedin.com\/company\/topdesk\/\",\"https:\/\/www.youtube.com\/user\/topdesk\",\"https:\/\/en.wikipedia.org\/wiki\/TOPdesk\"]}]}<\/script>\n<!-- \/ Yoast SEO Premium plugin. -->","yoast_head_json":{"title":"ITSM Beratung f\u00fcr Prozesse, Abl\u00e4ufe & Implementierung","description":"Sind Sie auf der Suche nach einer ma\u00dfgeschneiderten IT-Servicemanagement L\u00f6sung oder einer effektiven ITSM Strategie? Kontaktieren Sie uns noch heute!","robots":{"index":"index","follow":"follow","max-snippet":"max-snippet:-1","max-image-preview":"max-image-preview:large","max-video-preview":"max-video-preview:-1"},"canonical":"https:\/\/www.topdesk.com\/de\/services\/beratung\/","og_locale":"en_US","og_type":"article","og_title":"Beratung | Toller Service, gl\u00fcckliche Melder | TOPdesk","og_description":"Sind Sie auf der Suche nach einer ma\u00dfgeschneiderten IT-Servicemanagement L\u00f6sung oder einer effektiven ITSM Strategie? Kontaktieren Sie uns noch heute!","og_url":"https:\/\/www.topdesk.com\/de\/services\/beratung\/","og_site_name":"T1 TOPdesk - DE","article_publisher":"https:\/\/www.facebook.com\/TOPdesk\/","article_modified_time":"2026-02-03T13:00:50+00:00","og_image":[{"width":1200,"height":630,"url":"https:\/\/www.topdesk.com\/de\/wp-content\/media\/sites\/37\/featured-image-consultancy.png","type":"image\/png"}],"twitter_card":"summary_large_image","twitter_image":"https:\/\/www.topdesk.com\/de\/wp-content\/media\/sites\/37\/featured-image-consultancy.png","twitter_site":"@topdesk","twitter_misc":{"Est. reading time":"3 minutes"},"schema":{"@context":"https:\/\/schema.org","@graph":[{"@type":"WebPage","@id":"https:\/\/www.topdesk.com\/de\/services\/beratung\/","url":"https:\/\/www.topdesk.com\/de\/services\/beratung\/","name":"ITSM Beratung f\u00fcr Prozesse, Abl\u00e4ufe & Implementierung","isPartOf":{"@id":"https:\/\/www.topdesk.com\/de\/#website"},"primaryImageOfPage":{"@id":"https:\/\/www.topdesk.com\/de\/services\/beratung\/#primaryimage"},"image":{"@id":"https:\/\/www.topdesk.com\/de\/services\/beratung\/#primaryimage"},"thumbnailUrl":"https:\/\/www.topdesk.com\/de\/wp-content\/media\/sites\/37\/topdesk-services-consultancy.jpg","datePublished":"2020-03-04T14:02:43+00:00","dateModified":"2026-02-03T13:00:50+00:00","description":"Sind Sie auf der Suche nach einer ma\u00dfgeschneiderten IT-Servicemanagement L\u00f6sung oder einer effektiven ITSM Strategie? Kontaktieren Sie uns noch heute!","breadcrumb":{"@id":"https:\/\/www.topdesk.com\/de\/services\/beratung\/#breadcrumb"},"inLanguage":"en-US","potentialAction":[{"@type":"ReadAction","target":["https:\/\/www.topdesk.com\/de\/services\/beratung\/"]}]},{"@type":"ImageObject","inLanguage":"en-US","@id":"https:\/\/www.topdesk.com\/de\/services\/beratung\/#primaryimage","url":"https:\/\/www.topdesk.com\/de\/wp-content\/media\/sites\/37\/topdesk-services-consultancy.jpg","contentUrl":"https:\/\/www.topdesk.com\/de\/wp-content\/media\/sites\/37\/topdesk-services-consultancy.jpg","width":1080,"height":702},{"@type":"BreadcrumbList","@id":"https:\/\/www.topdesk.com\/de\/services\/beratung\/#breadcrumb","itemListElement":[{"@type":"ListItem","position":1,"name":"Home","item":"https:\/\/www.topdesk.com\/de\/"},{"@type":"ListItem","position":2,"name":"Services","item":"https:\/\/www.topdesk.com\/de\/services\/"},{"@type":"ListItem","position":3,"name":"Beratung"}]},{"@type":"WebSite","@id":"https:\/\/www.topdesk.com\/de\/#website","url":"https:\/\/www.topdesk.com\/de\/","name":"TOPdesk","description":"","publisher":{"@id":"https:\/\/www.topdesk.com\/de\/#organization"},"potentialAction":[{"@type":"SearchAction","target":{"@type":"EntryPoint","urlTemplate":"https:\/\/www.topdesk.com\/de\/?s={search_term_string}"},"query-input":{"@type":"PropertyValueSpecification","valueRequired":true,"valueName":"search_term_string"}}],"inLanguage":"en-US"},{"@type":"Organization","@id":"https:\/\/www.topdesk.com\/de\/#organization","name":"TOPdesk","url":"https:\/\/www.topdesk.com\/de\/","logo":{"@type":"ImageObject","inLanguage":"en-US","@id":"https:\/\/www.topdesk.com\/de\/#\/schema\/logo\/image\/","url":"https:\/\/www.topdesk.com\/de\/wp-content\/media\/sites\/37\/TOPdesk_RGB_Logo.svg","contentUrl":"https:\/\/www.topdesk.com\/de\/wp-content\/media\/sites\/37\/TOPdesk_RGB_Logo.svg","width":1,"height":1,"caption":"TOPdesk"},"image":{"@id":"https:\/\/www.topdesk.com\/de\/#\/schema\/logo\/image\/"},"sameAs":["https:\/\/www.facebook.com\/TOPdesk\/","https:\/\/x.com\/topdesk","https:\/\/www.instagram.com\/topdeskuk\/","https:\/\/www.linkedin.com\/company\/topdesk\/","https:\/\/www.youtube.com\/user\/topdesk","https:\/\/en.wikipedia.org\/wiki\/TOPdesk"]}]}},"_links":{"self":[{"href":"https:\/\/www.topdesk.com\/de\/wp-json\/wp\/v2\/pages\/4400","targetHints":{"allow":["GET"]}}],"collection":[{"href":"https:\/\/www.topdesk.com\/de\/wp-json\/wp\/v2\/pages"}],"about":[{"href":"https:\/\/www.topdesk.com\/de\/wp-json\/wp\/v2\/types\/page"}],"author":[{"embeddable":true,"href":"https:\/\/www.topdesk.com\/de\/wp-json\/wp\/v2\/users\/1"}],"replies":[{"embeddable":true,"href":"https:\/\/www.topdesk.com\/de\/wp-json\/wp\/v2\/comments?post=4400"}],"version-history":[{"count":10,"href":"https:\/\/www.topdesk.com\/de\/wp-json\/wp\/v2\/pages\/4400\/revisions"}],"predecessor-version":[{"id":42550,"href":"https:\/\/www.topdesk.com\/de\/wp-json\/wp\/v2\/pages\/4400\/revisions\/42550"}],"up":[{"embeddable":true,"href":"https:\/\/www.topdesk.com\/de\/wp-json\/wp\/v2\/pages\/6071"}],"wp:featuredmedia":[{"embeddable":true,"href":"https:\/\/www.topdesk.com\/de\/wp-json\/wp\/v2\/media\/42501"}],"wp:attachment":[{"href":"https:\/\/www.topdesk.com\/de\/wp-json\/wp\/v2\/media?parent=4400"}],"curies":[{"name":"wp","href":"https:\/\/api.w.org\/{rel}","templated":true}]}}