{"id":802,"date":"2019-10-07T09:18:15","date_gmt":"2019-10-07T09:18:15","guid":{"rendered":"http:\/\/pc1815\/macgyver\/?page_id=802"},"modified":"2025-08-14T11:50:28","modified_gmt":"2025-08-14T09:50:28","slug":"enterprise-servicemanagement-software","status":"publish","type":"page","link":"https:\/\/www.topdesk.com\/de\/enterprise-servicemanagement-software\/","title":{"rendered":"Enterprise-Servicemanagement"},"content":{"rendered":"","protected":false},"excerpt":{"rendered":"","protected":false},"author":1,"featured_media":38826,"parent":0,"menu_order":0,"comment_status":"closed","ping_status":"closed","template":"top-flex-full-width.php","meta":{"_acf_changed":false,"_searchwp_excluded":"","inline_featured_image":false,"editor_notices":[],"footnotes":""},"class_list":["post-802","page","type-page","status-publish","has-post-thumbnail","hentry"],"acf":[],"yoast_head":"<!-- This site is optimized with the Yoast SEO Premium plugin v27.0 (Yoast SEO v27.0) - https:\/\/yoast.com\/product\/yoast-seo-premium-wordpress\/ -->\n<title>Enterprise-Servicemanagement | ESM-L\u00f6sung von TOPdesk<\/title>\n<meta name=\"description\" content=\"Mit der ESM-Software von TOPdesk Prozesse standardisieren, Abl\u00e4ufe optimieren &amp; so sp\u00fcrbare Mehrwerte schaffen. Mehr Infos im gratis E-Book!\" \/>\n<meta name=\"robots\" content=\"index, follow, max-snippet:-1, max-image-preview:large, max-video-preview:-1\" \/>\n<link rel=\"canonical\" href=\"https:\/\/www.topdesk.com\/de\/enterprise-servicemanagement-software\/\" \/>\n<meta property=\"og:locale\" content=\"en_US\" \/>\n<meta property=\"og:type\" content=\"article\" \/>\n<meta property=\"og:title\" content=\"Enterprise-Servicemanagement | Toller Service, gl\u00fcckliche Melder | TOPdesk\" \/>\n<meta property=\"og:description\" content=\"Mit der ESM-Software von TOPdesk Prozesse standardisieren, Abl\u00e4ufe optimieren &amp; so sp\u00fcrbare Mehrwerte schaffen. Mehr Infos im gratis E-Book!\" \/>\n<meta property=\"og:url\" content=\"https:\/\/www.topdesk.com\/de\/enterprise-servicemanagement-software\/\" \/>\n<meta property=\"og:site_name\" content=\"T1 TOPdesk - DE\" \/>\n<meta property=\"article:publisher\" content=\"https:\/\/www.facebook.com\/TOPdesk\/\" \/>\n<meta property=\"article:modified_time\" content=\"2025-08-14T09:50:28+00:00\" \/>\n<meta property=\"og:image\" content=\"https:\/\/www.topdesk.com\/de\/wp-content\/media\/sites\/37\/featured-image-enterprise-service-management-software.png\" \/>\n\t<meta property=\"og:image:width\" content=\"1200\" \/>\n\t<meta property=\"og:image:height\" content=\"630\" \/>\n\t<meta property=\"og:image:type\" content=\"image\/png\" \/>\n<meta name=\"twitter:card\" content=\"summary_large_image\" \/>\n<meta name=\"twitter:image\" content=\"https:\/\/www.topdesk.com\/de\/wp-content\/media\/sites\/37\/featured-image-enterprise-service-management-software.png\" \/>\n<meta name=\"twitter:site\" content=\"@topdesk\" \/>\n<meta name=\"twitter:label1\" content=\"Est. reading time\" \/>\n\t<meta name=\"twitter:data1\" content=\"5 minutes\" \/>\n<script type=\"application\/ld+json\" class=\"yoast-schema-graph\">{\"@context\":\"https:\/\/schema.org\",\"@graph\":[{\"@type\":\"WebPage\",\"@id\":\"https:\/\/www.topdesk.com\/de\/enterprise-servicemanagement-software\/\",\"url\":\"https:\/\/www.topdesk.com\/de\/enterprise-servicemanagement-software\/\",\"name\":\"Enterprise-Servicemanagement | ESM-L\u00f6sung von TOPdesk\",\"isPartOf\":{\"@id\":\"https:\/\/www.topdesk.com\/de\/#website\"},\"primaryImageOfPage\":{\"@id\":\"https:\/\/www.topdesk.com\/de\/enterprise-servicemanagement-software\/#primaryimage\"},\"image\":{\"@id\":\"https:\/\/www.topdesk.com\/de\/enterprise-servicemanagement-software\/#primaryimage\"},\"thumbnailUrl\":\"https:\/\/www.topdesk.com\/de\/wp-content\/media\/sites\/37\/ESM-featured-image.png\",\"datePublished\":\"2019-10-07T09:18:15+00:00\",\"dateModified\":\"2025-08-14T09:50:28+00:00\",\"description\":\"Mit der ESM-Software von TOPdesk Prozesse standardisieren, Abl\u00e4ufe optimieren & so sp\u00fcrbare Mehrwerte schaffen. Mehr Infos im gratis E-Book!\",\"breadcrumb\":{\"@id\":\"https:\/\/www.topdesk.com\/de\/enterprise-servicemanagement-software\/#breadcrumb\"},\"inLanguage\":\"en-US\",\"potentialAction\":[{\"@type\":\"ReadAction\",\"target\":[\"https:\/\/www.topdesk.com\/de\/enterprise-servicemanagement-software\/\"]}]},{\"@type\":\"ImageObject\",\"inLanguage\":\"en-US\",\"@id\":\"https:\/\/www.topdesk.com\/de\/enterprise-servicemanagement-software\/#primaryimage\",\"url\":\"https:\/\/www.topdesk.com\/de\/wp-content\/media\/sites\/37\/ESM-featured-image.png\",\"contentUrl\":\"https:\/\/www.topdesk.com\/de\/wp-content\/media\/sites\/37\/ESM-featured-image.png\",\"width\":1200,\"height\":629},{\"@type\":\"BreadcrumbList\",\"@id\":\"https:\/\/www.topdesk.com\/de\/enterprise-servicemanagement-software\/#breadcrumb\",\"itemListElement\":[{\"@type\":\"ListItem\",\"position\":1,\"name\":\"Home\",\"item\":\"https:\/\/www.topdesk.com\/de\/\"},{\"@type\":\"ListItem\",\"position\":2,\"name\":\"Enterprise-Servicemanagement\"}]},{\"@type\":\"WebSite\",\"@id\":\"https:\/\/www.topdesk.com\/de\/#website\",\"url\":\"https:\/\/www.topdesk.com\/de\/\",\"name\":\"TOPdesk\",\"description\":\"\",\"publisher\":{\"@id\":\"https:\/\/www.topdesk.com\/de\/#organization\"},\"potentialAction\":[{\"@type\":\"SearchAction\",\"target\":{\"@type\":\"EntryPoint\",\"urlTemplate\":\"https:\/\/www.topdesk.com\/de\/?s={search_term_string}\"},\"query-input\":{\"@type\":\"PropertyValueSpecification\",\"valueRequired\":true,\"valueName\":\"search_term_string\"}}],\"inLanguage\":\"en-US\"},{\"@type\":\"Organization\",\"@id\":\"https:\/\/www.topdesk.com\/de\/#organization\",\"name\":\"TOPdesk\",\"url\":\"https:\/\/www.topdesk.com\/de\/\",\"logo\":{\"@type\":\"ImageObject\",\"inLanguage\":\"en-US\",\"@id\":\"https:\/\/www.topdesk.com\/de\/#\/schema\/logo\/image\/\",\"url\":\"https:\/\/www.topdesk.com\/de\/wp-content\/media\/sites\/37\/TOPdesk_RGB_Logo.svg\",\"contentUrl\":\"https:\/\/www.topdesk.com\/de\/wp-content\/media\/sites\/37\/TOPdesk_RGB_Logo.svg\",\"width\":1,\"height\":1,\"caption\":\"TOPdesk\"},\"image\":{\"@id\":\"https:\/\/www.topdesk.com\/de\/#\/schema\/logo\/image\/\"},\"sameAs\":[\"https:\/\/www.facebook.com\/TOPdesk\/\",\"https:\/\/x.com\/topdesk\",\"https:\/\/www.instagram.com\/topdeskuk\/\",\"https:\/\/www.linkedin.com\/company\/topdesk\/\",\"https:\/\/www.youtube.com\/user\/topdesk\",\"https:\/\/en.wikipedia.org\/wiki\/TOPdesk\"]}]}<\/script>\n<!-- \/ Yoast SEO Premium plugin. -->","yoast_head_json":{"title":"Enterprise-Servicemanagement | ESM-L\u00f6sung von TOPdesk","description":"Mit der ESM-Software von TOPdesk Prozesse standardisieren, Abl\u00e4ufe optimieren & so sp\u00fcrbare Mehrwerte schaffen. Mehr Infos im gratis E-Book!","robots":{"index":"index","follow":"follow","max-snippet":"max-snippet:-1","max-image-preview":"max-image-preview:large","max-video-preview":"max-video-preview:-1"},"canonical":"https:\/\/www.topdesk.com\/de\/enterprise-servicemanagement-software\/","og_locale":"en_US","og_type":"article","og_title":"Enterprise-Servicemanagement | Toller Service, gl\u00fcckliche Melder | TOPdesk","og_description":"Mit der ESM-Software von TOPdesk Prozesse standardisieren, Abl\u00e4ufe optimieren & so sp\u00fcrbare Mehrwerte schaffen. Mehr Infos im gratis E-Book!","og_url":"https:\/\/www.topdesk.com\/de\/enterprise-servicemanagement-software\/","og_site_name":"T1 TOPdesk - DE","article_publisher":"https:\/\/www.facebook.com\/TOPdesk\/","article_modified_time":"2025-08-14T09:50:28+00:00","og_image":[{"width":1200,"height":630,"url":"https:\/\/www.topdesk.com\/de\/wp-content\/media\/sites\/37\/featured-image-enterprise-service-management-software.png","type":"image\/png"}],"twitter_card":"summary_large_image","twitter_image":"https:\/\/www.topdesk.com\/de\/wp-content\/media\/sites\/37\/featured-image-enterprise-service-management-software.png","twitter_site":"@topdesk","twitter_misc":{"Est. reading time":"5 minutes"},"schema":{"@context":"https:\/\/schema.org","@graph":[{"@type":"WebPage","@id":"https:\/\/www.topdesk.com\/de\/enterprise-servicemanagement-software\/","url":"https:\/\/www.topdesk.com\/de\/enterprise-servicemanagement-software\/","name":"Enterprise-Servicemanagement | ESM-L\u00f6sung von TOPdesk","isPartOf":{"@id":"https:\/\/www.topdesk.com\/de\/#website"},"primaryImageOfPage":{"@id":"https:\/\/www.topdesk.com\/de\/enterprise-servicemanagement-software\/#primaryimage"},"image":{"@id":"https:\/\/www.topdesk.com\/de\/enterprise-servicemanagement-software\/#primaryimage"},"thumbnailUrl":"https:\/\/www.topdesk.com\/de\/wp-content\/media\/sites\/37\/ESM-featured-image.png","datePublished":"2019-10-07T09:18:15+00:00","dateModified":"2025-08-14T09:50:28+00:00","description":"Mit der ESM-Software von TOPdesk Prozesse standardisieren, Abl\u00e4ufe optimieren & so sp\u00fcrbare Mehrwerte schaffen. Mehr Infos im gratis E-Book!","breadcrumb":{"@id":"https:\/\/www.topdesk.com\/de\/enterprise-servicemanagement-software\/#breadcrumb"},"inLanguage":"en-US","potentialAction":[{"@type":"ReadAction","target":["https:\/\/www.topdesk.com\/de\/enterprise-servicemanagement-software\/"]}]},{"@type":"ImageObject","inLanguage":"en-US","@id":"https:\/\/www.topdesk.com\/de\/enterprise-servicemanagement-software\/#primaryimage","url":"https:\/\/www.topdesk.com\/de\/wp-content\/media\/sites\/37\/ESM-featured-image.png","contentUrl":"https:\/\/www.topdesk.com\/de\/wp-content\/media\/sites\/37\/ESM-featured-image.png","width":1200,"height":629},{"@type":"BreadcrumbList","@id":"https:\/\/www.topdesk.com\/de\/enterprise-servicemanagement-software\/#breadcrumb","itemListElement":[{"@type":"ListItem","position":1,"name":"Home","item":"https:\/\/www.topdesk.com\/de\/"},{"@type":"ListItem","position":2,"name":"Enterprise-Servicemanagement"}]},{"@type":"WebSite","@id":"https:\/\/www.topdesk.com\/de\/#website","url":"https:\/\/www.topdesk.com\/de\/","name":"TOPdesk","description":"","publisher":{"@id":"https:\/\/www.topdesk.com\/de\/#organization"},"potentialAction":[{"@type":"SearchAction","target":{"@type":"EntryPoint","urlTemplate":"https:\/\/www.topdesk.com\/de\/?s={search_term_string}"},"query-input":{"@type":"PropertyValueSpecification","valueRequired":true,"valueName":"search_term_string"}}],"inLanguage":"en-US"},{"@type":"Organization","@id":"https:\/\/www.topdesk.com\/de\/#organization","name":"TOPdesk","url":"https:\/\/www.topdesk.com\/de\/","logo":{"@type":"ImageObject","inLanguage":"en-US","@id":"https:\/\/www.topdesk.com\/de\/#\/schema\/logo\/image\/","url":"https:\/\/www.topdesk.com\/de\/wp-content\/media\/sites\/37\/TOPdesk_RGB_Logo.svg","contentUrl":"https:\/\/www.topdesk.com\/de\/wp-content\/media\/sites\/37\/TOPdesk_RGB_Logo.svg","width":1,"height":1,"caption":"TOPdesk"},"image":{"@id":"https:\/\/www.topdesk.com\/de\/#\/schema\/logo\/image\/"},"sameAs":["https:\/\/www.facebook.com\/TOPdesk\/","https:\/\/x.com\/topdesk","https:\/\/www.instagram.com\/topdeskuk\/","https:\/\/www.linkedin.com\/company\/topdesk\/","https:\/\/www.youtube.com\/user\/topdesk","https:\/\/en.wikipedia.org\/wiki\/TOPdesk"]}]}},"_links":{"self":[{"href":"https:\/\/www.topdesk.com\/de\/wp-json\/wp\/v2\/pages\/802","targetHints":{"allow":["GET"]}}],"collection":[{"href":"https:\/\/www.topdesk.com\/de\/wp-json\/wp\/v2\/pages"}],"about":[{"href":"https:\/\/www.topdesk.com\/de\/wp-json\/wp\/v2\/types\/page"}],"author":[{"embeddable":true,"href":"https:\/\/www.topdesk.com\/de\/wp-json\/wp\/v2\/users\/1"}],"replies":[{"embeddable":true,"href":"https:\/\/www.topdesk.com\/de\/wp-json\/wp\/v2\/comments?post=802"}],"version-history":[{"count":15,"href":"https:\/\/www.topdesk.com\/de\/wp-json\/wp\/v2\/pages\/802\/revisions"}],"predecessor-version":[{"id":38862,"href":"https:\/\/www.topdesk.com\/de\/wp-json\/wp\/v2\/pages\/802\/revisions\/38862"}],"wp:featuredmedia":[{"embeddable":true,"href":"https:\/\/www.topdesk.com\/de\/wp-json\/wp\/v2\/media\/38826"}],"wp:attachment":[{"href":"https:\/\/www.topdesk.com\/de\/wp-json\/wp\/v2\/media?parent=802"}],"curies":[{"name":"wp","href":"https:\/\/api.w.org\/{rel}","templated":true}]}}