{"id":16914,"date":"2024-07-11T15:49:19","date_gmt":"2024-07-11T13:49:19","guid":{"rendered":"https:\/\/www.topdesk.com\/fr\/?page_id=16914"},"modified":"2025-08-28T15:45:46","modified_gmt":"2025-08-28T13:45:46","slug":"itsm-software","status":"publish","type":"page","link":"https:\/\/www.topdesk.com\/fr\/itsm-software\/","title":{"rendered":"ITSM Software 2024"},"content":{"rendered":"","protected":false},"excerpt":{"rendered":"","protected":false},"author":1,"featured_media":14974,"parent":0,"menu_order":0,"comment_status":"closed","ping_status":"closed","template":"top-flex-full-width.php","meta":{"_acf_changed":false,"_searchwp_excluded":"","inline_featured_image":false,"editor_notices":[],"footnotes":""},"class_list":["post-16914","page","type-page","status-publish","has-post-thumbnail","hentry"],"acf":[],"yoast_head":"<!-- This site is optimized with the Yoast SEO Premium plugin v27.0 (Yoast SEO v27.0) - https:\/\/yoast.com\/product\/yoast-seo-premium-wordpress\/ -->\n<title>Logiciel ITSM TOPdesk<\/title>\n<meta name=\"description\" content=\"Passez d&#039;une pile de demandes et de t\u00e2ches manuelles fastidieuses \u00e0 des services informatiques fluides gr\u00e2ce au logiciel ITSM de TOPdesk. Il comprend des fonctionnalit\u00e9s comme la gestion des incidents, la gestion des biens et la gestion des probl\u00e8mes.\" \/>\n<meta name=\"robots\" content=\"index, follow, max-snippet:-1, max-image-preview:large, max-video-preview:-1\" \/>\n<link rel=\"canonical\" href=\"https:\/\/www.topdesk.com\/fr\/itsm-software\/\" \/>\n<meta property=\"og:locale\" content=\"en_US\" \/>\n<meta property=\"og:type\" content=\"article\" \/>\n<meta property=\"og:title\" content=\"Logiciel ITSM TOPdesk\" \/>\n<meta property=\"og:description\" content=\"Passez d&#039;une pile de demandes et de t\u00e2ches manuelles fastidieuses \u00e0 des services informatiques fluides gr\u00e2ce au logiciel ITSM de TOPdesk. Il comprend des fonctionnalit\u00e9s comme la gestion des incidents, la gestion des biens et la gestion des probl\u00e8mes.\" \/>\n<meta property=\"og:url\" content=\"https:\/\/www.topdesk.com\/fr\/itsm-software\/\" \/>\n<meta property=\"og:site_name\" content=\"T3 TOPdesk - FR\" \/>\n<meta property=\"article:publisher\" content=\"https:\/\/www.facebook.com\/TOPdesk\/\" \/>\n<meta property=\"article:modified_time\" content=\"2025-08-28T13:45:46+00:00\" \/>\n<meta property=\"og:image\" content=\"https:\/\/www.topdesk.com\/fr\/wp-content\/media\/sites\/34\/featured-image-itsm.png\" \/>\n\t<meta property=\"og:image:width\" content=\"1200\" \/>\n\t<meta property=\"og:image:height\" content=\"630\" \/>\n\t<meta property=\"og:image:type\" content=\"image\/png\" \/>\n<meta name=\"twitter:card\" content=\"summary_large_image\" \/>\n<meta name=\"twitter:title\" content=\"Logiciel ITSM TOPdesk\" \/>\n<meta name=\"twitter:description\" content=\"Passez d&#039;une pile de demandes et de t\u00e2ches manuelles fastidieuses \u00e0 des services informatiques fluides gr\u00e2ce au logiciel ITSM de TOPdesk. Il comprend des fonctionnalit\u00e9s comme la gestion des incidents, la gestion des biens et la gestion des probl\u00e8mes.\" \/>\n<meta name=\"twitter:site\" content=\"@topdesk\" \/>\n<meta name=\"twitter:label1\" content=\"Est. reading time\" \/>\n\t<meta name=\"twitter:data1\" content=\"5 minutes\" \/>\n<script type=\"application\/ld+json\" class=\"yoast-schema-graph\">{\"@context\":\"https:\/\/schema.org\",\"@graph\":[{\"@type\":\"WebPage\",\"@id\":\"https:\/\/www.topdesk.com\/fr\/itsm-software\/\",\"url\":\"https:\/\/www.topdesk.com\/fr\/itsm-software\/\",\"name\":\"Logiciel ITSM TOPdesk\",\"isPartOf\":{\"@id\":\"https:\/\/www.topdesk.com\/fr\/#website\"},\"primaryImageOfPage\":{\"@id\":\"https:\/\/www.topdesk.com\/fr\/itsm-software\/#primaryimage\"},\"image\":{\"@id\":\"https:\/\/www.topdesk.com\/fr\/itsm-software\/#primaryimage\"},\"thumbnailUrl\":\"https:\/\/www.topdesk.com\/fr\/wp-content\/media\/sites\/34\/featured-image-itsm.png\",\"datePublished\":\"2024-07-11T13:49:19+00:00\",\"dateModified\":\"2025-08-28T13:45:46+00:00\",\"description\":\"Passez d'une pile de demandes et de t\u00e2ches manuelles fastidieuses \u00e0 des services informatiques fluides gr\u00e2ce au logiciel ITSM de TOPdesk. Il comprend des fonctionnalit\u00e9s comme la gestion des incidents, la gestion des biens et la gestion des probl\u00e8mes.\",\"breadcrumb\":{\"@id\":\"https:\/\/www.topdesk.com\/fr\/itsm-software\/#breadcrumb\"},\"inLanguage\":\"en-US\",\"potentialAction\":[{\"@type\":\"ReadAction\",\"target\":[\"https:\/\/www.topdesk.com\/fr\/itsm-software\/\"]}]},{\"@type\":\"ImageObject\",\"inLanguage\":\"en-US\",\"@id\":\"https:\/\/www.topdesk.com\/fr\/itsm-software\/#primaryimage\",\"url\":\"https:\/\/www.topdesk.com\/fr\/wp-content\/media\/sites\/34\/featured-image-itsm.png\",\"contentUrl\":\"https:\/\/www.topdesk.com\/fr\/wp-content\/media\/sites\/34\/featured-image-itsm.png\",\"width\":1200,\"height\":630},{\"@type\":\"BreadcrumbList\",\"@id\":\"https:\/\/www.topdesk.com\/fr\/itsm-software\/#breadcrumb\",\"itemListElement\":[{\"@type\":\"ListItem\",\"position\":1,\"name\":\"Home\",\"item\":\"https:\/\/www.topdesk.com\/fr\/\"},{\"@type\":\"ListItem\",\"position\":2,\"name\":\"ITSM Software 2024\"}]},{\"@type\":\"WebSite\",\"@id\":\"https:\/\/www.topdesk.com\/fr\/#website\",\"url\":\"https:\/\/www.topdesk.com\/fr\/\",\"name\":\"TOPdesk\",\"description\":\"\",\"publisher\":{\"@id\":\"https:\/\/www.topdesk.com\/fr\/#organization\"},\"potentialAction\":[{\"@type\":\"SearchAction\",\"target\":{\"@type\":\"EntryPoint\",\"urlTemplate\":\"https:\/\/www.topdesk.com\/fr\/?s={search_term_string}\"},\"query-input\":{\"@type\":\"PropertyValueSpecification\",\"valueRequired\":true,\"valueName\":\"search_term_string\"}}],\"inLanguage\":\"en-US\"},{\"@type\":\"Organization\",\"@id\":\"https:\/\/www.topdesk.com\/fr\/#organization\",\"name\":\"TOPdesk\",\"url\":\"https:\/\/www.topdesk.com\/fr\/\",\"logo\":{\"@type\":\"ImageObject\",\"inLanguage\":\"en-US\",\"@id\":\"https:\/\/www.topdesk.com\/fr\/#\/schema\/logo\/image\/\",\"url\":\"https:\/\/www.topdesk.com\/fr\/wp-content\/media\/sites\/34\/TOPdesk_RGB_Logo.svg\",\"contentUrl\":\"https:\/\/www.topdesk.com\/fr\/wp-content\/media\/sites\/34\/TOPdesk_RGB_Logo.svg\",\"width\":1,\"height\":1,\"caption\":\"TOPdesk\"},\"image\":{\"@id\":\"https:\/\/www.topdesk.com\/fr\/#\/schema\/logo\/image\/\"},\"sameAs\":[\"https:\/\/www.facebook.com\/TOPdesk\/\",\"https:\/\/x.com\/topdesk\",\"https:\/\/www.instagram.com\/topdeskuk\/\",\"https:\/\/www.linkedin.com\/company\/topdesk\/\",\"https:\/\/www.youtube.com\/user\/topdesk\",\"https:\/\/en.wikipedia.org\/wiki\/TOPdesk\"]}]}<\/script>\n<!-- \/ Yoast SEO Premium plugin. -->","yoast_head_json":{"title":"Logiciel ITSM TOPdesk","description":"Passez d'une pile de demandes et de t\u00e2ches manuelles fastidieuses \u00e0 des services informatiques fluides gr\u00e2ce au logiciel ITSM de TOPdesk. Il comprend des fonctionnalit\u00e9s comme la gestion des incidents, la gestion des biens et la gestion des probl\u00e8mes.","robots":{"index":"index","follow":"follow","max-snippet":"max-snippet:-1","max-image-preview":"max-image-preview:large","max-video-preview":"max-video-preview:-1"},"canonical":"https:\/\/www.topdesk.com\/fr\/itsm-software\/","og_locale":"en_US","og_type":"article","og_title":"Logiciel ITSM TOPdesk","og_description":"Passez d'une pile de demandes et de t\u00e2ches manuelles fastidieuses \u00e0 des services informatiques fluides gr\u00e2ce au logiciel ITSM de TOPdesk. Il comprend des fonctionnalit\u00e9s comme la gestion des incidents, la gestion des biens et la gestion des probl\u00e8mes.","og_url":"https:\/\/www.topdesk.com\/fr\/itsm-software\/","og_site_name":"T3 TOPdesk - FR","article_publisher":"https:\/\/www.facebook.com\/TOPdesk\/","article_modified_time":"2025-08-28T13:45:46+00:00","og_image":[{"width":1200,"height":630,"url":"https:\/\/www.topdesk.com\/fr\/wp-content\/media\/sites\/34\/featured-image-itsm.png","type":"image\/png"}],"twitter_card":"summary_large_image","twitter_title":"Logiciel ITSM TOPdesk","twitter_description":"Passez d'une pile de demandes et de t\u00e2ches manuelles fastidieuses \u00e0 des services informatiques fluides gr\u00e2ce au logiciel ITSM de TOPdesk. Il comprend des fonctionnalit\u00e9s comme la gestion des incidents, la gestion des biens et la gestion des probl\u00e8mes.","twitter_site":"@topdesk","twitter_misc":{"Est. reading time":"5 minutes"},"schema":{"@context":"https:\/\/schema.org","@graph":[{"@type":"WebPage","@id":"https:\/\/www.topdesk.com\/fr\/itsm-software\/","url":"https:\/\/www.topdesk.com\/fr\/itsm-software\/","name":"Logiciel ITSM TOPdesk","isPartOf":{"@id":"https:\/\/www.topdesk.com\/fr\/#website"},"primaryImageOfPage":{"@id":"https:\/\/www.topdesk.com\/fr\/itsm-software\/#primaryimage"},"image":{"@id":"https:\/\/www.topdesk.com\/fr\/itsm-software\/#primaryimage"},"thumbnailUrl":"https:\/\/www.topdesk.com\/fr\/wp-content\/media\/sites\/34\/featured-image-itsm.png","datePublished":"2024-07-11T13:49:19+00:00","dateModified":"2025-08-28T13:45:46+00:00","description":"Passez d'une pile de demandes et de t\u00e2ches manuelles fastidieuses \u00e0 des services informatiques fluides gr\u00e2ce au logiciel ITSM de TOPdesk. Il comprend des fonctionnalit\u00e9s comme la gestion des incidents, la gestion des biens et la gestion des probl\u00e8mes.","breadcrumb":{"@id":"https:\/\/www.topdesk.com\/fr\/itsm-software\/#breadcrumb"},"inLanguage":"en-US","potentialAction":[{"@type":"ReadAction","target":["https:\/\/www.topdesk.com\/fr\/itsm-software\/"]}]},{"@type":"ImageObject","inLanguage":"en-US","@id":"https:\/\/www.topdesk.com\/fr\/itsm-software\/#primaryimage","url":"https:\/\/www.topdesk.com\/fr\/wp-content\/media\/sites\/34\/featured-image-itsm.png","contentUrl":"https:\/\/www.topdesk.com\/fr\/wp-content\/media\/sites\/34\/featured-image-itsm.png","width":1200,"height":630},{"@type":"BreadcrumbList","@id":"https:\/\/www.topdesk.com\/fr\/itsm-software\/#breadcrumb","itemListElement":[{"@type":"ListItem","position":1,"name":"Home","item":"https:\/\/www.topdesk.com\/fr\/"},{"@type":"ListItem","position":2,"name":"ITSM Software 2024"}]},{"@type":"WebSite","@id":"https:\/\/www.topdesk.com\/fr\/#website","url":"https:\/\/www.topdesk.com\/fr\/","name":"TOPdesk","description":"","publisher":{"@id":"https:\/\/www.topdesk.com\/fr\/#organization"},"potentialAction":[{"@type":"SearchAction","target":{"@type":"EntryPoint","urlTemplate":"https:\/\/www.topdesk.com\/fr\/?s={search_term_string}"},"query-input":{"@type":"PropertyValueSpecification","valueRequired":true,"valueName":"search_term_string"}}],"inLanguage":"en-US"},{"@type":"Organization","@id":"https:\/\/www.topdesk.com\/fr\/#organization","name":"TOPdesk","url":"https:\/\/www.topdesk.com\/fr\/","logo":{"@type":"ImageObject","inLanguage":"en-US","@id":"https:\/\/www.topdesk.com\/fr\/#\/schema\/logo\/image\/","url":"https:\/\/www.topdesk.com\/fr\/wp-content\/media\/sites\/34\/TOPdesk_RGB_Logo.svg","contentUrl":"https:\/\/www.topdesk.com\/fr\/wp-content\/media\/sites\/34\/TOPdesk_RGB_Logo.svg","width":1,"height":1,"caption":"TOPdesk"},"image":{"@id":"https:\/\/www.topdesk.com\/fr\/#\/schema\/logo\/image\/"},"sameAs":["https:\/\/www.facebook.com\/TOPdesk\/","https:\/\/x.com\/topdesk","https:\/\/www.instagram.com\/topdeskuk\/","https:\/\/www.linkedin.com\/company\/topdesk\/","https:\/\/www.youtube.com\/user\/topdesk","https:\/\/en.wikipedia.org\/wiki\/TOPdesk"]}]}},"_links":{"self":[{"href":"https:\/\/www.topdesk.com\/fr\/wp-json\/wp\/v2\/pages\/16914","targetHints":{"allow":["GET"]}}],"collection":[{"href":"https:\/\/www.topdesk.com\/fr\/wp-json\/wp\/v2\/pages"}],"about":[{"href":"https:\/\/www.topdesk.com\/fr\/wp-json\/wp\/v2\/types\/page"}],"author":[{"embeddable":true,"href":"https:\/\/www.topdesk.com\/fr\/wp-json\/wp\/v2\/users\/1"}],"replies":[{"embeddable":true,"href":"https:\/\/www.topdesk.com\/fr\/wp-json\/wp\/v2\/comments?post=16914"}],"version-history":[{"count":10,"href":"https:\/\/www.topdesk.com\/fr\/wp-json\/wp\/v2\/pages\/16914\/revisions"}],"predecessor-version":[{"id":26568,"href":"https:\/\/www.topdesk.com\/fr\/wp-json\/wp\/v2\/pages\/16914\/revisions\/26568"}],"wp:featuredmedia":[{"embeddable":true,"href":"https:\/\/www.topdesk.com\/fr\/wp-json\/wp\/v2\/media\/14974"}],"wp:attachment":[{"href":"https:\/\/www.topdesk.com\/fr\/wp-json\/wp\/v2\/media?parent=16914"}],"curies":[{"name":"wp","href":"https:\/\/api.w.org\/{rel}","templated":true}]}}