{"id":360,"date":"2019-06-12T14:59:01","date_gmt":"2019-06-12T14:59:01","guid":{"rendered":"https:\/\/www.topdesk.com\/en\/?page_id=360"},"modified":"2025-08-29T09:31:14","modified_gmt":"2025-08-29T07:31:14","slug":"demo","status":"publish","type":"page","link":"https:\/\/www.topdesk.com\/fr\/demo\/","title":{"rendered":"D\u00e9mo \u00e0 la demande"},"content":{"rendered":"","protected":false},"excerpt":{"rendered":"","protected":false},"author":1,"featured_media":25830,"parent":0,"menu_order":1,"comment_status":"closed","ping_status":"closed","template":"top-flex-full-width.php","meta":{"_acf_changed":false,"_searchwp_excluded":"","inline_featured_image":false,"editor_notices":[],"footnotes":""},"class_list":["post-360","page","type-page","status-publish","has-post-thumbnail","hentry"],"acf":[],"yoast_head":"<!-- This site is optimized with the Yoast SEO Premium plugin v27.0 (Yoast SEO v27.0) - https:\/\/yoast.com\/product\/yoast-seo-premium-wordpress\/ -->\n<title>D\u00e9mo \u00e0 la demande | TOPdesk service management<\/title>\n<meta name=\"description\" content=\"Vous voulez voir comment TOPdesk apporte un excellent support ais\u00e9ment ? Ces trois minutes de d\u00e9mo vous d\u00e9voileront notre logiciel TOPdesk\" \/>\n<meta name=\"robots\" content=\"index, follow, max-snippet:-1, max-image-preview:large, max-video-preview:-1\" \/>\n<link rel=\"canonical\" href=\"https:\/\/www.topdesk.com\/fr\/demo\/\" \/>\n<meta property=\"og:locale\" content=\"en_US\" \/>\n<meta property=\"og:type\" content=\"article\" \/>\n<meta property=\"og:title\" content=\"D\u00e9mo \u00e0 la demande | Un meilleur support, des clients satisfaits | TOPdesk\" \/>\n<meta property=\"og:description\" content=\"Vous voulez voir comment TOPdesk apporte un excellent support ais\u00e9ment ? Ces trois minutes de d\u00e9mo vous d\u00e9voileront notre logiciel TOPdesk\" \/>\n<meta property=\"og:url\" content=\"https:\/\/www.topdesk.com\/fr\/demo\/\" \/>\n<meta property=\"og:site_name\" content=\"T3 TOPdesk - FR\" \/>\n<meta property=\"article:publisher\" content=\"https:\/\/www.facebook.com\/TOPdesk\/\" \/>\n<meta property=\"article:modified_time\" content=\"2025-08-29T07:31:14+00:00\" \/>\n<meta property=\"og:image\" content=\"https:\/\/www.topdesk.com\/fr\/wp-content\/media\/sites\/34\/featured-image-demo-facebook-1200x630.png\" \/>\n\t<meta property=\"og:image:width\" content=\"1200\" \/>\n\t<meta property=\"og:image:height\" content=\"630\" \/>\n\t<meta property=\"og:image:type\" content=\"image\/png\" \/>\n<meta name=\"twitter:card\" content=\"summary_large_image\" \/>\n<meta name=\"twitter:title\" content=\"Demo on-demand | TOPdesk\" \/>\n<meta name=\"twitter:description\" content=\"Want to see how TOPdesk makes great support effortless? These 3-minute demo videos will unveil our Incident Mgmt, Reporting, CMDB and workflow features.\" \/>\n<meta name=\"twitter:image\" content=\"https:\/\/www.topdesk.com\/fr\/wp-content\/media\/sites\/34\/featured-image-demo-twitter-1024x512.png\" \/>\n<meta name=\"twitter:site\" content=\"@topdesk\" \/>\n<meta name=\"twitter:label1\" content=\"Est. reading time\" \/>\n\t<meta name=\"twitter:data1\" content=\"3 minutes\" \/>\n<script type=\"application\/ld+json\" class=\"yoast-schema-graph\">{\"@context\":\"https:\/\/schema.org\",\"@graph\":[{\"@type\":\"WebPage\",\"@id\":\"https:\/\/www.topdesk.com\/fr\/demo\/\",\"url\":\"https:\/\/www.topdesk.com\/fr\/demo\/\",\"name\":\"D\u00e9mo \u00e0 la demande | TOPdesk service management\",\"isPartOf\":{\"@id\":\"https:\/\/www.topdesk.com\/fr\/#website\"},\"primaryImageOfPage\":{\"@id\":\"https:\/\/www.topdesk.com\/fr\/demo\/#primaryimage\"},\"image\":{\"@id\":\"https:\/\/www.topdesk.com\/fr\/demo\/#primaryimage\"},\"thumbnailUrl\":\"https:\/\/www.topdesk.com\/fr\/wp-content\/media\/sites\/34\/featured-image-topdesk-demo-videos.jpg\",\"datePublished\":\"2019-06-12T14:59:01+00:00\",\"dateModified\":\"2025-08-29T07:31:14+00:00\",\"description\":\"Vous voulez voir comment TOPdesk apporte un excellent support ais\u00e9ment ? Ces trois minutes de d\u00e9mo vous d\u00e9voileront notre logiciel TOPdesk\",\"breadcrumb\":{\"@id\":\"https:\/\/www.topdesk.com\/fr\/demo\/#breadcrumb\"},\"inLanguage\":\"en-US\",\"potentialAction\":[{\"@type\":\"ReadAction\",\"target\":[\"https:\/\/www.topdesk.com\/fr\/demo\/\"]}]},{\"@type\":\"ImageObject\",\"inLanguage\":\"en-US\",\"@id\":\"https:\/\/www.topdesk.com\/fr\/demo\/#primaryimage\",\"url\":\"https:\/\/www.topdesk.com\/fr\/wp-content\/media\/sites\/34\/featured-image-topdesk-demo-videos.jpg\",\"contentUrl\":\"https:\/\/www.topdesk.com\/fr\/wp-content\/media\/sites\/34\/featured-image-topdesk-demo-videos.jpg\",\"width\":1200,\"height\":629},{\"@type\":\"BreadcrumbList\",\"@id\":\"https:\/\/www.topdesk.com\/fr\/demo\/#breadcrumb\",\"itemListElement\":[{\"@type\":\"ListItem\",\"position\":1,\"name\":\"Home\",\"item\":\"https:\/\/www.topdesk.com\/fr\/\"},{\"@type\":\"ListItem\",\"position\":2,\"name\":\"D\u00e9mo \u00e0 la demande\"}]},{\"@type\":\"WebSite\",\"@id\":\"https:\/\/www.topdesk.com\/fr\/#website\",\"url\":\"https:\/\/www.topdesk.com\/fr\/\",\"name\":\"TOPdesk\",\"description\":\"\",\"publisher\":{\"@id\":\"https:\/\/www.topdesk.com\/fr\/#organization\"},\"potentialAction\":[{\"@type\":\"SearchAction\",\"target\":{\"@type\":\"EntryPoint\",\"urlTemplate\":\"https:\/\/www.topdesk.com\/fr\/?s={search_term_string}\"},\"query-input\":{\"@type\":\"PropertyValueSpecification\",\"valueRequired\":true,\"valueName\":\"search_term_string\"}}],\"inLanguage\":\"en-US\"},{\"@type\":\"Organization\",\"@id\":\"https:\/\/www.topdesk.com\/fr\/#organization\",\"name\":\"TOPdesk\",\"url\":\"https:\/\/www.topdesk.com\/fr\/\",\"logo\":{\"@type\":\"ImageObject\",\"inLanguage\":\"en-US\",\"@id\":\"https:\/\/www.topdesk.com\/fr\/#\/schema\/logo\/image\/\",\"url\":\"https:\/\/www.topdesk.com\/fr\/wp-content\/media\/sites\/34\/TOPdesk_RGB_Logo.svg\",\"contentUrl\":\"https:\/\/www.topdesk.com\/fr\/wp-content\/media\/sites\/34\/TOPdesk_RGB_Logo.svg\",\"width\":1,\"height\":1,\"caption\":\"TOPdesk\"},\"image\":{\"@id\":\"https:\/\/www.topdesk.com\/fr\/#\/schema\/logo\/image\/\"},\"sameAs\":[\"https:\/\/www.facebook.com\/TOPdesk\/\",\"https:\/\/x.com\/topdesk\",\"https:\/\/www.instagram.com\/topdeskuk\/\",\"https:\/\/www.linkedin.com\/company\/topdesk\/\",\"https:\/\/www.youtube.com\/user\/topdesk\",\"https:\/\/en.wikipedia.org\/wiki\/TOPdesk\"]}]}<\/script>\n<!-- \/ Yoast SEO Premium plugin. -->","yoast_head_json":{"title":"D\u00e9mo \u00e0 la demande | TOPdesk service management","description":"Vous voulez voir comment TOPdesk apporte un excellent support ais\u00e9ment ? Ces trois minutes de d\u00e9mo vous d\u00e9voileront notre logiciel TOPdesk","robots":{"index":"index","follow":"follow","max-snippet":"max-snippet:-1","max-image-preview":"max-image-preview:large","max-video-preview":"max-video-preview:-1"},"canonical":"https:\/\/www.topdesk.com\/fr\/demo\/","og_locale":"en_US","og_type":"article","og_title":"D\u00e9mo \u00e0 la demande | Un meilleur support, des clients satisfaits | TOPdesk","og_description":"Vous voulez voir comment TOPdesk apporte un excellent support ais\u00e9ment ? Ces trois minutes de d\u00e9mo vous d\u00e9voileront notre logiciel TOPdesk","og_url":"https:\/\/www.topdesk.com\/fr\/demo\/","og_site_name":"T3 TOPdesk - FR","article_publisher":"https:\/\/www.facebook.com\/TOPdesk\/","article_modified_time":"2025-08-29T07:31:14+00:00","og_image":[{"width":1200,"height":630,"url":"https:\/\/www.topdesk.com\/fr\/wp-content\/media\/sites\/34\/featured-image-demo-facebook-1200x630.png","type":"image\/png"}],"twitter_card":"summary_large_image","twitter_title":"Demo on-demand | TOPdesk","twitter_description":"Want to see how TOPdesk makes great support effortless? These 3-minute demo videos will unveil our Incident Mgmt, Reporting, CMDB and workflow features.","twitter_image":"https:\/\/www.topdesk.com\/fr\/wp-content\/media\/sites\/34\/featured-image-demo-twitter-1024x512.png","twitter_site":"@topdesk","twitter_misc":{"Est. reading time":"3 minutes"},"schema":{"@context":"https:\/\/schema.org","@graph":[{"@type":"WebPage","@id":"https:\/\/www.topdesk.com\/fr\/demo\/","url":"https:\/\/www.topdesk.com\/fr\/demo\/","name":"D\u00e9mo \u00e0 la demande | TOPdesk service management","isPartOf":{"@id":"https:\/\/www.topdesk.com\/fr\/#website"},"primaryImageOfPage":{"@id":"https:\/\/www.topdesk.com\/fr\/demo\/#primaryimage"},"image":{"@id":"https:\/\/www.topdesk.com\/fr\/demo\/#primaryimage"},"thumbnailUrl":"https:\/\/www.topdesk.com\/fr\/wp-content\/media\/sites\/34\/featured-image-topdesk-demo-videos.jpg","datePublished":"2019-06-12T14:59:01+00:00","dateModified":"2025-08-29T07:31:14+00:00","description":"Vous voulez voir comment TOPdesk apporte un excellent support ais\u00e9ment ? Ces trois minutes de d\u00e9mo vous d\u00e9voileront notre logiciel TOPdesk","breadcrumb":{"@id":"https:\/\/www.topdesk.com\/fr\/demo\/#breadcrumb"},"inLanguage":"en-US","potentialAction":[{"@type":"ReadAction","target":["https:\/\/www.topdesk.com\/fr\/demo\/"]}]},{"@type":"ImageObject","inLanguage":"en-US","@id":"https:\/\/www.topdesk.com\/fr\/demo\/#primaryimage","url":"https:\/\/www.topdesk.com\/fr\/wp-content\/media\/sites\/34\/featured-image-topdesk-demo-videos.jpg","contentUrl":"https:\/\/www.topdesk.com\/fr\/wp-content\/media\/sites\/34\/featured-image-topdesk-demo-videos.jpg","width":1200,"height":629},{"@type":"BreadcrumbList","@id":"https:\/\/www.topdesk.com\/fr\/demo\/#breadcrumb","itemListElement":[{"@type":"ListItem","position":1,"name":"Home","item":"https:\/\/www.topdesk.com\/fr\/"},{"@type":"ListItem","position":2,"name":"D\u00e9mo \u00e0 la demande"}]},{"@type":"WebSite","@id":"https:\/\/www.topdesk.com\/fr\/#website","url":"https:\/\/www.topdesk.com\/fr\/","name":"TOPdesk","description":"","publisher":{"@id":"https:\/\/www.topdesk.com\/fr\/#organization"},"potentialAction":[{"@type":"SearchAction","target":{"@type":"EntryPoint","urlTemplate":"https:\/\/www.topdesk.com\/fr\/?s={search_term_string}"},"query-input":{"@type":"PropertyValueSpecification","valueRequired":true,"valueName":"search_term_string"}}],"inLanguage":"en-US"},{"@type":"Organization","@id":"https:\/\/www.topdesk.com\/fr\/#organization","name":"TOPdesk","url":"https:\/\/www.topdesk.com\/fr\/","logo":{"@type":"ImageObject","inLanguage":"en-US","@id":"https:\/\/www.topdesk.com\/fr\/#\/schema\/logo\/image\/","url":"https:\/\/www.topdesk.com\/fr\/wp-content\/media\/sites\/34\/TOPdesk_RGB_Logo.svg","contentUrl":"https:\/\/www.topdesk.com\/fr\/wp-content\/media\/sites\/34\/TOPdesk_RGB_Logo.svg","width":1,"height":1,"caption":"TOPdesk"},"image":{"@id":"https:\/\/www.topdesk.com\/fr\/#\/schema\/logo\/image\/"},"sameAs":["https:\/\/www.facebook.com\/TOPdesk\/","https:\/\/x.com\/topdesk","https:\/\/www.instagram.com\/topdeskuk\/","https:\/\/www.linkedin.com\/company\/topdesk\/","https:\/\/www.youtube.com\/user\/topdesk","https:\/\/en.wikipedia.org\/wiki\/TOPdesk"]}]}},"_links":{"self":[{"href":"https:\/\/www.topdesk.com\/fr\/wp-json\/wp\/v2\/pages\/360","targetHints":{"allow":["GET"]}}],"collection":[{"href":"https:\/\/www.topdesk.com\/fr\/wp-json\/wp\/v2\/pages"}],"about":[{"href":"https:\/\/www.topdesk.com\/fr\/wp-json\/wp\/v2\/types\/page"}],"author":[{"embeddable":true,"href":"https:\/\/www.topdesk.com\/fr\/wp-json\/wp\/v2\/users\/1"}],"replies":[{"embeddable":true,"href":"https:\/\/www.topdesk.com\/fr\/wp-json\/wp\/v2\/comments?post=360"}],"version-history":[{"count":10,"href":"https:\/\/www.topdesk.com\/fr\/wp-json\/wp\/v2\/pages\/360\/revisions"}],"predecessor-version":[{"id":26601,"href":"https:\/\/www.topdesk.com\/fr\/wp-json\/wp\/v2\/pages\/360\/revisions\/26601"}],"wp:featuredmedia":[{"embeddable":true,"href":"https:\/\/www.topdesk.com\/fr\/wp-json\/wp\/v2\/media\/25830"}],"wp:attachment":[{"href":"https:\/\/www.topdesk.com\/fr\/wp-json\/wp\/v2\/media?parent=360"}],"curies":[{"name":"wp","href":"https:\/\/api.w.org\/{rel}","templated":true}]}}