{"id":29454,"date":"2025-03-24T16:51:25","date_gmt":"2025-03-24T15:51:25","guid":{"rendered":"https:\/\/www.topdesk.com\/hu\/?page_id=29454"},"modified":"2025-09-08T14:08:51","modified_gmt":"2025-09-08T12:08:51","slug":"lepj-kapcsolatba-velunk","status":"publish","type":"page","link":"https:\/\/www.topdesk.com\/hu\/arak\/lepj-kapcsolatba-velunk\/","title":{"rendered":"L\u00e9pj kapcsolatba vel\u00fcnk!"},"content":{"rendered":"","protected":false},"excerpt":{"rendered":"","protected":false},"author":1,"featured_media":29655,"parent":29451,"menu_order":0,"comment_status":"closed","ping_status":"closed","template":"top-flex-full-width.php","meta":{"_acf_changed":false,"_searchwp_excluded":"","inline_featured_image":false,"editor_notices":[],"footnotes":""},"class_list":["post-29454","page","type-page","status-publish","has-post-thumbnail","hentry"],"acf":[],"yoast_head":"<!-- This site is optimized with the Yoast SEO Premium plugin v27.0 (Yoast SEO v27.0) - https:\/\/yoast.com\/product\/yoast-seo-premium-wordpress\/ -->\n<title>Ig\u00e9nyelj ingyenes TOPdesk \u00e1raj\u00e1nlatot - k\u00f6t\u00f6tts\u00e9gek n\u00e9lk\u00fcl<\/title>\n<meta name=\"description\" content=\"Szerezz ingyenes, szem\u00e9lyre szabott TOPdesk \u00e1raj\u00e1nlatot! N\u00e9zd meg, melyik csomag felel meg ig\u00e9nyeidnek. Nincs k\u00f6t\u00f6tts\u00e9g.\" \/>\n<meta name=\"robots\" content=\"index, follow, max-snippet:-1, max-image-preview:large, max-video-preview:-1\" \/>\n<link rel=\"canonical\" href=\"https:\/\/www.topdesk.com\/hu\/arak\/lepj-kapcsolatba-velunk\/\" \/>\n<meta property=\"og:locale\" content=\"en_US\" \/>\n<meta property=\"og:type\" content=\"article\" \/>\n<meta property=\"og:title\" content=\"Ig\u00e9nyelj ingyenes TOPdesk \u00e1raj\u00e1nlatot - k\u00f6t\u00f6tts\u00e9gek n\u00e9lk\u00fcl\" \/>\n<meta property=\"og:description\" content=\"Szerezz ingyenes, szem\u00e9lyre szabott TOPdesk \u00e1raj\u00e1nlatot! N\u00e9zd meg, melyik csomag felel meg ig\u00e9nyeidnek. Nincs k\u00f6t\u00f6tts\u00e9g.\" \/>\n<meta property=\"og:url\" content=\"https:\/\/www.topdesk.com\/hu\/arak\/lepj-kapcsolatba-velunk\/\" \/>\n<meta property=\"og:site_name\" content=\"T3 TOPdesk - HU\" \/>\n<meta property=\"article:publisher\" content=\"https:\/\/www.facebook.com\/TOPdesk\/\" \/>\n<meta property=\"article:modified_time\" content=\"2025-09-08T12:08:51+00:00\" \/>\n<meta property=\"og:image\" content=\"https:\/\/www.topdesk.com\/hu\/wp-content\/media\/sites\/51\/featured-image-pricing-request-a-quote.jpg\" \/>\n\t<meta property=\"og:image:width\" content=\"1200\" \/>\n\t<meta property=\"og:image:height\" content=\"628\" \/>\n\t<meta property=\"og:image:type\" content=\"image\/jpeg\" \/>\n<meta name=\"twitter:card\" content=\"summary_large_image\" \/>\n<meta name=\"twitter:title\" content=\"Ig\u00e9nyelj ingyenes TOPdesk \u00e1raj\u00e1nlatot - k\u00f6t\u00f6tts\u00e9gek n\u00e9lk\u00fcl\" \/>\n<meta name=\"twitter:site\" content=\"@topdesk\" \/>\n<meta name=\"twitter:label1\" content=\"Est. reading time\" \/>\n\t<meta name=\"twitter:data1\" content=\"2 minutes\" \/>\n<script type=\"application\/ld+json\" class=\"yoast-schema-graph\">{\"@context\":\"https:\/\/schema.org\",\"@graph\":[{\"@type\":\"WebPage\",\"@id\":\"https:\/\/www.topdesk.com\/hu\/arak\/lepj-kapcsolatba-velunk\/\",\"url\":\"https:\/\/www.topdesk.com\/hu\/arak\/lepj-kapcsolatba-velunk\/\",\"name\":\"Ig\u00e9nyelj ingyenes TOPdesk \u00e1raj\u00e1nlatot - k\u00f6t\u00f6tts\u00e9gek n\u00e9lk\u00fcl\",\"isPartOf\":{\"@id\":\"https:\/\/www.topdesk.com\/hu\/#website\"},\"primaryImageOfPage\":{\"@id\":\"https:\/\/www.topdesk.com\/hu\/arak\/lepj-kapcsolatba-velunk\/#primaryimage\"},\"image\":{\"@id\":\"https:\/\/www.topdesk.com\/hu\/arak\/lepj-kapcsolatba-velunk\/#primaryimage\"},\"thumbnailUrl\":\"https:\/\/www.topdesk.com\/hu\/wp-content\/media\/sites\/51\/featured-image-pricing-request-a-quote.jpg\",\"datePublished\":\"2025-03-24T15:51:25+00:00\",\"dateModified\":\"2025-09-08T12:08:51+00:00\",\"description\":\"Szerezz ingyenes, szem\u00e9lyre szabott TOPdesk \u00e1raj\u00e1nlatot! N\u00e9zd meg, melyik csomag felel meg ig\u00e9nyeidnek. Nincs k\u00f6t\u00f6tts\u00e9g.\",\"breadcrumb\":{\"@id\":\"https:\/\/www.topdesk.com\/hu\/arak\/lepj-kapcsolatba-velunk\/#breadcrumb\"},\"inLanguage\":\"en-US\",\"potentialAction\":[{\"@type\":\"ReadAction\",\"target\":[\"https:\/\/www.topdesk.com\/hu\/arak\/lepj-kapcsolatba-velunk\/\"]}]},{\"@type\":\"ImageObject\",\"inLanguage\":\"en-US\",\"@id\":\"https:\/\/www.topdesk.com\/hu\/arak\/lepj-kapcsolatba-velunk\/#primaryimage\",\"url\":\"https:\/\/www.topdesk.com\/hu\/wp-content\/media\/sites\/51\/featured-image-pricing-request-a-quote.jpg\",\"contentUrl\":\"https:\/\/www.topdesk.com\/hu\/wp-content\/media\/sites\/51\/featured-image-pricing-request-a-quote.jpg\",\"width\":1200,\"height\":628},{\"@type\":\"BreadcrumbList\",\"@id\":\"https:\/\/www.topdesk.com\/hu\/arak\/lepj-kapcsolatba-velunk\/#breadcrumb\",\"itemListElement\":[{\"@type\":\"ListItem\",\"position\":1,\"name\":\"Home\",\"item\":\"https:\/\/www.topdesk.com\/hu\/\"},{\"@type\":\"ListItem\",\"position\":2,\"name\":\"\u00c1rak\",\"item\":\"https:\/\/www.topdesk.com\/hu\/arak\/\"},{\"@type\":\"ListItem\",\"position\":3,\"name\":\"L\u00e9pj kapcsolatba vel\u00fcnk!\"}]},{\"@type\":\"WebSite\",\"@id\":\"https:\/\/www.topdesk.com\/hu\/#website\",\"url\":\"https:\/\/www.topdesk.com\/hu\/\",\"name\":\"TOPdesk\",\"description\":\"\",\"publisher\":{\"@id\":\"https:\/\/www.topdesk.com\/hu\/#organization\"},\"potentialAction\":[{\"@type\":\"SearchAction\",\"target\":{\"@type\":\"EntryPoint\",\"urlTemplate\":\"https:\/\/www.topdesk.com\/hu\/?s={search_term_string}\"},\"query-input\":{\"@type\":\"PropertyValueSpecification\",\"valueRequired\":true,\"valueName\":\"search_term_string\"}}],\"inLanguage\":\"en-US\"},{\"@type\":\"Organization\",\"@id\":\"https:\/\/www.topdesk.com\/hu\/#organization\",\"name\":\"TOPdesk\",\"url\":\"https:\/\/www.topdesk.com\/hu\/\",\"logo\":{\"@type\":\"ImageObject\",\"inLanguage\":\"en-US\",\"@id\":\"https:\/\/www.topdesk.com\/hu\/#\/schema\/logo\/image\/\",\"url\":\"https:\/\/www.topdesk.com\/hu\/wp-content\/media\/sites\/51\/TOPdesk_RGB_Logo.svg\",\"contentUrl\":\"https:\/\/www.topdesk.com\/hu\/wp-content\/media\/sites\/51\/TOPdesk_RGB_Logo.svg\",\"width\":1,\"height\":1,\"caption\":\"TOPdesk\"},\"image\":{\"@id\":\"https:\/\/www.topdesk.com\/hu\/#\/schema\/logo\/image\/\"},\"sameAs\":[\"https:\/\/www.facebook.com\/TOPdesk\/\",\"https:\/\/x.com\/topdesk\",\"https:\/\/www.instagram.com\/topdeskuk\/\",\"https:\/\/www.linkedin.com\/company\/topdesk\/\",\"https:\/\/www.youtube.com\/user\/topdesk\",\"https:\/\/en.wikipedia.org\/wiki\/TOPdesk\"]}]}<\/script>\n<!-- \/ Yoast SEO Premium plugin. -->","yoast_head_json":{"title":"Ig\u00e9nyelj ingyenes TOPdesk \u00e1raj\u00e1nlatot - k\u00f6t\u00f6tts\u00e9gek n\u00e9lk\u00fcl","description":"Szerezz ingyenes, szem\u00e9lyre szabott TOPdesk \u00e1raj\u00e1nlatot! N\u00e9zd meg, melyik csomag felel meg ig\u00e9nyeidnek. Nincs k\u00f6t\u00f6tts\u00e9g.","robots":{"index":"index","follow":"follow","max-snippet":"max-snippet:-1","max-image-preview":"max-image-preview:large","max-video-preview":"max-video-preview:-1"},"canonical":"https:\/\/www.topdesk.com\/hu\/arak\/lepj-kapcsolatba-velunk\/","og_locale":"en_US","og_type":"article","og_title":"Ig\u00e9nyelj ingyenes TOPdesk \u00e1raj\u00e1nlatot - k\u00f6t\u00f6tts\u00e9gek n\u00e9lk\u00fcl","og_description":"Szerezz ingyenes, szem\u00e9lyre szabott TOPdesk \u00e1raj\u00e1nlatot! N\u00e9zd meg, melyik csomag felel meg ig\u00e9nyeidnek. Nincs k\u00f6t\u00f6tts\u00e9g.","og_url":"https:\/\/www.topdesk.com\/hu\/arak\/lepj-kapcsolatba-velunk\/","og_site_name":"T3 TOPdesk - HU","article_publisher":"https:\/\/www.facebook.com\/TOPdesk\/","article_modified_time":"2025-09-08T12:08:51+00:00","og_image":[{"width":1200,"height":628,"url":"https:\/\/www.topdesk.com\/hu\/wp-content\/media\/sites\/51\/featured-image-pricing-request-a-quote.jpg","type":"image\/jpeg"}],"twitter_card":"summary_large_image","twitter_title":"Ig\u00e9nyelj ingyenes TOPdesk \u00e1raj\u00e1nlatot - k\u00f6t\u00f6tts\u00e9gek n\u00e9lk\u00fcl","twitter_site":"@topdesk","twitter_misc":{"Est. reading time":"2 minutes"},"schema":{"@context":"https:\/\/schema.org","@graph":[{"@type":"WebPage","@id":"https:\/\/www.topdesk.com\/hu\/arak\/lepj-kapcsolatba-velunk\/","url":"https:\/\/www.topdesk.com\/hu\/arak\/lepj-kapcsolatba-velunk\/","name":"Ig\u00e9nyelj ingyenes TOPdesk \u00e1raj\u00e1nlatot - k\u00f6t\u00f6tts\u00e9gek n\u00e9lk\u00fcl","isPartOf":{"@id":"https:\/\/www.topdesk.com\/hu\/#website"},"primaryImageOfPage":{"@id":"https:\/\/www.topdesk.com\/hu\/arak\/lepj-kapcsolatba-velunk\/#primaryimage"},"image":{"@id":"https:\/\/www.topdesk.com\/hu\/arak\/lepj-kapcsolatba-velunk\/#primaryimage"},"thumbnailUrl":"https:\/\/www.topdesk.com\/hu\/wp-content\/media\/sites\/51\/featured-image-pricing-request-a-quote.jpg","datePublished":"2025-03-24T15:51:25+00:00","dateModified":"2025-09-08T12:08:51+00:00","description":"Szerezz ingyenes, szem\u00e9lyre szabott TOPdesk \u00e1raj\u00e1nlatot! N\u00e9zd meg, melyik csomag felel meg ig\u00e9nyeidnek. Nincs k\u00f6t\u00f6tts\u00e9g.","breadcrumb":{"@id":"https:\/\/www.topdesk.com\/hu\/arak\/lepj-kapcsolatba-velunk\/#breadcrumb"},"inLanguage":"en-US","potentialAction":[{"@type":"ReadAction","target":["https:\/\/www.topdesk.com\/hu\/arak\/lepj-kapcsolatba-velunk\/"]}]},{"@type":"ImageObject","inLanguage":"en-US","@id":"https:\/\/www.topdesk.com\/hu\/arak\/lepj-kapcsolatba-velunk\/#primaryimage","url":"https:\/\/www.topdesk.com\/hu\/wp-content\/media\/sites\/51\/featured-image-pricing-request-a-quote.jpg","contentUrl":"https:\/\/www.topdesk.com\/hu\/wp-content\/media\/sites\/51\/featured-image-pricing-request-a-quote.jpg","width":1200,"height":628},{"@type":"BreadcrumbList","@id":"https:\/\/www.topdesk.com\/hu\/arak\/lepj-kapcsolatba-velunk\/#breadcrumb","itemListElement":[{"@type":"ListItem","position":1,"name":"Home","item":"https:\/\/www.topdesk.com\/hu\/"},{"@type":"ListItem","position":2,"name":"\u00c1rak","item":"https:\/\/www.topdesk.com\/hu\/arak\/"},{"@type":"ListItem","position":3,"name":"L\u00e9pj kapcsolatba vel\u00fcnk!"}]},{"@type":"WebSite","@id":"https:\/\/www.topdesk.com\/hu\/#website","url":"https:\/\/www.topdesk.com\/hu\/","name":"TOPdesk","description":"","publisher":{"@id":"https:\/\/www.topdesk.com\/hu\/#organization"},"potentialAction":[{"@type":"SearchAction","target":{"@type":"EntryPoint","urlTemplate":"https:\/\/www.topdesk.com\/hu\/?s={search_term_string}"},"query-input":{"@type":"PropertyValueSpecification","valueRequired":true,"valueName":"search_term_string"}}],"inLanguage":"en-US"},{"@type":"Organization","@id":"https:\/\/www.topdesk.com\/hu\/#organization","name":"TOPdesk","url":"https:\/\/www.topdesk.com\/hu\/","logo":{"@type":"ImageObject","inLanguage":"en-US","@id":"https:\/\/www.topdesk.com\/hu\/#\/schema\/logo\/image\/","url":"https:\/\/www.topdesk.com\/hu\/wp-content\/media\/sites\/51\/TOPdesk_RGB_Logo.svg","contentUrl":"https:\/\/www.topdesk.com\/hu\/wp-content\/media\/sites\/51\/TOPdesk_RGB_Logo.svg","width":1,"height":1,"caption":"TOPdesk"},"image":{"@id":"https:\/\/www.topdesk.com\/hu\/#\/schema\/logo\/image\/"},"sameAs":["https:\/\/www.facebook.com\/TOPdesk\/","https:\/\/x.com\/topdesk","https:\/\/www.instagram.com\/topdeskuk\/","https:\/\/www.linkedin.com\/company\/topdesk\/","https:\/\/www.youtube.com\/user\/topdesk","https:\/\/en.wikipedia.org\/wiki\/TOPdesk"]}]}},"_links":{"self":[{"href":"https:\/\/www.topdesk.com\/hu\/wp-json\/wp\/v2\/pages\/29454","targetHints":{"allow":["GET"]}}],"collection":[{"href":"https:\/\/www.topdesk.com\/hu\/wp-json\/wp\/v2\/pages"}],"about":[{"href":"https:\/\/www.topdesk.com\/hu\/wp-json\/wp\/v2\/types\/page"}],"author":[{"embeddable":true,"href":"https:\/\/www.topdesk.com\/hu\/wp-json\/wp\/v2\/users\/1"}],"replies":[{"embeddable":true,"href":"https:\/\/www.topdesk.com\/hu\/wp-json\/wp\/v2\/comments?post=29454"}],"version-history":[{"count":10,"href":"https:\/\/www.topdesk.com\/hu\/wp-json\/wp\/v2\/pages\/29454\/revisions"}],"predecessor-version":[{"id":31689,"href":"https:\/\/www.topdesk.com\/hu\/wp-json\/wp\/v2\/pages\/29454\/revisions\/31689"}],"up":[{"embeddable":true,"href":"https:\/\/www.topdesk.com\/hu\/wp-json\/wp\/v2\/pages\/29451"}],"wp:featuredmedia":[{"embeddable":true,"href":"https:\/\/www.topdesk.com\/hu\/wp-json\/wp\/v2\/media\/29655"}],"wp:attachment":[{"href":"https:\/\/www.topdesk.com\/hu\/wp-json\/wp\/v2\/media?parent=29454"}],"curies":[{"name":"wp","href":"https:\/\/api.w.org\/{rel}","templated":true}]}}