{"id":30861,"date":"2025-07-02T15:28:22","date_gmt":"2025-07-02T13:28:22","guid":{"rendered":"https:\/\/www.topdesk.com\/hu\/?page_id=30861"},"modified":"2025-07-31T09:50:07","modified_gmt":"2025-07-31T07:50:07","slug":"itsm-roi-kalkulator","status":"publish","type":"page","link":"https:\/\/www.topdesk.com\/hu\/eszkozok\/itsm-roi-kalkulator\/","title":{"rendered":"ITSM ROI Kalkul\u00e1tor"},"content":{"rendered":"","protected":false},"excerpt":{"rendered":"","protected":false},"author":379,"featured_media":30021,"parent":30849,"menu_order":0,"comment_status":"closed","ping_status":"closed","template":"roi-calculator.php","meta":{"_acf_changed":false,"_searchwp_excluded":"","inline_featured_image":false,"editor_notices":[],"footnotes":""},"class_list":["post-30861","page","type-page","status-publish","has-post-thumbnail","hentry"],"acf":[],"yoast_head":"<!-- This site is optimized with the Yoast SEO Premium plugin v27.0 (Yoast SEO v27.0) - https:\/\/yoast.com\/product\/yoast-seo-premium-wordpress\/ -->\n<title>ITSM ROI Kalkul\u00e1tor | Tudd meg percek alatt, meg\u00e9ri-e<\/title>\n<meta name=\"description\" content=\"Ingyenes kalkul\u00e1tor ITSM k\u00f6lts\u00e9gek \u00e9s hasznok \u00f6sszehasonl\u00edt\u00e1s\u00e1hoz csapatm\u00e9ret \u00e9s ipar\u00e1g alapj\u00e1n \u2013 hozd meg a legjobb d\u00f6nt\u00e9st!\" \/>\n<meta name=\"robots\" content=\"index, follow, max-snippet:-1, max-image-preview:large, max-video-preview:-1\" \/>\n<link rel=\"canonical\" href=\"https:\/\/www.topdesk.com\/hu\/eszkozok\/itsm-roi-kalkulator\/\" \/>\n<meta property=\"og:locale\" content=\"en_US\" \/>\n<meta property=\"og:type\" content=\"article\" \/>\n<meta property=\"og:title\" content=\"ITSM ROI Kalkul\u00e1tor | Sz\u00ednvonalas t\u00e1mogat\u00e1s, boldog \u00fcgyfelek | TOPdesk\" \/>\n<meta property=\"og:description\" content=\"Ingyenes kalkul\u00e1tor ITSM k\u00f6lts\u00e9gek \u00e9s hasznok \u00f6sszehasonl\u00edt\u00e1s\u00e1hoz csapatm\u00e9ret \u00e9s ipar\u00e1g alapj\u00e1n \u2013 hozd meg a legjobb d\u00f6nt\u00e9st!\" \/>\n<meta property=\"og:url\" content=\"https:\/\/www.topdesk.com\/hu\/eszkozok\/itsm-roi-kalkulator\/\" \/>\n<meta property=\"og:site_name\" content=\"T3 TOPdesk - HU\" \/>\n<meta property=\"article:publisher\" content=\"https:\/\/www.facebook.com\/TOPdesk\/\" \/>\n<meta property=\"article:modified_time\" content=\"2025-07-31T07:50:07+00:00\" \/>\n<meta property=\"og:image\" content=\"https:\/\/www.topdesk.com\/hu\/wp-content\/media\/sites\/51\/featured-image-default-topdesk-logo.png\" \/>\n\t<meta property=\"og:image:width\" content=\"1200\" \/>\n\t<meta property=\"og:image:height\" content=\"628\" \/>\n\t<meta property=\"og:image:type\" content=\"image\/png\" \/>\n<meta name=\"twitter:card\" content=\"summary_large_image\" \/>\n<meta name=\"twitter:site\" content=\"@topdesk\" \/>\n<meta name=\"twitter:label1\" content=\"Est. reading time\" \/>\n\t<meta name=\"twitter:data1\" content=\"3 minutes\" \/>\n<script type=\"application\/ld+json\" class=\"yoast-schema-graph\">{\"@context\":\"https:\/\/schema.org\",\"@graph\":[{\"@type\":\"WebPage\",\"@id\":\"https:\/\/www.topdesk.com\/hu\/eszkozok\/itsm-roi-kalkulator\/\",\"url\":\"https:\/\/www.topdesk.com\/hu\/eszkozok\/itsm-roi-kalkulator\/\",\"name\":\"ITSM ROI Kalkul\u00e1tor | Tudd meg percek alatt, meg\u00e9ri-e\",\"isPartOf\":{\"@id\":\"https:\/\/www.topdesk.com\/hu\/#website\"},\"primaryImageOfPage\":{\"@id\":\"https:\/\/www.topdesk.com\/hu\/eszkozok\/itsm-roi-kalkulator\/#primaryimage\"},\"image\":{\"@id\":\"https:\/\/www.topdesk.com\/hu\/eszkozok\/itsm-roi-kalkulator\/#primaryimage\"},\"thumbnailUrl\":\"https:\/\/www.topdesk.com\/hu\/wp-content\/media\/sites\/51\/featured-image-default-topdesk-logo.png\",\"datePublished\":\"2025-07-02T13:28:22+00:00\",\"dateModified\":\"2025-07-31T07:50:07+00:00\",\"description\":\"Ingyenes kalkul\u00e1tor ITSM k\u00f6lts\u00e9gek \u00e9s hasznok \u00f6sszehasonl\u00edt\u00e1s\u00e1hoz csapatm\u00e9ret \u00e9s ipar\u00e1g alapj\u00e1n \u2013 hozd meg a legjobb d\u00f6nt\u00e9st!\",\"breadcrumb\":{\"@id\":\"https:\/\/www.topdesk.com\/hu\/eszkozok\/itsm-roi-kalkulator\/#breadcrumb\"},\"inLanguage\":\"en-US\",\"potentialAction\":[{\"@type\":\"ReadAction\",\"target\":[\"https:\/\/www.topdesk.com\/hu\/eszkozok\/itsm-roi-kalkulator\/\"]}]},{\"@type\":\"ImageObject\",\"inLanguage\":\"en-US\",\"@id\":\"https:\/\/www.topdesk.com\/hu\/eszkozok\/itsm-roi-kalkulator\/#primaryimage\",\"url\":\"https:\/\/www.topdesk.com\/hu\/wp-content\/media\/sites\/51\/featured-image-default-topdesk-logo.png\",\"contentUrl\":\"https:\/\/www.topdesk.com\/hu\/wp-content\/media\/sites\/51\/featured-image-default-topdesk-logo.png\",\"width\":1200,\"height\":628},{\"@type\":\"BreadcrumbList\",\"@id\":\"https:\/\/www.topdesk.com\/hu\/eszkozok\/itsm-roi-kalkulator\/#breadcrumb\",\"itemListElement\":[{\"@type\":\"ListItem\",\"position\":1,\"name\":\"Home\",\"item\":\"https:\/\/www.topdesk.com\/hu\/\"},{\"@type\":\"ListItem\",\"position\":2,\"name\":\"Eszk\u00f6z\u00f6k\",\"item\":\"https:\/\/www.topdesk.com\/hu\/eszkozok\/\"},{\"@type\":\"ListItem\",\"position\":3,\"name\":\"ITSM ROI Kalkul\u00e1tor\"}]},{\"@type\":\"WebSite\",\"@id\":\"https:\/\/www.topdesk.com\/hu\/#website\",\"url\":\"https:\/\/www.topdesk.com\/hu\/\",\"name\":\"TOPdesk\",\"description\":\"\",\"publisher\":{\"@id\":\"https:\/\/www.topdesk.com\/hu\/#organization\"},\"potentialAction\":[{\"@type\":\"SearchAction\",\"target\":{\"@type\":\"EntryPoint\",\"urlTemplate\":\"https:\/\/www.topdesk.com\/hu\/?s={search_term_string}\"},\"query-input\":{\"@type\":\"PropertyValueSpecification\",\"valueRequired\":true,\"valueName\":\"search_term_string\"}}],\"inLanguage\":\"en-US\"},{\"@type\":\"Organization\",\"@id\":\"https:\/\/www.topdesk.com\/hu\/#organization\",\"name\":\"TOPdesk\",\"url\":\"https:\/\/www.topdesk.com\/hu\/\",\"logo\":{\"@type\":\"ImageObject\",\"inLanguage\":\"en-US\",\"@id\":\"https:\/\/www.topdesk.com\/hu\/#\/schema\/logo\/image\/\",\"url\":\"https:\/\/www.topdesk.com\/hu\/wp-content\/media\/sites\/51\/TOPdesk_RGB_Logo.svg\",\"contentUrl\":\"https:\/\/www.topdesk.com\/hu\/wp-content\/media\/sites\/51\/TOPdesk_RGB_Logo.svg\",\"width\":1,\"height\":1,\"caption\":\"TOPdesk\"},\"image\":{\"@id\":\"https:\/\/www.topdesk.com\/hu\/#\/schema\/logo\/image\/\"},\"sameAs\":[\"https:\/\/www.facebook.com\/TOPdesk\/\",\"https:\/\/x.com\/topdesk\",\"https:\/\/www.instagram.com\/topdeskuk\/\",\"https:\/\/www.linkedin.com\/company\/topdesk\/\",\"https:\/\/www.youtube.com\/user\/topdesk\",\"https:\/\/en.wikipedia.org\/wiki\/TOPdesk\"]}]}<\/script>\n<!-- \/ Yoast SEO Premium plugin. -->","yoast_head_json":{"title":"ITSM ROI Kalkul\u00e1tor | Tudd meg percek alatt, meg\u00e9ri-e","description":"Ingyenes kalkul\u00e1tor ITSM k\u00f6lts\u00e9gek \u00e9s hasznok \u00f6sszehasonl\u00edt\u00e1s\u00e1hoz csapatm\u00e9ret \u00e9s ipar\u00e1g alapj\u00e1n \u2013 hozd meg a legjobb d\u00f6nt\u00e9st!","robots":{"index":"index","follow":"follow","max-snippet":"max-snippet:-1","max-image-preview":"max-image-preview:large","max-video-preview":"max-video-preview:-1"},"canonical":"https:\/\/www.topdesk.com\/hu\/eszkozok\/itsm-roi-kalkulator\/","og_locale":"en_US","og_type":"article","og_title":"ITSM ROI Kalkul\u00e1tor | Sz\u00ednvonalas t\u00e1mogat\u00e1s, boldog \u00fcgyfelek | TOPdesk","og_description":"Ingyenes kalkul\u00e1tor ITSM k\u00f6lts\u00e9gek \u00e9s hasznok \u00f6sszehasonl\u00edt\u00e1s\u00e1hoz csapatm\u00e9ret \u00e9s ipar\u00e1g alapj\u00e1n \u2013 hozd meg a legjobb d\u00f6nt\u00e9st!","og_url":"https:\/\/www.topdesk.com\/hu\/eszkozok\/itsm-roi-kalkulator\/","og_site_name":"T3 TOPdesk - HU","article_publisher":"https:\/\/www.facebook.com\/TOPdesk\/","article_modified_time":"2025-07-31T07:50:07+00:00","og_image":[{"width":1200,"height":628,"url":"https:\/\/www.topdesk.com\/hu\/wp-content\/media\/sites\/51\/featured-image-default-topdesk-logo.png","type":"image\/png"}],"twitter_card":"summary_large_image","twitter_site":"@topdesk","twitter_misc":{"Est. reading time":"3 minutes"},"schema":{"@context":"https:\/\/schema.org","@graph":[{"@type":"WebPage","@id":"https:\/\/www.topdesk.com\/hu\/eszkozok\/itsm-roi-kalkulator\/","url":"https:\/\/www.topdesk.com\/hu\/eszkozok\/itsm-roi-kalkulator\/","name":"ITSM ROI Kalkul\u00e1tor | Tudd meg percek alatt, meg\u00e9ri-e","isPartOf":{"@id":"https:\/\/www.topdesk.com\/hu\/#website"},"primaryImageOfPage":{"@id":"https:\/\/www.topdesk.com\/hu\/eszkozok\/itsm-roi-kalkulator\/#primaryimage"},"image":{"@id":"https:\/\/www.topdesk.com\/hu\/eszkozok\/itsm-roi-kalkulator\/#primaryimage"},"thumbnailUrl":"https:\/\/www.topdesk.com\/hu\/wp-content\/media\/sites\/51\/featured-image-default-topdesk-logo.png","datePublished":"2025-07-02T13:28:22+00:00","dateModified":"2025-07-31T07:50:07+00:00","description":"Ingyenes kalkul\u00e1tor ITSM k\u00f6lts\u00e9gek \u00e9s hasznok \u00f6sszehasonl\u00edt\u00e1s\u00e1hoz csapatm\u00e9ret \u00e9s ipar\u00e1g alapj\u00e1n \u2013 hozd meg a legjobb d\u00f6nt\u00e9st!","breadcrumb":{"@id":"https:\/\/www.topdesk.com\/hu\/eszkozok\/itsm-roi-kalkulator\/#breadcrumb"},"inLanguage":"en-US","potentialAction":[{"@type":"ReadAction","target":["https:\/\/www.topdesk.com\/hu\/eszkozok\/itsm-roi-kalkulator\/"]}]},{"@type":"ImageObject","inLanguage":"en-US","@id":"https:\/\/www.topdesk.com\/hu\/eszkozok\/itsm-roi-kalkulator\/#primaryimage","url":"https:\/\/www.topdesk.com\/hu\/wp-content\/media\/sites\/51\/featured-image-default-topdesk-logo.png","contentUrl":"https:\/\/www.topdesk.com\/hu\/wp-content\/media\/sites\/51\/featured-image-default-topdesk-logo.png","width":1200,"height":628},{"@type":"BreadcrumbList","@id":"https:\/\/www.topdesk.com\/hu\/eszkozok\/itsm-roi-kalkulator\/#breadcrumb","itemListElement":[{"@type":"ListItem","position":1,"name":"Home","item":"https:\/\/www.topdesk.com\/hu\/"},{"@type":"ListItem","position":2,"name":"Eszk\u00f6z\u00f6k","item":"https:\/\/www.topdesk.com\/hu\/eszkozok\/"},{"@type":"ListItem","position":3,"name":"ITSM ROI Kalkul\u00e1tor"}]},{"@type":"WebSite","@id":"https:\/\/www.topdesk.com\/hu\/#website","url":"https:\/\/www.topdesk.com\/hu\/","name":"TOPdesk","description":"","publisher":{"@id":"https:\/\/www.topdesk.com\/hu\/#organization"},"potentialAction":[{"@type":"SearchAction","target":{"@type":"EntryPoint","urlTemplate":"https:\/\/www.topdesk.com\/hu\/?s={search_term_string}"},"query-input":{"@type":"PropertyValueSpecification","valueRequired":true,"valueName":"search_term_string"}}],"inLanguage":"en-US"},{"@type":"Organization","@id":"https:\/\/www.topdesk.com\/hu\/#organization","name":"TOPdesk","url":"https:\/\/www.topdesk.com\/hu\/","logo":{"@type":"ImageObject","inLanguage":"en-US","@id":"https:\/\/www.topdesk.com\/hu\/#\/schema\/logo\/image\/","url":"https:\/\/www.topdesk.com\/hu\/wp-content\/media\/sites\/51\/TOPdesk_RGB_Logo.svg","contentUrl":"https:\/\/www.topdesk.com\/hu\/wp-content\/media\/sites\/51\/TOPdesk_RGB_Logo.svg","width":1,"height":1,"caption":"TOPdesk"},"image":{"@id":"https:\/\/www.topdesk.com\/hu\/#\/schema\/logo\/image\/"},"sameAs":["https:\/\/www.facebook.com\/TOPdesk\/","https:\/\/x.com\/topdesk","https:\/\/www.instagram.com\/topdeskuk\/","https:\/\/www.linkedin.com\/company\/topdesk\/","https:\/\/www.youtube.com\/user\/topdesk","https:\/\/en.wikipedia.org\/wiki\/TOPdesk"]}]}},"_links":{"self":[{"href":"https:\/\/www.topdesk.com\/hu\/wp-json\/wp\/v2\/pages\/30861","targetHints":{"allow":["GET"]}}],"collection":[{"href":"https:\/\/www.topdesk.com\/hu\/wp-json\/wp\/v2\/pages"}],"about":[{"href":"https:\/\/www.topdesk.com\/hu\/wp-json\/wp\/v2\/types\/page"}],"author":[{"embeddable":true,"href":"https:\/\/www.topdesk.com\/hu\/wp-json\/wp\/v2\/users\/379"}],"replies":[{"embeddable":true,"href":"https:\/\/www.topdesk.com\/hu\/wp-json\/wp\/v2\/comments?post=30861"}],"version-history":[{"count":10,"href":"https:\/\/www.topdesk.com\/hu\/wp-json\/wp\/v2\/pages\/30861\/revisions"}],"predecessor-version":[{"id":31236,"href":"https:\/\/www.topdesk.com\/hu\/wp-json\/wp\/v2\/pages\/30861\/revisions\/31236"}],"up":[{"embeddable":true,"href":"https:\/\/www.topdesk.com\/hu\/wp-json\/wp\/v2\/pages\/30849"}],"wp:featuredmedia":[{"embeddable":true,"href":"https:\/\/www.topdesk.com\/hu\/wp-json\/wp\/v2\/media\/30021"}],"wp:attachment":[{"href":"https:\/\/www.topdesk.com\/hu\/wp-json\/wp\/v2\/media?parent=30861"}],"curies":[{"name":"wp","href":"https:\/\/api.w.org\/{rel}","templated":true}]}}