{"id":802,"date":"2019-10-07T09:18:15","date_gmt":"2019-10-07T09:18:15","guid":{"rendered":"http:\/\/pc1815\/macgyver\/?page_id=802"},"modified":"2025-09-08T14:11:06","modified_gmt":"2025-09-08T12:11:06","slug":"vallalati-szolgaltatasmenedzsment","status":"publish","type":"page","link":"https:\/\/www.topdesk.com\/hu\/vallalati-szolgaltatasmenedzsment\/","title":{"rendered":"V\u00e1llalati szolg\u00e1ltat\u00e1smenedzsment"},"content":{"rendered":"","protected":false},"excerpt":{"rendered":"","protected":false},"author":1,"featured_media":31308,"parent":0,"menu_order":0,"comment_status":"closed","ping_status":"closed","template":"top-flex-full-width.php","meta":{"_acf_changed":false,"_searchwp_excluded":"","inline_featured_image":false,"editor_notices":[],"footnotes":""},"class_list":["post-802","page","type-page","status-publish","has-post-thumbnail","hentry"],"acf":[],"yoast_head":"<!-- This site is optimized with the Yoast SEO Premium plugin v27.0 (Yoast SEO v27.0) - https:\/\/yoast.com\/product\/yoast-seo-premium-wordpress\/ -->\n<title>V\u00e1llalati szolg\u00e1ltat\u00e1smenedzsment-szoftver (ESM) - Egyes\u00edtse szolg\u00e1ltat\u00e1sait - TOPdesk<\/title>\n<meta name=\"description\" content=\"A TOPdesk v\u00e1llalati szolg\u00e1ltat\u00e1smenedzsment szoftverrel a c\u00e9gen bel\u00fcli egy\u00fcttm\u0171k\u00f6d\u00e9s, \u00fcgyf\u00e9lszolg\u00e1lat z\u00f6kken\u0151mentes lehet, tudja meg hogyan!\" \/>\n<meta name=\"robots\" content=\"index, follow, max-snippet:-1, max-image-preview:large, max-video-preview:-1\" \/>\n<link rel=\"canonical\" href=\"https:\/\/www.topdesk.com\/hu\/vallalati-szolgaltatasmenedzsment\/\" \/>\n<meta property=\"og:locale\" content=\"en_US\" \/>\n<meta property=\"og:type\" content=\"article\" \/>\n<meta property=\"og:title\" content=\"V\u00e1llalati szolg\u00e1ltat\u00e1smenedzsment | Sz\u00ednvonalas t\u00e1mogat\u00e1s, boldog \u00fcgyfelek | TOPdesk\" \/>\n<meta property=\"og:description\" content=\"A TOPdesk v\u00e1llalati szolg\u00e1ltat\u00e1smenedzsment szoftverrel a c\u00e9gen bel\u00fcli egy\u00fcttm\u0171k\u00f6d\u00e9s, \u00fcgyf\u00e9lszolg\u00e1lat z\u00f6kken\u0151mentes lehet, tudja meg hogyan!\" \/>\n<meta property=\"og:url\" content=\"https:\/\/www.topdesk.com\/hu\/vallalati-szolgaltatasmenedzsment\/\" \/>\n<meta property=\"og:site_name\" content=\"T3 TOPdesk - HU\" \/>\n<meta property=\"article:publisher\" content=\"https:\/\/www.facebook.com\/TOPdesk\/\" \/>\n<meta property=\"article:modified_time\" content=\"2025-09-08T12:11:06+00:00\" \/>\n<meta property=\"og:image\" content=\"https:\/\/www.topdesk.com\/hu\/wp-content\/media\/sites\/51\/featured-image-esm-facebook-1200x630.png\" \/>\n\t<meta property=\"og:image:width\" content=\"1200\" \/>\n\t<meta property=\"og:image:height\" content=\"630\" \/>\n\t<meta property=\"og:image:type\" content=\"image\/png\" \/>\n<meta name=\"twitter:card\" content=\"summary_large_image\" \/>\n<meta name=\"twitter:image\" content=\"https:\/\/www.topdesk.com\/hu\/wp-content\/media\/sites\/51\/featured-image-esm-twitter-1024x512.png\" \/>\n<meta name=\"twitter:site\" content=\"@topdesk\" \/>\n<meta name=\"twitter:label1\" content=\"Est. reading time\" \/>\n\t<meta name=\"twitter:data1\" content=\"4 minutes\" \/>\n<script type=\"application\/ld+json\" class=\"yoast-schema-graph\">{\"@context\":\"https:\/\/schema.org\",\"@graph\":[{\"@type\":\"WebPage\",\"@id\":\"https:\/\/www.topdesk.com\/hu\/vallalati-szolgaltatasmenedzsment\/\",\"url\":\"https:\/\/www.topdesk.com\/hu\/vallalati-szolgaltatasmenedzsment\/\",\"name\":\"V\u00e1llalati szolg\u00e1ltat\u00e1smenedzsment-szoftver (ESM) - Egyes\u00edtse szolg\u00e1ltat\u00e1sait - TOPdesk\",\"isPartOf\":{\"@id\":\"https:\/\/www.topdesk.com\/hu\/#website\"},\"primaryImageOfPage\":{\"@id\":\"https:\/\/www.topdesk.com\/hu\/vallalati-szolgaltatasmenedzsment\/#primaryimage\"},\"image\":{\"@id\":\"https:\/\/www.topdesk.com\/hu\/vallalati-szolgaltatasmenedzsment\/#primaryimage\"},\"thumbnailUrl\":\"https:\/\/www.topdesk.com\/hu\/wp-content\/media\/sites\/51\/ESM-featured-image.png\",\"datePublished\":\"2019-10-07T09:18:15+00:00\",\"dateModified\":\"2025-09-08T12:11:06+00:00\",\"description\":\"A TOPdesk v\u00e1llalati szolg\u00e1ltat\u00e1smenedzsment szoftverrel a c\u00e9gen bel\u00fcli egy\u00fcttm\u0171k\u00f6d\u00e9s, \u00fcgyf\u00e9lszolg\u00e1lat z\u00f6kken\u0151mentes lehet, tudja meg hogyan!\",\"breadcrumb\":{\"@id\":\"https:\/\/www.topdesk.com\/hu\/vallalati-szolgaltatasmenedzsment\/#breadcrumb\"},\"inLanguage\":\"en-US\",\"potentialAction\":[{\"@type\":\"ReadAction\",\"target\":[\"https:\/\/www.topdesk.com\/hu\/vallalati-szolgaltatasmenedzsment\/\"]}]},{\"@type\":\"ImageObject\",\"inLanguage\":\"en-US\",\"@id\":\"https:\/\/www.topdesk.com\/hu\/vallalati-szolgaltatasmenedzsment\/#primaryimage\",\"url\":\"https:\/\/www.topdesk.com\/hu\/wp-content\/media\/sites\/51\/ESM-featured-image.png\",\"contentUrl\":\"https:\/\/www.topdesk.com\/hu\/wp-content\/media\/sites\/51\/ESM-featured-image.png\",\"width\":1200,\"height\":629},{\"@type\":\"BreadcrumbList\",\"@id\":\"https:\/\/www.topdesk.com\/hu\/vallalati-szolgaltatasmenedzsment\/#breadcrumb\",\"itemListElement\":[{\"@type\":\"ListItem\",\"position\":1,\"name\":\"Home\",\"item\":\"https:\/\/www.topdesk.com\/hu\/\"},{\"@type\":\"ListItem\",\"position\":2,\"name\":\"V\u00e1llalati szolg\u00e1ltat\u00e1smenedzsment\"}]},{\"@type\":\"WebSite\",\"@id\":\"https:\/\/www.topdesk.com\/hu\/#website\",\"url\":\"https:\/\/www.topdesk.com\/hu\/\",\"name\":\"TOPdesk\",\"description\":\"\",\"publisher\":{\"@id\":\"https:\/\/www.topdesk.com\/hu\/#organization\"},\"potentialAction\":[{\"@type\":\"SearchAction\",\"target\":{\"@type\":\"EntryPoint\",\"urlTemplate\":\"https:\/\/www.topdesk.com\/hu\/?s={search_term_string}\"},\"query-input\":{\"@type\":\"PropertyValueSpecification\",\"valueRequired\":true,\"valueName\":\"search_term_string\"}}],\"inLanguage\":\"en-US\"},{\"@type\":\"Organization\",\"@id\":\"https:\/\/www.topdesk.com\/hu\/#organization\",\"name\":\"TOPdesk\",\"url\":\"https:\/\/www.topdesk.com\/hu\/\",\"logo\":{\"@type\":\"ImageObject\",\"inLanguage\":\"en-US\",\"@id\":\"https:\/\/www.topdesk.com\/hu\/#\/schema\/logo\/image\/\",\"url\":\"https:\/\/www.topdesk.com\/hu\/wp-content\/media\/sites\/51\/TOPdesk_RGB_Logo.svg\",\"contentUrl\":\"https:\/\/www.topdesk.com\/hu\/wp-content\/media\/sites\/51\/TOPdesk_RGB_Logo.svg\",\"width\":1,\"height\":1,\"caption\":\"TOPdesk\"},\"image\":{\"@id\":\"https:\/\/www.topdesk.com\/hu\/#\/schema\/logo\/image\/\"},\"sameAs\":[\"https:\/\/www.facebook.com\/TOPdesk\/\",\"https:\/\/x.com\/topdesk\",\"https:\/\/www.instagram.com\/topdeskuk\/\",\"https:\/\/www.linkedin.com\/company\/topdesk\/\",\"https:\/\/www.youtube.com\/user\/topdesk\",\"https:\/\/en.wikipedia.org\/wiki\/TOPdesk\"]}]}<\/script>\n<!-- \/ Yoast SEO Premium plugin. -->","yoast_head_json":{"title":"V\u00e1llalati szolg\u00e1ltat\u00e1smenedzsment-szoftver (ESM) - Egyes\u00edtse szolg\u00e1ltat\u00e1sait - TOPdesk","description":"A TOPdesk v\u00e1llalati szolg\u00e1ltat\u00e1smenedzsment szoftverrel a c\u00e9gen bel\u00fcli egy\u00fcttm\u0171k\u00f6d\u00e9s, \u00fcgyf\u00e9lszolg\u00e1lat z\u00f6kken\u0151mentes lehet, tudja meg hogyan!","robots":{"index":"index","follow":"follow","max-snippet":"max-snippet:-1","max-image-preview":"max-image-preview:large","max-video-preview":"max-video-preview:-1"},"canonical":"https:\/\/www.topdesk.com\/hu\/vallalati-szolgaltatasmenedzsment\/","og_locale":"en_US","og_type":"article","og_title":"V\u00e1llalati szolg\u00e1ltat\u00e1smenedzsment | Sz\u00ednvonalas t\u00e1mogat\u00e1s, boldog \u00fcgyfelek | TOPdesk","og_description":"A TOPdesk v\u00e1llalati szolg\u00e1ltat\u00e1smenedzsment szoftverrel a c\u00e9gen bel\u00fcli egy\u00fcttm\u0171k\u00f6d\u00e9s, \u00fcgyf\u00e9lszolg\u00e1lat z\u00f6kken\u0151mentes lehet, tudja meg hogyan!","og_url":"https:\/\/www.topdesk.com\/hu\/vallalati-szolgaltatasmenedzsment\/","og_site_name":"T3 TOPdesk - HU","article_publisher":"https:\/\/www.facebook.com\/TOPdesk\/","article_modified_time":"2025-09-08T12:11:06+00:00","og_image":[{"width":1200,"height":630,"url":"https:\/\/www.topdesk.com\/hu\/wp-content\/media\/sites\/51\/featured-image-esm-facebook-1200x630.png","type":"image\/png"}],"twitter_card":"summary_large_image","twitter_image":"https:\/\/www.topdesk.com\/hu\/wp-content\/media\/sites\/51\/featured-image-esm-twitter-1024x512.png","twitter_site":"@topdesk","twitter_misc":{"Est. reading time":"4 minutes"},"schema":{"@context":"https:\/\/schema.org","@graph":[{"@type":"WebPage","@id":"https:\/\/www.topdesk.com\/hu\/vallalati-szolgaltatasmenedzsment\/","url":"https:\/\/www.topdesk.com\/hu\/vallalati-szolgaltatasmenedzsment\/","name":"V\u00e1llalati szolg\u00e1ltat\u00e1smenedzsment-szoftver (ESM) - Egyes\u00edtse szolg\u00e1ltat\u00e1sait - TOPdesk","isPartOf":{"@id":"https:\/\/www.topdesk.com\/hu\/#website"},"primaryImageOfPage":{"@id":"https:\/\/www.topdesk.com\/hu\/vallalati-szolgaltatasmenedzsment\/#primaryimage"},"image":{"@id":"https:\/\/www.topdesk.com\/hu\/vallalati-szolgaltatasmenedzsment\/#primaryimage"},"thumbnailUrl":"https:\/\/www.topdesk.com\/hu\/wp-content\/media\/sites\/51\/ESM-featured-image.png","datePublished":"2019-10-07T09:18:15+00:00","dateModified":"2025-09-08T12:11:06+00:00","description":"A TOPdesk v\u00e1llalati szolg\u00e1ltat\u00e1smenedzsment szoftverrel a c\u00e9gen bel\u00fcli egy\u00fcttm\u0171k\u00f6d\u00e9s, \u00fcgyf\u00e9lszolg\u00e1lat z\u00f6kken\u0151mentes lehet, tudja meg hogyan!","breadcrumb":{"@id":"https:\/\/www.topdesk.com\/hu\/vallalati-szolgaltatasmenedzsment\/#breadcrumb"},"inLanguage":"en-US","potentialAction":[{"@type":"ReadAction","target":["https:\/\/www.topdesk.com\/hu\/vallalati-szolgaltatasmenedzsment\/"]}]},{"@type":"ImageObject","inLanguage":"en-US","@id":"https:\/\/www.topdesk.com\/hu\/vallalati-szolgaltatasmenedzsment\/#primaryimage","url":"https:\/\/www.topdesk.com\/hu\/wp-content\/media\/sites\/51\/ESM-featured-image.png","contentUrl":"https:\/\/www.topdesk.com\/hu\/wp-content\/media\/sites\/51\/ESM-featured-image.png","width":1200,"height":629},{"@type":"BreadcrumbList","@id":"https:\/\/www.topdesk.com\/hu\/vallalati-szolgaltatasmenedzsment\/#breadcrumb","itemListElement":[{"@type":"ListItem","position":1,"name":"Home","item":"https:\/\/www.topdesk.com\/hu\/"},{"@type":"ListItem","position":2,"name":"V\u00e1llalati szolg\u00e1ltat\u00e1smenedzsment"}]},{"@type":"WebSite","@id":"https:\/\/www.topdesk.com\/hu\/#website","url":"https:\/\/www.topdesk.com\/hu\/","name":"TOPdesk","description":"","publisher":{"@id":"https:\/\/www.topdesk.com\/hu\/#organization"},"potentialAction":[{"@type":"SearchAction","target":{"@type":"EntryPoint","urlTemplate":"https:\/\/www.topdesk.com\/hu\/?s={search_term_string}"},"query-input":{"@type":"PropertyValueSpecification","valueRequired":true,"valueName":"search_term_string"}}],"inLanguage":"en-US"},{"@type":"Organization","@id":"https:\/\/www.topdesk.com\/hu\/#organization","name":"TOPdesk","url":"https:\/\/www.topdesk.com\/hu\/","logo":{"@type":"ImageObject","inLanguage":"en-US","@id":"https:\/\/www.topdesk.com\/hu\/#\/schema\/logo\/image\/","url":"https:\/\/www.topdesk.com\/hu\/wp-content\/media\/sites\/51\/TOPdesk_RGB_Logo.svg","contentUrl":"https:\/\/www.topdesk.com\/hu\/wp-content\/media\/sites\/51\/TOPdesk_RGB_Logo.svg","width":1,"height":1,"caption":"TOPdesk"},"image":{"@id":"https:\/\/www.topdesk.com\/hu\/#\/schema\/logo\/image\/"},"sameAs":["https:\/\/www.facebook.com\/TOPdesk\/","https:\/\/x.com\/topdesk","https:\/\/www.instagram.com\/topdeskuk\/","https:\/\/www.linkedin.com\/company\/topdesk\/","https:\/\/www.youtube.com\/user\/topdesk","https:\/\/en.wikipedia.org\/wiki\/TOPdesk"]}]}},"_links":{"self":[{"href":"https:\/\/www.topdesk.com\/hu\/wp-json\/wp\/v2\/pages\/802","targetHints":{"allow":["GET"]}}],"collection":[{"href":"https:\/\/www.topdesk.com\/hu\/wp-json\/wp\/v2\/pages"}],"about":[{"href":"https:\/\/www.topdesk.com\/hu\/wp-json\/wp\/v2\/types\/page"}],"author":[{"embeddable":true,"href":"https:\/\/www.topdesk.com\/hu\/wp-json\/wp\/v2\/users\/1"}],"replies":[{"embeddable":true,"href":"https:\/\/www.topdesk.com\/hu\/wp-json\/wp\/v2\/comments?post=802"}],"version-history":[{"count":12,"href":"https:\/\/www.topdesk.com\/hu\/wp-json\/wp\/v2\/pages\/802\/revisions"}],"predecessor-version":[{"id":31707,"href":"https:\/\/www.topdesk.com\/hu\/wp-json\/wp\/v2\/pages\/802\/revisions\/31707"}],"wp:featuredmedia":[{"embeddable":true,"href":"https:\/\/www.topdesk.com\/hu\/wp-json\/wp\/v2\/media\/31308"}],"wp:attachment":[{"href":"https:\/\/www.topdesk.com\/hu\/wp-json\/wp\/v2\/media?parent=802"}],"curies":[{"name":"wp","href":"https:\/\/api.w.org\/{rel}","templated":true}]}}