{"id":8428,"date":"2021-02-24T16:49:42","date_gmt":"2021-02-24T15:49:42","guid":{"rendered":"https:\/\/www.topdesk.com\/en\/?page_id=8428"},"modified":"2025-08-12T15:06:54","modified_gmt":"2025-08-12T13:06:54","slug":"cafm","status":"publish","type":"page","link":"https:\/\/www.topdesk.com\/hu\/cafm\/","title":{"rendered":"L\u00e9tes\u00edtm\u00e9ny\u00fczemeltet\u00e9s"},"content":{"rendered":"","protected":false},"excerpt":{"rendered":"","protected":false},"author":1,"featured_media":31104,"parent":0,"menu_order":0,"comment_status":"closed","ping_status":"closed","template":"top-flex-full-width.php","meta":{"_acf_changed":false,"_searchwp_excluded":"","inline_featured_image":false,"editor_notices":[],"footnotes":""},"class_list":["post-8428","page","type-page","status-publish","has-post-thumbnail","hentry"],"acf":[],"yoast_head":"<!-- This site is optimized with the Yoast SEO Premium plugin v27.0 (Yoast SEO v27.0) - https:\/\/yoast.com\/product\/yoast-seo-premium-wordpress\/ -->\n<title>L\u00e9tes\u00edtm\u00e9ny\u00fczemeltet\u00e9s | Egyszer\u0171 FM t\u00e1mogat\u00e1s | TOPdesk<\/title>\n<meta name=\"description\" content=\"CAFM eszk\u00f6zt keresel, amivel l\u00e9tes\u00edtm\u00e9nyeidet kezelheted? A TOPdesk egyablakos megold\u00e1st k\u00edn\u00e1l a folyamatok kezel\u00e9s\u00e9re.\" \/>\n<meta name=\"robots\" content=\"index, follow, max-snippet:-1, max-image-preview:large, max-video-preview:-1\" \/>\n<link rel=\"canonical\" href=\"https:\/\/www.topdesk.com\/hu\/cafm\/\" \/>\n<meta property=\"og:locale\" content=\"en_US\" \/>\n<meta property=\"og:type\" content=\"article\" \/>\n<meta property=\"og:title\" content=\"L\u00e9tes\u00edtm\u00e9ny\u00fczemeltet\u00e9s | Sz\u00ednvonalas t\u00e1mogat\u00e1s, boldog \u00fcgyfelek | TOPdesk\" \/>\n<meta property=\"og:description\" content=\"CAFM eszk\u00f6zt keresel, amivel l\u00e9tes\u00edtm\u00e9nyeidet kezelheted? A TOPdesk egyablakos megold\u00e1st k\u00edn\u00e1l a folyamatok kezel\u00e9s\u00e9re.\" \/>\n<meta property=\"og:url\" content=\"https:\/\/www.topdesk.com\/hu\/cafm\/\" \/>\n<meta property=\"og:site_name\" content=\"T3 TOPdesk - HU\" \/>\n<meta property=\"article:publisher\" content=\"https:\/\/www.facebook.com\/TOPdesk\/\" \/>\n<meta property=\"article:modified_time\" content=\"2025-08-12T13:06:54+00:00\" \/>\n<meta property=\"og:image\" content=\"https:\/\/www.topdesk.com\/hu\/wp-content\/media\/sites\/51\/featured-images-facility-management-facebook-1200x630.jpg\" \/>\n\t<meta property=\"og:image:width\" content=\"1200\" \/>\n\t<meta property=\"og:image:height\" content=\"630\" \/>\n\t<meta property=\"og:image:type\" content=\"image\/jpeg\" \/>\n<meta name=\"twitter:card\" content=\"summary_large_image\" \/>\n<meta name=\"twitter:image\" content=\"https:\/\/www.topdesk.com\/hu\/wp-content\/media\/sites\/51\/featured-images-facility-management-twitter-1024x512.jpg\" \/>\n<meta name=\"twitter:site\" content=\"@topdesk\" \/>\n<meta name=\"twitter:label1\" content=\"Est. reading time\" \/>\n\t<meta name=\"twitter:data1\" content=\"4 minutes\" \/>\n<script type=\"application\/ld+json\" class=\"yoast-schema-graph\">{\"@context\":\"https:\/\/schema.org\",\"@graph\":[{\"@type\":\"WebPage\",\"@id\":\"https:\/\/www.topdesk.com\/hu\/cafm\/\",\"url\":\"https:\/\/www.topdesk.com\/hu\/cafm\/\",\"name\":\"L\u00e9tes\u00edtm\u00e9ny\u00fczemeltet\u00e9s | Egyszer\u0171 FM t\u00e1mogat\u00e1s | TOPdesk\",\"isPartOf\":{\"@id\":\"https:\/\/www.topdesk.com\/hu\/#website\"},\"primaryImageOfPage\":{\"@id\":\"https:\/\/www.topdesk.com\/hu\/cafm\/#primaryimage\"},\"image\":{\"@id\":\"https:\/\/www.topdesk.com\/hu\/cafm\/#primaryimage\"},\"thumbnailUrl\":\"https:\/\/www.topdesk.com\/hu\/wp-content\/media\/sites\/51\/featured-image-facility-management.png\",\"datePublished\":\"2021-02-24T15:49:42+00:00\",\"dateModified\":\"2025-08-12T13:06:54+00:00\",\"description\":\"CAFM eszk\u00f6zt keresel, amivel l\u00e9tes\u00edtm\u00e9nyeidet kezelheted? A TOPdesk egyablakos megold\u00e1st k\u00edn\u00e1l a folyamatok kezel\u00e9s\u00e9re.\",\"breadcrumb\":{\"@id\":\"https:\/\/www.topdesk.com\/hu\/cafm\/#breadcrumb\"},\"inLanguage\":\"en-US\",\"potentialAction\":[{\"@type\":\"ReadAction\",\"target\":[\"https:\/\/www.topdesk.com\/hu\/cafm\/\"]}]},{\"@type\":\"ImageObject\",\"inLanguage\":\"en-US\",\"@id\":\"https:\/\/www.topdesk.com\/hu\/cafm\/#primaryimage\",\"url\":\"https:\/\/www.topdesk.com\/hu\/wp-content\/media\/sites\/51\/featured-image-facility-management.png\",\"contentUrl\":\"https:\/\/www.topdesk.com\/hu\/wp-content\/media\/sites\/51\/featured-image-facility-management.png\",\"width\":1200,\"height\":629},{\"@type\":\"BreadcrumbList\",\"@id\":\"https:\/\/www.topdesk.com\/hu\/cafm\/#breadcrumb\",\"itemListElement\":[{\"@type\":\"ListItem\",\"position\":1,\"name\":\"Home\",\"item\":\"https:\/\/www.topdesk.com\/hu\/\"},{\"@type\":\"ListItem\",\"position\":2,\"name\":\"L\u00e9tes\u00edtm\u00e9ny\u00fczemeltet\u00e9s\"}]},{\"@type\":\"WebSite\",\"@id\":\"https:\/\/www.topdesk.com\/hu\/#website\",\"url\":\"https:\/\/www.topdesk.com\/hu\/\",\"name\":\"TOPdesk\",\"description\":\"\",\"publisher\":{\"@id\":\"https:\/\/www.topdesk.com\/hu\/#organization\"},\"potentialAction\":[{\"@type\":\"SearchAction\",\"target\":{\"@type\":\"EntryPoint\",\"urlTemplate\":\"https:\/\/www.topdesk.com\/hu\/?s={search_term_string}\"},\"query-input\":{\"@type\":\"PropertyValueSpecification\",\"valueRequired\":true,\"valueName\":\"search_term_string\"}}],\"inLanguage\":\"en-US\"},{\"@type\":\"Organization\",\"@id\":\"https:\/\/www.topdesk.com\/hu\/#organization\",\"name\":\"TOPdesk\",\"url\":\"https:\/\/www.topdesk.com\/hu\/\",\"logo\":{\"@type\":\"ImageObject\",\"inLanguage\":\"en-US\",\"@id\":\"https:\/\/www.topdesk.com\/hu\/#\/schema\/logo\/image\/\",\"url\":\"https:\/\/www.topdesk.com\/hu\/wp-content\/media\/sites\/51\/TOPdesk_RGB_Logo.svg\",\"contentUrl\":\"https:\/\/www.topdesk.com\/hu\/wp-content\/media\/sites\/51\/TOPdesk_RGB_Logo.svg\",\"width\":1,\"height\":1,\"caption\":\"TOPdesk\"},\"image\":{\"@id\":\"https:\/\/www.topdesk.com\/hu\/#\/schema\/logo\/image\/\"},\"sameAs\":[\"https:\/\/www.facebook.com\/TOPdesk\/\",\"https:\/\/x.com\/topdesk\",\"https:\/\/www.instagram.com\/topdeskuk\/\",\"https:\/\/www.linkedin.com\/company\/topdesk\/\",\"https:\/\/www.youtube.com\/user\/topdesk\",\"https:\/\/en.wikipedia.org\/wiki\/TOPdesk\"]}]}<\/script>\n<!-- \/ Yoast SEO Premium plugin. -->","yoast_head_json":{"title":"L\u00e9tes\u00edtm\u00e9ny\u00fczemeltet\u00e9s | Egyszer\u0171 FM t\u00e1mogat\u00e1s | TOPdesk","description":"CAFM eszk\u00f6zt keresel, amivel l\u00e9tes\u00edtm\u00e9nyeidet kezelheted? A TOPdesk egyablakos megold\u00e1st k\u00edn\u00e1l a folyamatok kezel\u00e9s\u00e9re.","robots":{"index":"index","follow":"follow","max-snippet":"max-snippet:-1","max-image-preview":"max-image-preview:large","max-video-preview":"max-video-preview:-1"},"canonical":"https:\/\/www.topdesk.com\/hu\/cafm\/","og_locale":"en_US","og_type":"article","og_title":"L\u00e9tes\u00edtm\u00e9ny\u00fczemeltet\u00e9s | Sz\u00ednvonalas t\u00e1mogat\u00e1s, boldog \u00fcgyfelek | TOPdesk","og_description":"CAFM eszk\u00f6zt keresel, amivel l\u00e9tes\u00edtm\u00e9nyeidet kezelheted? A TOPdesk egyablakos megold\u00e1st k\u00edn\u00e1l a folyamatok kezel\u00e9s\u00e9re.","og_url":"https:\/\/www.topdesk.com\/hu\/cafm\/","og_site_name":"T3 TOPdesk - HU","article_publisher":"https:\/\/www.facebook.com\/TOPdesk\/","article_modified_time":"2025-08-12T13:06:54+00:00","og_image":[{"width":1200,"height":630,"url":"https:\/\/www.topdesk.com\/hu\/wp-content\/media\/sites\/51\/featured-images-facility-management-facebook-1200x630.jpg","type":"image\/jpeg"}],"twitter_card":"summary_large_image","twitter_image":"https:\/\/www.topdesk.com\/hu\/wp-content\/media\/sites\/51\/featured-images-facility-management-twitter-1024x512.jpg","twitter_site":"@topdesk","twitter_misc":{"Est. reading time":"4 minutes"},"schema":{"@context":"https:\/\/schema.org","@graph":[{"@type":"WebPage","@id":"https:\/\/www.topdesk.com\/hu\/cafm\/","url":"https:\/\/www.topdesk.com\/hu\/cafm\/","name":"L\u00e9tes\u00edtm\u00e9ny\u00fczemeltet\u00e9s | Egyszer\u0171 FM t\u00e1mogat\u00e1s | TOPdesk","isPartOf":{"@id":"https:\/\/www.topdesk.com\/hu\/#website"},"primaryImageOfPage":{"@id":"https:\/\/www.topdesk.com\/hu\/cafm\/#primaryimage"},"image":{"@id":"https:\/\/www.topdesk.com\/hu\/cafm\/#primaryimage"},"thumbnailUrl":"https:\/\/www.topdesk.com\/hu\/wp-content\/media\/sites\/51\/featured-image-facility-management.png","datePublished":"2021-02-24T15:49:42+00:00","dateModified":"2025-08-12T13:06:54+00:00","description":"CAFM eszk\u00f6zt keresel, amivel l\u00e9tes\u00edtm\u00e9nyeidet kezelheted? A TOPdesk egyablakos megold\u00e1st k\u00edn\u00e1l a folyamatok kezel\u00e9s\u00e9re.","breadcrumb":{"@id":"https:\/\/www.topdesk.com\/hu\/cafm\/#breadcrumb"},"inLanguage":"en-US","potentialAction":[{"@type":"ReadAction","target":["https:\/\/www.topdesk.com\/hu\/cafm\/"]}]},{"@type":"ImageObject","inLanguage":"en-US","@id":"https:\/\/www.topdesk.com\/hu\/cafm\/#primaryimage","url":"https:\/\/www.topdesk.com\/hu\/wp-content\/media\/sites\/51\/featured-image-facility-management.png","contentUrl":"https:\/\/www.topdesk.com\/hu\/wp-content\/media\/sites\/51\/featured-image-facility-management.png","width":1200,"height":629},{"@type":"BreadcrumbList","@id":"https:\/\/www.topdesk.com\/hu\/cafm\/#breadcrumb","itemListElement":[{"@type":"ListItem","position":1,"name":"Home","item":"https:\/\/www.topdesk.com\/hu\/"},{"@type":"ListItem","position":2,"name":"L\u00e9tes\u00edtm\u00e9ny\u00fczemeltet\u00e9s"}]},{"@type":"WebSite","@id":"https:\/\/www.topdesk.com\/hu\/#website","url":"https:\/\/www.topdesk.com\/hu\/","name":"TOPdesk","description":"","publisher":{"@id":"https:\/\/www.topdesk.com\/hu\/#organization"},"potentialAction":[{"@type":"SearchAction","target":{"@type":"EntryPoint","urlTemplate":"https:\/\/www.topdesk.com\/hu\/?s={search_term_string}"},"query-input":{"@type":"PropertyValueSpecification","valueRequired":true,"valueName":"search_term_string"}}],"inLanguage":"en-US"},{"@type":"Organization","@id":"https:\/\/www.topdesk.com\/hu\/#organization","name":"TOPdesk","url":"https:\/\/www.topdesk.com\/hu\/","logo":{"@type":"ImageObject","inLanguage":"en-US","@id":"https:\/\/www.topdesk.com\/hu\/#\/schema\/logo\/image\/","url":"https:\/\/www.topdesk.com\/hu\/wp-content\/media\/sites\/51\/TOPdesk_RGB_Logo.svg","contentUrl":"https:\/\/www.topdesk.com\/hu\/wp-content\/media\/sites\/51\/TOPdesk_RGB_Logo.svg","width":1,"height":1,"caption":"TOPdesk"},"image":{"@id":"https:\/\/www.topdesk.com\/hu\/#\/schema\/logo\/image\/"},"sameAs":["https:\/\/www.facebook.com\/TOPdesk\/","https:\/\/x.com\/topdesk","https:\/\/www.instagram.com\/topdeskuk\/","https:\/\/www.linkedin.com\/company\/topdesk\/","https:\/\/www.youtube.com\/user\/topdesk","https:\/\/en.wikipedia.org\/wiki\/TOPdesk"]}]}},"_links":{"self":[{"href":"https:\/\/www.topdesk.com\/hu\/wp-json\/wp\/v2\/pages\/8428","targetHints":{"allow":["GET"]}}],"collection":[{"href":"https:\/\/www.topdesk.com\/hu\/wp-json\/wp\/v2\/pages"}],"about":[{"href":"https:\/\/www.topdesk.com\/hu\/wp-json\/wp\/v2\/types\/page"}],"author":[{"embeddable":true,"href":"https:\/\/www.topdesk.com\/hu\/wp-json\/wp\/v2\/users\/1"}],"replies":[{"embeddable":true,"href":"https:\/\/www.topdesk.com\/hu\/wp-json\/wp\/v2\/comments?post=8428"}],"version-history":[{"count":12,"href":"https:\/\/www.topdesk.com\/hu\/wp-json\/wp\/v2\/pages\/8428\/revisions"}],"predecessor-version":[{"id":31332,"href":"https:\/\/www.topdesk.com\/hu\/wp-json\/wp\/v2\/pages\/8428\/revisions\/31332"}],"wp:featuredmedia":[{"embeddable":true,"href":"https:\/\/www.topdesk.com\/hu\/wp-json\/wp\/v2\/media\/31104"}],"wp:attachment":[{"href":"https:\/\/www.topdesk.com\/hu\/wp-json\/wp\/v2\/media?parent=8428"}],"curies":[{"name":"wp","href":"https:\/\/api.w.org\/{rel}","templated":true}]}}