{"id":25983,"date":"2024-08-12T08:56:56","date_gmt":"2024-08-12T11:56:56","guid":{"rendered":"https:\/\/www.topdesk.com\/pt\/?page_id=25983"},"modified":"2025-09-08T08:58:38","modified_gmt":"2025-09-08T11:58:38","slug":"solicite-um-orcamento","status":"publish","type":"page","link":"https:\/\/www.topdesk.com\/pt\/precos\/solicite-um-orcamento\/","title":{"rendered":"Request a quote"},"content":{"rendered":"","protected":false},"excerpt":{"rendered":"","protected":false},"author":1,"featured_media":25938,"parent":25977,"menu_order":0,"comment_status":"closed","ping_status":"closed","template":"top-flex-full-width.php","meta":{"_acf_changed":false,"_searchwp_excluded":"","inline_featured_image":false,"editor_notices":[],"footnotes":""},"class_list":["post-25983","page","type-page","status-publish","has-post-thumbnail","hentry"],"acf":[],"yoast_head":"<!-- This site is optimized with the Yoast SEO Premium plugin v27.0 (Yoast SEO v27.0) - https:\/\/yoast.com\/product\/yoast-seo-premium-wordpress\/ -->\n<title>Pre\u00e7os do TOPdesk | Vamos conversar<\/title>\n<meta name=\"description\" content=\"Solicite um or\u00e7amento e entraremos em contato para discutir a solu\u00e7\u00e3o ITSM ideal para voc\u00ea, al\u00e9m de uma cota\u00e7\u00e3o personalizada, sem compromisso.\" \/>\n<meta name=\"robots\" content=\"index, follow, max-snippet:-1, max-image-preview:large, max-video-preview:-1\" \/>\n<link rel=\"canonical\" href=\"https:\/\/www.topdesk.com\/pt\/precos\/solicite-um-orcamento\/\" \/>\n<meta property=\"og:locale\" content=\"en_US\" \/>\n<meta property=\"og:type\" content=\"article\" \/>\n<meta property=\"og:title\" content=\"Pre\u00e7os do TOPdesk | Solicite um or\u00e7amento\" \/>\n<meta property=\"og:description\" content=\"Solicite um or\u00e7amento e entraremos em contato para discutir a solu\u00e7\u00e3o ITSM ideal para voc\u00ea, al\u00e9m de uma cota\u00e7\u00e3o personalizada, sem compromisso.\" \/>\n<meta property=\"og:url\" content=\"https:\/\/www.topdesk.com\/pt\/precos\/solicite-um-orcamento\/\" \/>\n<meta property=\"og:site_name\" content=\"T2 TOPdesk - PT\" \/>\n<meta property=\"article:publisher\" content=\"https:\/\/www.facebook.com\/TOPdesk\/\" \/>\n<meta property=\"article:modified_time\" content=\"2025-09-08T11:58:38+00:00\" \/>\n<meta property=\"og:image\" content=\"https:\/\/www.topdesk.com\/pt\/wp-content\/media\/sites\/41\/featured-image-pricing-request-a-quote.jpg\" \/>\n\t<meta property=\"og:image:width\" content=\"1200\" \/>\n\t<meta property=\"og:image:height\" content=\"628\" \/>\n\t<meta property=\"og:image:type\" content=\"image\/jpeg\" \/>\n<meta name=\"twitter:card\" content=\"summary_large_image\" \/>\n<meta name=\"twitter:title\" content=\"Pre\u00e7os do TOPdesk | Solicite um or\u00e7amento\" \/>\n<meta name=\"twitter:description\" content=\"Solicite um or\u00e7amento e entraremos em contato para discutir a solu\u00e7\u00e3o ITSM ideal para voc\u00ea, al\u00e9m de uma cota\u00e7\u00e3o personalizada, sem compromisso.\" \/>\n<meta name=\"twitter:site\" content=\"@topdesk\" \/>\n<meta name=\"twitter:label1\" content=\"Est. reading time\" \/>\n\t<meta name=\"twitter:data1\" content=\"2 minutes\" \/>\n<script type=\"application\/ld+json\" class=\"yoast-schema-graph\">{\"@context\":\"https:\/\/schema.org\",\"@graph\":[{\"@type\":\"WebPage\",\"@id\":\"https:\/\/www.topdesk.com\/pt\/precos\/solicite-um-orcamento\/\",\"url\":\"https:\/\/www.topdesk.com\/pt\/precos\/solicite-um-orcamento\/\",\"name\":\"Pre\u00e7os do TOPdesk | Vamos conversar\",\"isPartOf\":{\"@id\":\"https:\/\/www.topdesk.com\/pt\/#website\"},\"primaryImageOfPage\":{\"@id\":\"https:\/\/www.topdesk.com\/pt\/precos\/solicite-um-orcamento\/#primaryimage\"},\"image\":{\"@id\":\"https:\/\/www.topdesk.com\/pt\/precos\/solicite-um-orcamento\/#primaryimage\"},\"thumbnailUrl\":\"https:\/\/www.topdesk.com\/pt\/wp-content\/media\/sites\/41\/featured-image-pricing-request-a-quote.jpg\",\"datePublished\":\"2024-08-12T11:56:56+00:00\",\"dateModified\":\"2025-09-08T11:58:38+00:00\",\"description\":\"Solicite um or\u00e7amento e entraremos em contato para discutir a solu\u00e7\u00e3o ITSM ideal para voc\u00ea, al\u00e9m de uma cota\u00e7\u00e3o personalizada, sem compromisso.\",\"breadcrumb\":{\"@id\":\"https:\/\/www.topdesk.com\/pt\/precos\/solicite-um-orcamento\/#breadcrumb\"},\"inLanguage\":\"en-US\",\"potentialAction\":[{\"@type\":\"ReadAction\",\"target\":[\"https:\/\/www.topdesk.com\/pt\/precos\/solicite-um-orcamento\/\"]}]},{\"@type\":\"ImageObject\",\"inLanguage\":\"en-US\",\"@id\":\"https:\/\/www.topdesk.com\/pt\/precos\/solicite-um-orcamento\/#primaryimage\",\"url\":\"https:\/\/www.topdesk.com\/pt\/wp-content\/media\/sites\/41\/featured-image-pricing-request-a-quote.jpg\",\"contentUrl\":\"https:\/\/www.topdesk.com\/pt\/wp-content\/media\/sites\/41\/featured-image-pricing-request-a-quote.jpg\",\"width\":1200,\"height\":628},{\"@type\":\"BreadcrumbList\",\"@id\":\"https:\/\/www.topdesk.com\/pt\/precos\/solicite-um-orcamento\/#breadcrumb\",\"itemListElement\":[{\"@type\":\"ListItem\",\"position\":1,\"name\":\"Home\",\"item\":\"https:\/\/www.topdesk.com\/pt\/\"},{\"@type\":\"ListItem\",\"position\":2,\"name\":\"Pricing 2024\",\"item\":\"https:\/\/www.topdesk.com\/pt\/precos\/\"},{\"@type\":\"ListItem\",\"position\":3,\"name\":\"Request a quote\"}]},{\"@type\":\"WebSite\",\"@id\":\"https:\/\/www.topdesk.com\/pt\/#website\",\"url\":\"https:\/\/www.topdesk.com\/pt\/\",\"name\":\"TOPdesk\",\"description\":\"\",\"publisher\":{\"@id\":\"https:\/\/www.topdesk.com\/pt\/#organization\"},\"potentialAction\":[{\"@type\":\"SearchAction\",\"target\":{\"@type\":\"EntryPoint\",\"urlTemplate\":\"https:\/\/www.topdesk.com\/pt\/?s={search_term_string}\"},\"query-input\":{\"@type\":\"PropertyValueSpecification\",\"valueRequired\":true,\"valueName\":\"search_term_string\"}}],\"inLanguage\":\"en-US\"},{\"@type\":\"Organization\",\"@id\":\"https:\/\/www.topdesk.com\/pt\/#organization\",\"name\":\"TOPdesk\",\"url\":\"https:\/\/www.topdesk.com\/pt\/\",\"logo\":{\"@type\":\"ImageObject\",\"inLanguage\":\"en-US\",\"@id\":\"https:\/\/www.topdesk.com\/pt\/#\/schema\/logo\/image\/\",\"url\":\"https:\/\/www.topdesk.com\/pt\/wp-content\/media\/sites\/41\/TOPdesk_RGB_Logo.svg\",\"contentUrl\":\"https:\/\/www.topdesk.com\/pt\/wp-content\/media\/sites\/41\/TOPdesk_RGB_Logo.svg\",\"width\":1,\"height\":1,\"caption\":\"TOPdesk\"},\"image\":{\"@id\":\"https:\/\/www.topdesk.com\/pt\/#\/schema\/logo\/image\/\"},\"sameAs\":[\"https:\/\/www.facebook.com\/TOPdesk\/\",\"https:\/\/x.com\/topdesk\",\"https:\/\/www.instagram.com\/topdeskuk\/\",\"https:\/\/www.linkedin.com\/company\/topdesk\/\",\"https:\/\/www.youtube.com\/user\/topdesk\",\"https:\/\/en.wikipedia.org\/wiki\/TOPdesk\"]}]}<\/script>\n<!-- \/ Yoast SEO Premium plugin. -->","yoast_head_json":{"title":"Pre\u00e7os do TOPdesk | Vamos conversar","description":"Solicite um or\u00e7amento e entraremos em contato para discutir a solu\u00e7\u00e3o ITSM ideal para voc\u00ea, al\u00e9m de uma cota\u00e7\u00e3o personalizada, sem compromisso.","robots":{"index":"index","follow":"follow","max-snippet":"max-snippet:-1","max-image-preview":"max-image-preview:large","max-video-preview":"max-video-preview:-1"},"canonical":"https:\/\/www.topdesk.com\/pt\/precos\/solicite-um-orcamento\/","og_locale":"en_US","og_type":"article","og_title":"Pre\u00e7os do TOPdesk | Solicite um or\u00e7amento","og_description":"Solicite um or\u00e7amento e entraremos em contato para discutir a solu\u00e7\u00e3o ITSM ideal para voc\u00ea, al\u00e9m de uma cota\u00e7\u00e3o personalizada, sem compromisso.","og_url":"https:\/\/www.topdesk.com\/pt\/precos\/solicite-um-orcamento\/","og_site_name":"T2 TOPdesk - PT","article_publisher":"https:\/\/www.facebook.com\/TOPdesk\/","article_modified_time":"2025-09-08T11:58:38+00:00","og_image":[{"width":1200,"height":628,"url":"https:\/\/www.topdesk.com\/pt\/wp-content\/media\/sites\/41\/featured-image-pricing-request-a-quote.jpg","type":"image\/jpeg"}],"twitter_card":"summary_large_image","twitter_title":"Pre\u00e7os do TOPdesk | Solicite um or\u00e7amento","twitter_description":"Solicite um or\u00e7amento e entraremos em contato para discutir a solu\u00e7\u00e3o ITSM ideal para voc\u00ea, al\u00e9m de uma cota\u00e7\u00e3o personalizada, sem compromisso.","twitter_site":"@topdesk","twitter_misc":{"Est. reading time":"2 minutes"},"schema":{"@context":"https:\/\/schema.org","@graph":[{"@type":"WebPage","@id":"https:\/\/www.topdesk.com\/pt\/precos\/solicite-um-orcamento\/","url":"https:\/\/www.topdesk.com\/pt\/precos\/solicite-um-orcamento\/","name":"Pre\u00e7os do TOPdesk | Vamos conversar","isPartOf":{"@id":"https:\/\/www.topdesk.com\/pt\/#website"},"primaryImageOfPage":{"@id":"https:\/\/www.topdesk.com\/pt\/precos\/solicite-um-orcamento\/#primaryimage"},"image":{"@id":"https:\/\/www.topdesk.com\/pt\/precos\/solicite-um-orcamento\/#primaryimage"},"thumbnailUrl":"https:\/\/www.topdesk.com\/pt\/wp-content\/media\/sites\/41\/featured-image-pricing-request-a-quote.jpg","datePublished":"2024-08-12T11:56:56+00:00","dateModified":"2025-09-08T11:58:38+00:00","description":"Solicite um or\u00e7amento e entraremos em contato para discutir a solu\u00e7\u00e3o ITSM ideal para voc\u00ea, al\u00e9m de uma cota\u00e7\u00e3o personalizada, sem compromisso.","breadcrumb":{"@id":"https:\/\/www.topdesk.com\/pt\/precos\/solicite-um-orcamento\/#breadcrumb"},"inLanguage":"en-US","potentialAction":[{"@type":"ReadAction","target":["https:\/\/www.topdesk.com\/pt\/precos\/solicite-um-orcamento\/"]}]},{"@type":"ImageObject","inLanguage":"en-US","@id":"https:\/\/www.topdesk.com\/pt\/precos\/solicite-um-orcamento\/#primaryimage","url":"https:\/\/www.topdesk.com\/pt\/wp-content\/media\/sites\/41\/featured-image-pricing-request-a-quote.jpg","contentUrl":"https:\/\/www.topdesk.com\/pt\/wp-content\/media\/sites\/41\/featured-image-pricing-request-a-quote.jpg","width":1200,"height":628},{"@type":"BreadcrumbList","@id":"https:\/\/www.topdesk.com\/pt\/precos\/solicite-um-orcamento\/#breadcrumb","itemListElement":[{"@type":"ListItem","position":1,"name":"Home","item":"https:\/\/www.topdesk.com\/pt\/"},{"@type":"ListItem","position":2,"name":"Pricing 2024","item":"https:\/\/www.topdesk.com\/pt\/precos\/"},{"@type":"ListItem","position":3,"name":"Request a quote"}]},{"@type":"WebSite","@id":"https:\/\/www.topdesk.com\/pt\/#website","url":"https:\/\/www.topdesk.com\/pt\/","name":"TOPdesk","description":"","publisher":{"@id":"https:\/\/www.topdesk.com\/pt\/#organization"},"potentialAction":[{"@type":"SearchAction","target":{"@type":"EntryPoint","urlTemplate":"https:\/\/www.topdesk.com\/pt\/?s={search_term_string}"},"query-input":{"@type":"PropertyValueSpecification","valueRequired":true,"valueName":"search_term_string"}}],"inLanguage":"en-US"},{"@type":"Organization","@id":"https:\/\/www.topdesk.com\/pt\/#organization","name":"TOPdesk","url":"https:\/\/www.topdesk.com\/pt\/","logo":{"@type":"ImageObject","inLanguage":"en-US","@id":"https:\/\/www.topdesk.com\/pt\/#\/schema\/logo\/image\/","url":"https:\/\/www.topdesk.com\/pt\/wp-content\/media\/sites\/41\/TOPdesk_RGB_Logo.svg","contentUrl":"https:\/\/www.topdesk.com\/pt\/wp-content\/media\/sites\/41\/TOPdesk_RGB_Logo.svg","width":1,"height":1,"caption":"TOPdesk"},"image":{"@id":"https:\/\/www.topdesk.com\/pt\/#\/schema\/logo\/image\/"},"sameAs":["https:\/\/www.facebook.com\/TOPdesk\/","https:\/\/x.com\/topdesk","https:\/\/www.instagram.com\/topdeskuk\/","https:\/\/www.linkedin.com\/company\/topdesk\/","https:\/\/www.youtube.com\/user\/topdesk","https:\/\/en.wikipedia.org\/wiki\/TOPdesk"]}]}},"_links":{"self":[{"href":"https:\/\/www.topdesk.com\/pt\/wp-json\/wp\/v2\/pages\/25983","targetHints":{"allow":["GET"]}}],"collection":[{"href":"https:\/\/www.topdesk.com\/pt\/wp-json\/wp\/v2\/pages"}],"about":[{"href":"https:\/\/www.topdesk.com\/pt\/wp-json\/wp\/v2\/types\/page"}],"author":[{"embeddable":true,"href":"https:\/\/www.topdesk.com\/pt\/wp-json\/wp\/v2\/users\/1"}],"replies":[{"embeddable":true,"href":"https:\/\/www.topdesk.com\/pt\/wp-json\/wp\/v2\/comments?post=25983"}],"version-history":[{"count":6,"href":"https:\/\/www.topdesk.com\/pt\/wp-json\/wp\/v2\/pages\/25983\/revisions"}],"predecessor-version":[{"id":39036,"href":"https:\/\/www.topdesk.com\/pt\/wp-json\/wp\/v2\/pages\/25983\/revisions\/39036"}],"up":[{"embeddable":true,"href":"https:\/\/www.topdesk.com\/pt\/wp-json\/wp\/v2\/pages\/25977"}],"wp:featuredmedia":[{"embeddable":true,"href":"https:\/\/www.topdesk.com\/pt\/wp-json\/wp\/v2\/media\/25938"}],"wp:attachment":[{"href":"https:\/\/www.topdesk.com\/pt\/wp-json\/wp\/v2\/media?parent=25983"}],"curies":[{"name":"wp","href":"https:\/\/api.w.org\/{rel}","templated":true}]}}