{"id":37353,"date":"2025-05-20T10:53:03","date_gmt":"2025-05-20T13:53:03","guid":{"rendered":"https:\/\/www.topdesk.com\/pt\/?page_id=37353"},"modified":"2025-08-01T09:26:19","modified_gmt":"2025-08-01T12:26:19","slug":"calculadora-roi-itsm","status":"publish","type":"page","link":"https:\/\/www.topdesk.com\/pt\/tools\/calculadora-roi-itsm\/","title":{"rendered":"Calculadora ROI ITSM"},"content":{"rendered":"","protected":false},"excerpt":{"rendered":"","protected":false},"author":1,"featured_media":36972,"parent":37347,"menu_order":0,"comment_status":"closed","ping_status":"closed","template":"roi-calculator.php","meta":{"_acf_changed":false,"_searchwp_excluded":"","inline_featured_image":false,"editor_notices":[],"footnotes":""},"class_list":["post-37353","page","type-page","status-publish","has-post-thumbnail","hentry"],"acf":[],"yoast_head":"<!-- This site is optimized with the Yoast SEO Premium plugin v27.0 (Yoast SEO v27.0) - https:\/\/yoast.com\/product\/yoast-seo-premium-wordpress\/ -->\n<title>Calculadora de ROI de ITSM | Retorno do Investimento em TI<\/title>\n<meta name=\"description\" content=\"Use nossa Calculadora de ROI de ITSM gratuita e veja quanto sua empresa pode economizar com a Gest\u00e3o de Servi\u00e7os de TI. Resultados r\u00e1pidos!\" \/>\n<meta name=\"robots\" content=\"index, follow, max-snippet:-1, max-image-preview:large, max-video-preview:-1\" \/>\n<link rel=\"canonical\" href=\"https:\/\/www.topdesk.com\/pt\/tools\/calculadora-roi-itsm\/\" \/>\n<meta property=\"og:locale\" content=\"en_US\" \/>\n<meta property=\"og:type\" content=\"article\" \/>\n<meta property=\"og:title\" content=\"Calculadora de ROI de ITSM | Retorno do Investimento em TI\" \/>\n<meta property=\"og:description\" content=\"Use nossa Calculadora de ROI de ITSM gratuita e veja quanto sua empresa pode economizar com a Gest\u00e3o de Servi\u00e7os de TI. Resultados r\u00e1pidos!\" \/>\n<meta property=\"og:url\" content=\"https:\/\/www.topdesk.com\/pt\/tools\/calculadora-roi-itsm\/\" \/>\n<meta property=\"og:site_name\" content=\"T2 TOPdesk - PT\" \/>\n<meta property=\"article:publisher\" content=\"https:\/\/www.facebook.com\/TOPdesk\/\" \/>\n<meta property=\"article:modified_time\" content=\"2025-08-01T12:26:19+00:00\" \/>\n<meta property=\"og:image\" content=\"https:\/\/www.topdesk.com\/pt\/wp-content\/media\/sites\/41\/featured-image-default-topdesk-logo.png\" \/>\n\t<meta property=\"og:image:width\" content=\"1200\" \/>\n\t<meta property=\"og:image:height\" content=\"628\" \/>\n\t<meta property=\"og:image:type\" content=\"image\/png\" \/>\n<meta name=\"twitter:card\" content=\"summary_large_image\" \/>\n<meta name=\"twitter:title\" content=\"Calculadora ROI ITSM | Melhor suporte, clientes mais satisfeitos | TOPdesk\" \/>\n<meta name=\"twitter:site\" content=\"@topdesk\" \/>\n<meta name=\"twitter:label1\" content=\"Est. reading time\" \/>\n\t<meta name=\"twitter:data1\" content=\"4 minutes\" \/>\n<script type=\"application\/ld+json\" class=\"yoast-schema-graph\">{\"@context\":\"https:\/\/schema.org\",\"@graph\":[{\"@type\":\"WebPage\",\"@id\":\"https:\/\/www.topdesk.com\/pt\/tools\/calculadora-roi-itsm\/\",\"url\":\"https:\/\/www.topdesk.com\/pt\/tools\/calculadora-roi-itsm\/\",\"name\":\"Calculadora de ROI de ITSM | Retorno do Investimento em TI\",\"isPartOf\":{\"@id\":\"https:\/\/www.topdesk.com\/pt\/#website\"},\"primaryImageOfPage\":{\"@id\":\"https:\/\/www.topdesk.com\/pt\/tools\/calculadora-roi-itsm\/#primaryimage\"},\"image\":{\"@id\":\"https:\/\/www.topdesk.com\/pt\/tools\/calculadora-roi-itsm\/#primaryimage\"},\"thumbnailUrl\":\"https:\/\/www.topdesk.com\/pt\/wp-content\/media\/sites\/41\/featured-image-default-topdesk-logo.png\",\"datePublished\":\"2025-05-20T13:53:03+00:00\",\"dateModified\":\"2025-08-01T12:26:19+00:00\",\"description\":\"Use nossa Calculadora de ROI de ITSM gratuita e veja quanto sua empresa pode economizar com a Gest\u00e3o de Servi\u00e7os de TI. Resultados r\u00e1pidos!\",\"breadcrumb\":{\"@id\":\"https:\/\/www.topdesk.com\/pt\/tools\/calculadora-roi-itsm\/#breadcrumb\"},\"inLanguage\":\"en-US\",\"potentialAction\":[{\"@type\":\"ReadAction\",\"target\":[\"https:\/\/www.topdesk.com\/pt\/tools\/calculadora-roi-itsm\/\"]}]},{\"@type\":\"ImageObject\",\"inLanguage\":\"en-US\",\"@id\":\"https:\/\/www.topdesk.com\/pt\/tools\/calculadora-roi-itsm\/#primaryimage\",\"url\":\"https:\/\/www.topdesk.com\/pt\/wp-content\/media\/sites\/41\/featured-image-default-topdesk-logo.png\",\"contentUrl\":\"https:\/\/www.topdesk.com\/pt\/wp-content\/media\/sites\/41\/featured-image-default-topdesk-logo.png\",\"width\":1200,\"height\":628},{\"@type\":\"BreadcrumbList\",\"@id\":\"https:\/\/www.topdesk.com\/pt\/tools\/calculadora-roi-itsm\/#breadcrumb\",\"itemListElement\":[{\"@type\":\"ListItem\",\"position\":1,\"name\":\"Home\",\"item\":\"https:\/\/www.topdesk.com\/pt\/\"},{\"@type\":\"ListItem\",\"position\":2,\"name\":\"Tools\",\"item\":\"https:\/\/www.topdesk.com\/pt\/tools\/\"},{\"@type\":\"ListItem\",\"position\":3,\"name\":\"Calculadora ROI ITSM\"}]},{\"@type\":\"WebSite\",\"@id\":\"https:\/\/www.topdesk.com\/pt\/#website\",\"url\":\"https:\/\/www.topdesk.com\/pt\/\",\"name\":\"TOPdesk\",\"description\":\"\",\"publisher\":{\"@id\":\"https:\/\/www.topdesk.com\/pt\/#organization\"},\"potentialAction\":[{\"@type\":\"SearchAction\",\"target\":{\"@type\":\"EntryPoint\",\"urlTemplate\":\"https:\/\/www.topdesk.com\/pt\/?s={search_term_string}\"},\"query-input\":{\"@type\":\"PropertyValueSpecification\",\"valueRequired\":true,\"valueName\":\"search_term_string\"}}],\"inLanguage\":\"en-US\"},{\"@type\":\"Organization\",\"@id\":\"https:\/\/www.topdesk.com\/pt\/#organization\",\"name\":\"TOPdesk\",\"url\":\"https:\/\/www.topdesk.com\/pt\/\",\"logo\":{\"@type\":\"ImageObject\",\"inLanguage\":\"en-US\",\"@id\":\"https:\/\/www.topdesk.com\/pt\/#\/schema\/logo\/image\/\",\"url\":\"https:\/\/www.topdesk.com\/pt\/wp-content\/media\/sites\/41\/TOPdesk_RGB_Logo.svg\",\"contentUrl\":\"https:\/\/www.topdesk.com\/pt\/wp-content\/media\/sites\/41\/TOPdesk_RGB_Logo.svg\",\"width\":1,\"height\":1,\"caption\":\"TOPdesk\"},\"image\":{\"@id\":\"https:\/\/www.topdesk.com\/pt\/#\/schema\/logo\/image\/\"},\"sameAs\":[\"https:\/\/www.facebook.com\/TOPdesk\/\",\"https:\/\/x.com\/topdesk\",\"https:\/\/www.instagram.com\/topdeskuk\/\",\"https:\/\/www.linkedin.com\/company\/topdesk\/\",\"https:\/\/www.youtube.com\/user\/topdesk\",\"https:\/\/en.wikipedia.org\/wiki\/TOPdesk\"]}]}<\/script>\n<!-- \/ Yoast SEO Premium plugin. -->","yoast_head_json":{"title":"Calculadora de ROI de ITSM | Retorno do Investimento em TI","description":"Use nossa Calculadora de ROI de ITSM gratuita e veja quanto sua empresa pode economizar com a Gest\u00e3o de Servi\u00e7os de TI. Resultados r\u00e1pidos!","robots":{"index":"index","follow":"follow","max-snippet":"max-snippet:-1","max-image-preview":"max-image-preview:large","max-video-preview":"max-video-preview:-1"},"canonical":"https:\/\/www.topdesk.com\/pt\/tools\/calculadora-roi-itsm\/","og_locale":"en_US","og_type":"article","og_title":"Calculadora de ROI de ITSM | Retorno do Investimento em TI","og_description":"Use nossa Calculadora de ROI de ITSM gratuita e veja quanto sua empresa pode economizar com a Gest\u00e3o de Servi\u00e7os de TI. Resultados r\u00e1pidos!","og_url":"https:\/\/www.topdesk.com\/pt\/tools\/calculadora-roi-itsm\/","og_site_name":"T2 TOPdesk - PT","article_publisher":"https:\/\/www.facebook.com\/TOPdesk\/","article_modified_time":"2025-08-01T12:26:19+00:00","og_image":[{"width":1200,"height":628,"url":"https:\/\/www.topdesk.com\/pt\/wp-content\/media\/sites\/41\/featured-image-default-topdesk-logo.png","type":"image\/png"}],"twitter_card":"summary_large_image","twitter_title":"Calculadora ROI ITSM | Melhor suporte, clientes mais satisfeitos | TOPdesk","twitter_site":"@topdesk","twitter_misc":{"Est. reading time":"4 minutes"},"schema":{"@context":"https:\/\/schema.org","@graph":[{"@type":"WebPage","@id":"https:\/\/www.topdesk.com\/pt\/tools\/calculadora-roi-itsm\/","url":"https:\/\/www.topdesk.com\/pt\/tools\/calculadora-roi-itsm\/","name":"Calculadora de ROI de ITSM | Retorno do Investimento em TI","isPartOf":{"@id":"https:\/\/www.topdesk.com\/pt\/#website"},"primaryImageOfPage":{"@id":"https:\/\/www.topdesk.com\/pt\/tools\/calculadora-roi-itsm\/#primaryimage"},"image":{"@id":"https:\/\/www.topdesk.com\/pt\/tools\/calculadora-roi-itsm\/#primaryimage"},"thumbnailUrl":"https:\/\/www.topdesk.com\/pt\/wp-content\/media\/sites\/41\/featured-image-default-topdesk-logo.png","datePublished":"2025-05-20T13:53:03+00:00","dateModified":"2025-08-01T12:26:19+00:00","description":"Use nossa Calculadora de ROI de ITSM gratuita e veja quanto sua empresa pode economizar com a Gest\u00e3o de Servi\u00e7os de TI. Resultados r\u00e1pidos!","breadcrumb":{"@id":"https:\/\/www.topdesk.com\/pt\/tools\/calculadora-roi-itsm\/#breadcrumb"},"inLanguage":"en-US","potentialAction":[{"@type":"ReadAction","target":["https:\/\/www.topdesk.com\/pt\/tools\/calculadora-roi-itsm\/"]}]},{"@type":"ImageObject","inLanguage":"en-US","@id":"https:\/\/www.topdesk.com\/pt\/tools\/calculadora-roi-itsm\/#primaryimage","url":"https:\/\/www.topdesk.com\/pt\/wp-content\/media\/sites\/41\/featured-image-default-topdesk-logo.png","contentUrl":"https:\/\/www.topdesk.com\/pt\/wp-content\/media\/sites\/41\/featured-image-default-topdesk-logo.png","width":1200,"height":628},{"@type":"BreadcrumbList","@id":"https:\/\/www.topdesk.com\/pt\/tools\/calculadora-roi-itsm\/#breadcrumb","itemListElement":[{"@type":"ListItem","position":1,"name":"Home","item":"https:\/\/www.topdesk.com\/pt\/"},{"@type":"ListItem","position":2,"name":"Tools","item":"https:\/\/www.topdesk.com\/pt\/tools\/"},{"@type":"ListItem","position":3,"name":"Calculadora ROI ITSM"}]},{"@type":"WebSite","@id":"https:\/\/www.topdesk.com\/pt\/#website","url":"https:\/\/www.topdesk.com\/pt\/","name":"TOPdesk","description":"","publisher":{"@id":"https:\/\/www.topdesk.com\/pt\/#organization"},"potentialAction":[{"@type":"SearchAction","target":{"@type":"EntryPoint","urlTemplate":"https:\/\/www.topdesk.com\/pt\/?s={search_term_string}"},"query-input":{"@type":"PropertyValueSpecification","valueRequired":true,"valueName":"search_term_string"}}],"inLanguage":"en-US"},{"@type":"Organization","@id":"https:\/\/www.topdesk.com\/pt\/#organization","name":"TOPdesk","url":"https:\/\/www.topdesk.com\/pt\/","logo":{"@type":"ImageObject","inLanguage":"en-US","@id":"https:\/\/www.topdesk.com\/pt\/#\/schema\/logo\/image\/","url":"https:\/\/www.topdesk.com\/pt\/wp-content\/media\/sites\/41\/TOPdesk_RGB_Logo.svg","contentUrl":"https:\/\/www.topdesk.com\/pt\/wp-content\/media\/sites\/41\/TOPdesk_RGB_Logo.svg","width":1,"height":1,"caption":"TOPdesk"},"image":{"@id":"https:\/\/www.topdesk.com\/pt\/#\/schema\/logo\/image\/"},"sameAs":["https:\/\/www.facebook.com\/TOPdesk\/","https:\/\/x.com\/topdesk","https:\/\/www.instagram.com\/topdeskuk\/","https:\/\/www.linkedin.com\/company\/topdesk\/","https:\/\/www.youtube.com\/user\/topdesk","https:\/\/en.wikipedia.org\/wiki\/TOPdesk"]}]}},"_links":{"self":[{"href":"https:\/\/www.topdesk.com\/pt\/wp-json\/wp\/v2\/pages\/37353","targetHints":{"allow":["GET"]}}],"collection":[{"href":"https:\/\/www.topdesk.com\/pt\/wp-json\/wp\/v2\/pages"}],"about":[{"href":"https:\/\/www.topdesk.com\/pt\/wp-json\/wp\/v2\/types\/page"}],"author":[{"embeddable":true,"href":"https:\/\/www.topdesk.com\/pt\/wp-json\/wp\/v2\/users\/1"}],"replies":[{"embeddable":true,"href":"https:\/\/www.topdesk.com\/pt\/wp-json\/wp\/v2\/comments?post=37353"}],"version-history":[{"count":10,"href":"https:\/\/www.topdesk.com\/pt\/wp-json\/wp\/v2\/pages\/37353\/revisions"}],"predecessor-version":[{"id":38568,"href":"https:\/\/www.topdesk.com\/pt\/wp-json\/wp\/v2\/pages\/37353\/revisions\/38568"}],"up":[{"embeddable":true,"href":"https:\/\/www.topdesk.com\/pt\/wp-json\/wp\/v2\/pages\/37347"}],"wp:featuredmedia":[{"embeddable":true,"href":"https:\/\/www.topdesk.com\/pt\/wp-json\/wp\/v2\/media\/36972"}],"wp:attachment":[{"href":"https:\/\/www.topdesk.com\/pt\/wp-json\/wp\/v2\/media?parent=37353"}],"curies":[{"name":"wp","href":"https:\/\/api.w.org\/{rel}","templated":true}]}}