{"id":38334,"date":"2025-07-11T04:30:07","date_gmt":"2025-07-11T07:30:07","guid":{"rendered":"https:\/\/www.topdesk.com\/pt\/?page_id=38334"},"modified":"2025-09-08T08:55:46","modified_gmt":"2025-09-08T11:55:46","slug":"suporte-omnichannel","status":"publish","type":"page","link":"https:\/\/www.topdesk.com\/pt\/suporte-omnichannel\/","title":{"rendered":"Suporte omnichannel"},"content":{"rendered":"","protected":false},"excerpt":{"rendered":"","protected":false},"author":9,"featured_media":38247,"parent":0,"menu_order":0,"comment_status":"closed","ping_status":"closed","template":"top-flex-full-width.php","meta":{"_acf_changed":false,"_searchwp_excluded":"","inline_featured_image":false,"editor_notices":[],"footnotes":""},"class_list":["post-38334","page","type-page","status-publish","has-post-thumbnail","hentry"],"acf":[],"yoast_head":"<!-- This site is optimized with the Yoast SEO Premium plugin v27.0 (Yoast SEO v27.0) - https:\/\/yoast.com\/product\/yoast-seo-premium-wordpress\/ -->\n<title>Suporte Omnichannel: Satisfa\u00e7\u00e3o Garantida | TOPdesk<\/title>\n<meta name=\"description\" content=\"Ofere\u00e7a suporte omnichannel aos seus clientes. Descubra como nossa plataforma pode melhorar a comunica\u00e7\u00e3o e satisfa\u00e7\u00e3o do cliente. Acesse!\" \/>\n<meta name=\"robots\" content=\"index, follow, max-snippet:-1, max-image-preview:large, max-video-preview:-1\" \/>\n<link rel=\"canonical\" href=\"https:\/\/www.topdesk.com\/pt\/suporte-omnichannel\/\" \/>\n<meta property=\"og:locale\" content=\"en_US\" \/>\n<meta property=\"og:type\" content=\"article\" \/>\n<meta property=\"og:title\" content=\"Suporte omnichannel | Melhor suporte, clientes mais satisfeitos | TOPdesk\" \/>\n<meta property=\"og:description\" content=\"Ofere\u00e7a suporte omnichannel aos seus clientes. Descubra como nossa plataforma pode melhorar a comunica\u00e7\u00e3o e satisfa\u00e7\u00e3o do cliente. Acesse!\" \/>\n<meta property=\"og:url\" content=\"https:\/\/www.topdesk.com\/pt\/suporte-omnichannel\/\" \/>\n<meta property=\"og:site_name\" content=\"T2 TOPdesk - PT\" \/>\n<meta property=\"article:publisher\" content=\"https:\/\/www.facebook.com\/TOPdesk\/\" \/>\n<meta property=\"article:modified_time\" content=\"2025-09-08T11:55:46+00:00\" \/>\n<meta property=\"og:image\" content=\"https:\/\/www.topdesk.com\/pt\/wp-content\/media\/sites\/41\/featured-image-omnichannel-support.jpg\" \/>\n\t<meta property=\"og:image:width\" content=\"1200\" \/>\n\t<meta property=\"og:image:height\" content=\"629\" \/>\n\t<meta property=\"og:image:type\" content=\"image\/jpeg\" \/>\n<meta name=\"twitter:card\" content=\"summary_large_image\" \/>\n<meta name=\"twitter:site\" content=\"@topdesk\" \/>\n<meta name=\"twitter:label1\" content=\"Est. reading time\" \/>\n\t<meta name=\"twitter:data1\" content=\"5 minutes\" \/>\n<script type=\"application\/ld+json\" class=\"yoast-schema-graph\">{\"@context\":\"https:\/\/schema.org\",\"@graph\":[{\"@type\":\"WebPage\",\"@id\":\"https:\/\/www.topdesk.com\/pt\/suporte-omnichannel\/\",\"url\":\"https:\/\/www.topdesk.com\/pt\/suporte-omnichannel\/\",\"name\":\"Suporte Omnichannel: Satisfa\u00e7\u00e3o Garantida | TOPdesk\",\"isPartOf\":{\"@id\":\"https:\/\/www.topdesk.com\/pt\/#website\"},\"primaryImageOfPage\":{\"@id\":\"https:\/\/www.topdesk.com\/pt\/suporte-omnichannel\/#primaryimage\"},\"image\":{\"@id\":\"https:\/\/www.topdesk.com\/pt\/suporte-omnichannel\/#primaryimage\"},\"thumbnailUrl\":\"https:\/\/www.topdesk.com\/pt\/wp-content\/media\/sites\/41\/featured-image-omnichannel-support.jpg\",\"datePublished\":\"2025-07-11T07:30:07+00:00\",\"dateModified\":\"2025-09-08T11:55:46+00:00\",\"description\":\"Ofere\u00e7a suporte omnichannel aos seus clientes. Descubra como nossa plataforma pode melhorar a comunica\u00e7\u00e3o e satisfa\u00e7\u00e3o do cliente. Acesse!\",\"breadcrumb\":{\"@id\":\"https:\/\/www.topdesk.com\/pt\/suporte-omnichannel\/#breadcrumb\"},\"inLanguage\":\"en-US\",\"potentialAction\":[{\"@type\":\"ReadAction\",\"target\":[\"https:\/\/www.topdesk.com\/pt\/suporte-omnichannel\/\"]}]},{\"@type\":\"ImageObject\",\"inLanguage\":\"en-US\",\"@id\":\"https:\/\/www.topdesk.com\/pt\/suporte-omnichannel\/#primaryimage\",\"url\":\"https:\/\/www.topdesk.com\/pt\/wp-content\/media\/sites\/41\/featured-image-omnichannel-support.jpg\",\"contentUrl\":\"https:\/\/www.topdesk.com\/pt\/wp-content\/media\/sites\/41\/featured-image-omnichannel-support.jpg\",\"width\":1200,\"height\":629},{\"@type\":\"BreadcrumbList\",\"@id\":\"https:\/\/www.topdesk.com\/pt\/suporte-omnichannel\/#breadcrumb\",\"itemListElement\":[{\"@type\":\"ListItem\",\"position\":1,\"name\":\"Home\",\"item\":\"https:\/\/www.topdesk.com\/pt\/\"},{\"@type\":\"ListItem\",\"position\":2,\"name\":\"Suporte omnichannel\"}]},{\"@type\":\"WebSite\",\"@id\":\"https:\/\/www.topdesk.com\/pt\/#website\",\"url\":\"https:\/\/www.topdesk.com\/pt\/\",\"name\":\"TOPdesk\",\"description\":\"\",\"publisher\":{\"@id\":\"https:\/\/www.topdesk.com\/pt\/#organization\"},\"potentialAction\":[{\"@type\":\"SearchAction\",\"target\":{\"@type\":\"EntryPoint\",\"urlTemplate\":\"https:\/\/www.topdesk.com\/pt\/?s={search_term_string}\"},\"query-input\":{\"@type\":\"PropertyValueSpecification\",\"valueRequired\":true,\"valueName\":\"search_term_string\"}}],\"inLanguage\":\"en-US\"},{\"@type\":\"Organization\",\"@id\":\"https:\/\/www.topdesk.com\/pt\/#organization\",\"name\":\"TOPdesk\",\"url\":\"https:\/\/www.topdesk.com\/pt\/\",\"logo\":{\"@type\":\"ImageObject\",\"inLanguage\":\"en-US\",\"@id\":\"https:\/\/www.topdesk.com\/pt\/#\/schema\/logo\/image\/\",\"url\":\"https:\/\/www.topdesk.com\/pt\/wp-content\/media\/sites\/41\/TOPdesk_RGB_Logo.svg\",\"contentUrl\":\"https:\/\/www.topdesk.com\/pt\/wp-content\/media\/sites\/41\/TOPdesk_RGB_Logo.svg\",\"width\":1,\"height\":1,\"caption\":\"TOPdesk\"},\"image\":{\"@id\":\"https:\/\/www.topdesk.com\/pt\/#\/schema\/logo\/image\/\"},\"sameAs\":[\"https:\/\/www.facebook.com\/TOPdesk\/\",\"https:\/\/x.com\/topdesk\",\"https:\/\/www.instagram.com\/topdeskuk\/\",\"https:\/\/www.linkedin.com\/company\/topdesk\/\",\"https:\/\/www.youtube.com\/user\/topdesk\",\"https:\/\/en.wikipedia.org\/wiki\/TOPdesk\"]}]}<\/script>\n<!-- \/ Yoast SEO Premium plugin. -->","yoast_head_json":{"title":"Suporte Omnichannel: Satisfa\u00e7\u00e3o Garantida | TOPdesk","description":"Ofere\u00e7a suporte omnichannel aos seus clientes. Descubra como nossa plataforma pode melhorar a comunica\u00e7\u00e3o e satisfa\u00e7\u00e3o do cliente. Acesse!","robots":{"index":"index","follow":"follow","max-snippet":"max-snippet:-1","max-image-preview":"max-image-preview:large","max-video-preview":"max-video-preview:-1"},"canonical":"https:\/\/www.topdesk.com\/pt\/suporte-omnichannel\/","og_locale":"en_US","og_type":"article","og_title":"Suporte omnichannel | Melhor suporte, clientes mais satisfeitos | TOPdesk","og_description":"Ofere\u00e7a suporte omnichannel aos seus clientes. Descubra como nossa plataforma pode melhorar a comunica\u00e7\u00e3o e satisfa\u00e7\u00e3o do cliente. Acesse!","og_url":"https:\/\/www.topdesk.com\/pt\/suporte-omnichannel\/","og_site_name":"T2 TOPdesk - PT","article_publisher":"https:\/\/www.facebook.com\/TOPdesk\/","article_modified_time":"2025-09-08T11:55:46+00:00","og_image":[{"width":1200,"height":629,"url":"https:\/\/www.topdesk.com\/pt\/wp-content\/media\/sites\/41\/featured-image-omnichannel-support.jpg","type":"image\/jpeg"}],"twitter_card":"summary_large_image","twitter_site":"@topdesk","twitter_misc":{"Est. reading time":"5 minutes"},"schema":{"@context":"https:\/\/schema.org","@graph":[{"@type":"WebPage","@id":"https:\/\/www.topdesk.com\/pt\/suporte-omnichannel\/","url":"https:\/\/www.topdesk.com\/pt\/suporte-omnichannel\/","name":"Suporte Omnichannel: Satisfa\u00e7\u00e3o Garantida | TOPdesk","isPartOf":{"@id":"https:\/\/www.topdesk.com\/pt\/#website"},"primaryImageOfPage":{"@id":"https:\/\/www.topdesk.com\/pt\/suporte-omnichannel\/#primaryimage"},"image":{"@id":"https:\/\/www.topdesk.com\/pt\/suporte-omnichannel\/#primaryimage"},"thumbnailUrl":"https:\/\/www.topdesk.com\/pt\/wp-content\/media\/sites\/41\/featured-image-omnichannel-support.jpg","datePublished":"2025-07-11T07:30:07+00:00","dateModified":"2025-09-08T11:55:46+00:00","description":"Ofere\u00e7a suporte omnichannel aos seus clientes. Descubra como nossa plataforma pode melhorar a comunica\u00e7\u00e3o e satisfa\u00e7\u00e3o do cliente. Acesse!","breadcrumb":{"@id":"https:\/\/www.topdesk.com\/pt\/suporte-omnichannel\/#breadcrumb"},"inLanguage":"en-US","potentialAction":[{"@type":"ReadAction","target":["https:\/\/www.topdesk.com\/pt\/suporte-omnichannel\/"]}]},{"@type":"ImageObject","inLanguage":"en-US","@id":"https:\/\/www.topdesk.com\/pt\/suporte-omnichannel\/#primaryimage","url":"https:\/\/www.topdesk.com\/pt\/wp-content\/media\/sites\/41\/featured-image-omnichannel-support.jpg","contentUrl":"https:\/\/www.topdesk.com\/pt\/wp-content\/media\/sites\/41\/featured-image-omnichannel-support.jpg","width":1200,"height":629},{"@type":"BreadcrumbList","@id":"https:\/\/www.topdesk.com\/pt\/suporte-omnichannel\/#breadcrumb","itemListElement":[{"@type":"ListItem","position":1,"name":"Home","item":"https:\/\/www.topdesk.com\/pt\/"},{"@type":"ListItem","position":2,"name":"Suporte omnichannel"}]},{"@type":"WebSite","@id":"https:\/\/www.topdesk.com\/pt\/#website","url":"https:\/\/www.topdesk.com\/pt\/","name":"TOPdesk","description":"","publisher":{"@id":"https:\/\/www.topdesk.com\/pt\/#organization"},"potentialAction":[{"@type":"SearchAction","target":{"@type":"EntryPoint","urlTemplate":"https:\/\/www.topdesk.com\/pt\/?s={search_term_string}"},"query-input":{"@type":"PropertyValueSpecification","valueRequired":true,"valueName":"search_term_string"}}],"inLanguage":"en-US"},{"@type":"Organization","@id":"https:\/\/www.topdesk.com\/pt\/#organization","name":"TOPdesk","url":"https:\/\/www.topdesk.com\/pt\/","logo":{"@type":"ImageObject","inLanguage":"en-US","@id":"https:\/\/www.topdesk.com\/pt\/#\/schema\/logo\/image\/","url":"https:\/\/www.topdesk.com\/pt\/wp-content\/media\/sites\/41\/TOPdesk_RGB_Logo.svg","contentUrl":"https:\/\/www.topdesk.com\/pt\/wp-content\/media\/sites\/41\/TOPdesk_RGB_Logo.svg","width":1,"height":1,"caption":"TOPdesk"},"image":{"@id":"https:\/\/www.topdesk.com\/pt\/#\/schema\/logo\/image\/"},"sameAs":["https:\/\/www.facebook.com\/TOPdesk\/","https:\/\/x.com\/topdesk","https:\/\/www.instagram.com\/topdeskuk\/","https:\/\/www.linkedin.com\/company\/topdesk\/","https:\/\/www.youtube.com\/user\/topdesk","https:\/\/en.wikipedia.org\/wiki\/TOPdesk"]}]}},"_links":{"self":[{"href":"https:\/\/www.topdesk.com\/pt\/wp-json\/wp\/v2\/pages\/38334","targetHints":{"allow":["GET"]}}],"collection":[{"href":"https:\/\/www.topdesk.com\/pt\/wp-json\/wp\/v2\/pages"}],"about":[{"href":"https:\/\/www.topdesk.com\/pt\/wp-json\/wp\/v2\/types\/page"}],"author":[{"embeddable":true,"href":"https:\/\/www.topdesk.com\/pt\/wp-json\/wp\/v2\/users\/9"}],"replies":[{"embeddable":true,"href":"https:\/\/www.topdesk.com\/pt\/wp-json\/wp\/v2\/comments?post=38334"}],"version-history":[{"count":7,"href":"https:\/\/www.topdesk.com\/pt\/wp-json\/wp\/v2\/pages\/38334\/revisions"}],"predecessor-version":[{"id":39018,"href":"https:\/\/www.topdesk.com\/pt\/wp-json\/wp\/v2\/pages\/38334\/revisions\/39018"}],"wp:featuredmedia":[{"embeddable":true,"href":"https:\/\/www.topdesk.com\/pt\/wp-json\/wp\/v2\/media\/38247"}],"wp:attachment":[{"href":"https:\/\/www.topdesk.com\/pt\/wp-json\/wp\/v2\/media?parent=38334"}],"curies":[{"name":"wp","href":"https:\/\/api.w.org\/{rel}","templated":true}]}}